{"id":716,"date":"2024-10-08T16:12:35","date_gmt":"2024-10-08T15:12:35","guid":{"rendered":"https:\/\/holybodies.uevora.pt\/?page_id=716"},"modified":"2025-04-14T12:14:50","modified_gmt":"2025-04-14T11:14:50","slug":"educational-projects","status":"publish","type":"page","link":"https:\/\/holybodies.uevora.pt\/pt\/educational-projects","title":{"rendered":"Projetos educacionais"},"content":{"rendered":"<p class=\"has-contrast-2-color has-text-color has-link-color has-large-font-size wp-elements-503aaff63a958cc9f900727e11e01ff5\" style=\"font-style:normal;font-weight:600;letter-spacing:4px\">Projetos educacionais<\/p>\n\n\n\n<p class=\"has-text-align-left has-contrast-2-color has-text-color has-link-color has-medium-font-size wp-elements-6cf12d1a3173c39875871c8dd8e0218f\" style=\"font-style:normal;font-weight:600;letter-spacing:2px\">\u2013 Atividades da Semana da Ci\u00eancia e da Tecnologia<\/p>\n\n\n<div class=\"wp-block-image\">\n<figure class=\"aligncenter size-large is-resized\"><img loading=\"lazy\" decoding=\"async\" width=\"1024\" height=\"1024\" src=\"https:\/\/holybodies.uevora.pt\/wp-content\/uploads\/2024\/12\/2-2-1024x1024.png\" alt=\"\" class=\"wp-image-1349\" style=\"width:348px;height:auto\" srcset=\"https:\/\/holybodies.uevora.pt\/wp-content\/uploads\/2024\/12\/2-2-1024x1024.png 1024w, https:\/\/holybodies.uevora.pt\/wp-content\/uploads\/2024\/12\/2-2-300x300.png 300w, https:\/\/holybodies.uevora.pt\/wp-content\/uploads\/2024\/12\/2-2-150x150.png 150w, https:\/\/holybodies.uevora.pt\/wp-content\/uploads\/2024\/12\/2-2-768x768.png 768w, https:\/\/holybodies.uevora.pt\/wp-content\/uploads\/2024\/12\/2-2-12x12.png 12w, https:\/\/holybodies.uevora.pt\/wp-content\/uploads\/2024\/12\/2-2.png 1080w\" sizes=\"auto, (max-width: 1024px) 100vw, 1024px\" \/><\/figure>\n<\/div>\n\n\n<p><br><\/p>\n\n\n\n<p class=\"has-medium-font-size\">O Holy Bodies organizou um workshop no \u00e2mbito das atividades da Semana da Ci\u00eancia e da Tecnologia, uma iniciativa <a href=\"https:\/\/www.cienciaviva.pt\/\">Ci\u00eancia Viva<\/a>: <em>ci\u00eancia e \u2018corpi santi<\/em>&#8216;: <em>um olhar ampliado<\/em> \u2014 no Laborat\u00f3rio HERCULES (Universidade de \u00c9vora). <\/p>\n\n\n\n<p class=\"has-medium-font-size\">Nesta atividade, os participantes tiveram oportunidade de assistir a um pequeno document\u00e1rio sobre os <em>corpi santi<\/em> e o projeto Holy Bodies. De seguida, analisaram amostras destes <em>corpi santi<\/em> (por exemplo, fragmentos da sua estrutura, elementos decorativos e t\u00eaxteis) atrav\u00e9s de microscopia digital e exploraram outras t\u00e9cnicas anal\u00edticas, como a microscopia eletr\u00f3nica de varrimento com espectroscopia de raios X dispersiva de energia (SEM-EDS), que permite estudar detalhes da topologia e morfologia das amostras, bem como realizar an\u00e1lises qu\u00edmicas. Foi ainda realizada uma atividade demonstrativa de digitaliza\u00e7\u00e3o 3D.<\/p>\n\n\n\n<p><br><\/p>\n\n\n\n<p class=\"has-text-align-left has-contrast-2-color has-text-color has-link-color has-medium-font-size wp-elements-773b4d0f7613d29715d5027459937f8c\" style=\"font-style:normal;font-weight:600;letter-spacing:2px\">\u2013 Ci\u00eancia Viva no Laborat\u00f3rio 2024<\/p>\n\n\n<div class=\"wp-block-image\">\n<figure class=\"aligncenter size-large is-resized\"><img loading=\"lazy\" decoding=\"async\" width=\"1024\" height=\"1024\" src=\"https:\/\/holybodies.uevora.pt\/wp-content\/uploads\/2024\/10\/CV2024_HB_instagram-1024x1024.png\" alt=\"\" class=\"wp-image-927\" style=\"width:316px;height:auto\" srcset=\"https:\/\/holybodies.uevora.pt\/wp-content\/uploads\/2024\/10\/CV2024_HB_instagram-1024x1024.png 1024w, https:\/\/holybodies.uevora.pt\/wp-content\/uploads\/2024\/10\/CV2024_HB_instagram-300x300.png 300w, https:\/\/holybodies.uevora.pt\/wp-content\/uploads\/2024\/10\/CV2024_HB_instagram-150x150.png 150w, https:\/\/holybodies.uevora.pt\/wp-content\/uploads\/2024\/10\/CV2024_HB_instagram-768x768.png 768w, https:\/\/holybodies.uevora.pt\/wp-content\/uploads\/2024\/10\/CV2024_HB_instagram-12x12.png 12w, https:\/\/holybodies.uevora.pt\/wp-content\/uploads\/2024\/10\/CV2024_HB_instagram.png 1080w\" sizes=\"auto, (max-width: 1024px) 100vw, 1024px\" \/><\/figure>\n<\/div>\n\n\n<p><br><\/p>\n\n\n\n<p class=\"has-medium-font-size\">Entre os dias 8 e 12 de julho, alunos do ensino secund\u00e1rio participaram na iniciativa Ci\u00eancia Viva no Laborat\u00f3rio, <em>&#8220;<\/em>Holy Bodies | Rel\u00edquias Vistas pelos Olhos dos Cientistas<em>&#8220;<\/em> , promovida no Laborat\u00f3rio HERCULES da Universidade de \u00c9vora.<\/p>\n\n\n\n<p class=\"has-medium-font-size\">O programa ofereceu um conjunto diversificado de atividades, que incluiu visitas a simulacros de <em>corpi santi<\/em>\u2014 rel\u00edquias \u00f3sseas dos m\u00e1rtires das catacumbas romanas \u2014 acompanhadas por uma contextualiza\u00e7\u00e3o hist\u00f3rica-art\u00edstica destes exemplares. Os alunos realizaram an\u00e1lises osteol\u00f3gicas, estudos laboratoriais de car\u00e1cter qu\u00edmico e morfol\u00f3gico de materiais associados \u00e0s rel\u00edquias (como t\u00eaxteis, papel e contas), e participaram numa sess\u00e3o de an\u00e1lise paleogr\u00e1fica durante a visita \u00e0 Biblioteca P\u00fablica de \u00c9vora. A semana incluiu ainda uma visita ao Convento dos Rem\u00e9dios, que possui uma vasta cole\u00e7\u00e3o de rel\u00edquias, onde os participantes puderam aplicar tecnologia de digitaliza\u00e7\u00e3o 3D como ferramenta de preserva\u00e7\u00e3o e valoriza\u00e7\u00e3o patrimonial.<\/p>\n\n\n\n<p class=\"has-medium-font-size\">Ant\u00f3nio, Diana, Gil e Miguel \u2014 alunos do ensino secund\u00e1rio oriundos de v\u00e1rias regi\u00f5es do pa\u00eds \u2014 viveram uma experi\u00eancia pr\u00e1tica, imersiva e multidisciplinar. Ao longo da semana, tiveram contacto com a antropologia biol\u00f3gica, iniciaram-se nos fundamentos da paleografia, prepararam amostras e trabalharam com equipamentos laboratoriais especializados. Para al\u00e9m disso, visitaram simulacros em Lisboa e experimentaram t\u00e9cnicas avan\u00e7adas de digitaliza\u00e7\u00e3o 3D aplicadas a relic\u00e1rios.<\/p>\n\n\n\n<p class=\"has-medium-font-size\">Foi, sem d\u00favida, uma experi\u00eancia inesquec\u00edvel! Um agradecimento muito especial \u00e0 equipa do projeto Holy Bodies!<\/p>\n\n\n\n<p><br><\/p>\n\n\n\n<figure class=\"wp-block-video\"><video height=\"1080\" style=\"aspect-ratio: 1080 \/ 1080;\" width=\"1080\" autoplay controls loop src=\"https:\/\/holybodies.uevora.pt\/wp-content\/uploads\/2025\/03\/cienciaviva2024_video.mp4\"><\/video><\/figure>\n\n\n\n<p><br><br><\/p>\n\n\n\n<p class=\"has-contrast-2-color has-text-color has-link-color has-medium-font-size wp-elements-981bbeb0ea336e243bdbefffcd13d2f9\" style=\"font-style:normal;font-weight:600;letter-spacing:2px\">\u2013 Ci\u00eancia Viva no Laborat\u00f3rio 2023<\/p>\n\n\n<div class=\"wp-block-image\">\n<figure class=\"aligncenter size-large is-resized\"><img loading=\"lazy\" decoding=\"async\" width=\"1024\" height=\"1024\" src=\"https:\/\/holybodies.uevora.pt\/wp-content\/uploads\/2024\/10\/CV-HB-1024x1024.png\" alt=\"\" class=\"wp-image-926\" style=\"width:316px\" srcset=\"https:\/\/holybodies.uevora.pt\/wp-content\/uploads\/2024\/10\/CV-HB-1024x1024.png 1024w, https:\/\/holybodies.uevora.pt\/wp-content\/uploads\/2024\/10\/CV-HB-300x300.png 300w, https:\/\/holybodies.uevora.pt\/wp-content\/uploads\/2024\/10\/CV-HB-150x150.png 150w, https:\/\/holybodies.uevora.pt\/wp-content\/uploads\/2024\/10\/CV-HB-768x768.png 768w, https:\/\/holybodies.uevora.pt\/wp-content\/uploads\/2024\/10\/CV-HB-12x12.png 12w, https:\/\/holybodies.uevora.pt\/wp-content\/uploads\/2024\/10\/CV-HB.png 1080w\" sizes=\"auto, (max-width: 1024px) 100vw, 1024px\" \/><\/figure>\n<\/div>\n\n\n<p><\/p>\n\n\n\n<p class=\"has-medium-font-size\">Entre os dias 10 e 14 de julho, tr\u00eas estudantes de licenciatura participaram na edi\u00e7\u00e3o de 2023 do HB Ci\u00eancia Viva no Laborat\u00f3rio. Durante esta semana, os alunos tiveram a oportunidade de realizar an\u00e1lises laboratoriais a amostras recolhidas dos <em>corpi santi<\/em> em estudo no \u00e2mbito deste projeto, recorrendo a diferentes t\u00e9cnicas anal\u00edticas, como espectroscopia de Infravermelho (IR) e Raman, microscopia digital e fluoresc\u00eancia de raios-X (XRF). Para al\u00e9m disso, foi tamb\u00e9m realizada a digitaliza\u00e7\u00e3o 3D nos relic\u00e1rios.<\/p>\n\n\n\n<p class=\"has-medium-font-size\">Foi, sem d\u00favida, uma semana cheia de ci\u00eancia!<\/p>\n\n\n\n<p><br><\/p>\n\n\n\n<figure class=\"wp-block-video\"><video height=\"1080\" style=\"aspect-ratio: 1080 \/ 1080;\" width=\"1080\" controls src=\"https:\/\/holybodies.uevora.pt\/wp-content\/uploads\/2024\/12\/cienciaviva2023-1.mp4\"><\/video><\/figure>","protected":false},"excerpt":{"rendered":"<p>Educational projects &#8211; Science and Technology Week activities The Holy Bodies organised a workshop as part of the Science and Technology Week activities, an initiative of Ci\u00eancia Viva: ci\u00eancia e &#8216;corpi santi&#8216;: um olhar ampliado \u2013 at the HERCULES Laboratory (University of \u00c9vora). In this activity, participants were able to watch a short documentary about &#8230; <a title=\"Projetos educacionais\" class=\"read-more\" href=\"https:\/\/holybodies.uevora.pt\/pt\/educational-projects\" aria-label=\"Leia mais sobre Educational projects\">Ler mais<\/a><\/p>","protected":false},"author":3,"featured_media":0,"parent":0,"menu_order":0,"comment_status":"closed","ping_status":"closed","template":"","meta":{"footnotes":""},"class_list":["post-716","page","type-page","status-publish"],"_links":{"self":[{"href":"https:\/\/holybodies.uevora.pt\/pt\/wp-json\/wp\/v2\/pages\/716","targetHints":{"allow":["GET"]}}],"collection":[{"href":"https:\/\/holybodies.uevora.pt\/pt\/wp-json\/wp\/v2\/pages"}],"about":[{"href":"https:\/\/holybodies.uevora.pt\/pt\/wp-json\/wp\/v2\/types\/page"}],"author":[{"embeddable":true,"href":"https:\/\/holybodies.uevora.pt\/pt\/wp-json\/wp\/v2\/users\/3"}],"replies":[{"embeddable":true,"href":"https:\/\/holybodies.uevora.pt\/pt\/wp-json\/wp\/v2\/comments?post=716"}],"version-history":[{"count":32,"href":"https:\/\/holybodies.uevora.pt\/pt\/wp-json\/wp\/v2\/pages\/716\/revisions"}],"predecessor-version":[{"id":2920,"href":"https:\/\/holybodies.uevora.pt\/pt\/wp-json\/wp\/v2\/pages\/716\/revisions\/2920"}],"wp:attachment":[{"href":"https:\/\/holybodies.uevora.pt\/pt\/wp-json\/wp\/v2\/media?parent=716"}],"curies":[{"name":"wp","href":"https:\/\/api.w.org\/{rel}","templated":true}]}}