{"id":701,"date":"2024-10-08T10:18:51","date_gmt":"2024-10-08T09:18:51","guid":{"rendered":"https:\/\/holybodies.uevora.pt\/?page_id=701"},"modified":"2025-04-11T15:41:43","modified_gmt":"2025-04-11T14:41:43","slug":"coimbras-campaign","status":"publish","type":"page","link":"https:\/\/holybodies.uevora.pt\/pt\/coimbras-campaign","title":{"rendered":"Campanha de Coimbra"},"content":{"rendered":"<div class=\"wp-block-cover aligncenter\" style=\"min-height:229px;aspect-ratio:unset;\"><span aria-hidden=\"true\" class=\"wp-block-cover__background has-background-dim\" style=\"background-color:#74634e\"><\/span><img loading=\"lazy\" decoding=\"async\" width=\"2560\" height=\"1714\" class=\"wp-block-cover__image-background wp-image-1724\" alt=\"\" src=\"https:\/\/holybodies.uevora.pt\/wp-content\/uploads\/2025\/01\/DSC_0226-scaled.jpg\" style=\"object-position:50% 58%\" data-object-fit=\"cover\" data-object-position=\"50% 58%\" srcset=\"https:\/\/holybodies.uevora.pt\/wp-content\/uploads\/2025\/01\/DSC_0226-scaled.jpg 2560w, https:\/\/holybodies.uevora.pt\/wp-content\/uploads\/2025\/01\/DSC_0226-300x201.jpg 300w, https:\/\/holybodies.uevora.pt\/wp-content\/uploads\/2025\/01\/DSC_0226-1024x685.jpg 1024w, https:\/\/holybodies.uevora.pt\/wp-content\/uploads\/2025\/01\/DSC_0226-768x514.jpg 768w, https:\/\/holybodies.uevora.pt\/wp-content\/uploads\/2025\/01\/DSC_0226-1536x1028.jpg 1536w, https:\/\/holybodies.uevora.pt\/wp-content\/uploads\/2025\/01\/DSC_0226-2048x1371.jpg 2048w, https:\/\/holybodies.uevora.pt\/wp-content\/uploads\/2025\/01\/DSC_0226-18x12.jpg 18w\" sizes=\"auto, (max-width: 2560px) 100vw, 2560px\" \/><div class=\"wp-block-cover__inner-container is-layout-flow wp-block-cover-is-layout-flow\">\n<p><\/p>\n\n\n\n<p class=\"has-text-align-center has-base-3-color has-text-color has-link-color has-large-font-size wp-elements-afe62090e567c25c739b175b1a0f8052\" style=\"font-style:normal;font-weight:600;letter-spacing:4px\">Campanha de Coimbra<\/p>\n<\/div><\/div>\n\n\n\n<p><br><br><\/p>\n\n\n\n<p class=\"has-text-align-left has-medium-font-size\" style=\"font-style:normal;font-weight:400;letter-spacing:1px\">Esta campanha teve lugar no Semin\u00e1rio Maior de Coimbra, onde fomos gentilmente acompanhados por Paulo Morgado. O Semin\u00e1rio conserva quatro simulacros<\/p>\n\n\n\n<p class=\"has-text-align-center has-medium-font-size\" style=\"font-style:normal;font-weight:400;letter-spacing:1px\"><strong>St Vicente<\/strong>, <strong>St Frutuoso<\/strong>, <strong>St Liberato<\/strong>, e <strong>St Fortunato<\/strong>.<\/p>\n\n\n\n<p class=\"has-text-align-center has-medium-font-size\" style=\"font-style:normal;font-weight:400;letter-spacing:1px\"><br><\/p>\n\n\n\n<p class=\"has-text-align-left has-medium-font-size\" style=\"font-style:normal;font-weight:400;letter-spacing:1px\">O <em>simulacrum<\/em> de St Vicente encontra-se na deslumbrante Capela de St Miguel do Semin\u00e1rio. St Frutuoso est\u00e1 exposto em destaque no altar-mor da igreja do Semin\u00e1rio. Por sua vez, os simulacros de St Liberato e de St Fortunato, que partilham not\u00e1veis semelhan\u00e7as t\u00e9cnicas e estil\u00edsticas, est\u00e3o posicionados nas capelas laterais da igreja \u2014 um do lado da Ep\u00edstola e o outro do lado do Evangelho<\/p>\n\n\n\n<p><\/p>\n\n\n\n<p><\/p>\n\n\n\n<p><br><br><\/p>\n\n\n\n<figure class=\"wp-block-gallery has-nested-images columns-default is-cropped wp-block-gallery-1 is-layout-flex wp-block-gallery-is-layout-flex\">\n<figure class=\"wp-block-image size-large is-style-rounded\"><img loading=\"lazy\" decoding=\"async\" width=\"1024\" height=\"771\" data-id=\"799\" src=\"https:\/\/holybodies.uevora.pt\/wp-content\/uploads\/2024\/10\/13-1024x771.jpeg\" alt=\"\" class=\"wp-image-799\" srcset=\"https:\/\/holybodies.uevora.pt\/wp-content\/uploads\/2024\/10\/13-1024x771.jpeg 1024w, https:\/\/holybodies.uevora.pt\/wp-content\/uploads\/2024\/10\/13-300x226.jpeg 300w, https:\/\/holybodies.uevora.pt\/wp-content\/uploads\/2024\/10\/13-768x578.jpeg 768w, https:\/\/holybodies.uevora.pt\/wp-content\/uploads\/2024\/10\/13-1536x1157.jpeg 1536w, https:\/\/holybodies.uevora.pt\/wp-content\/uploads\/2024\/10\/13-16x12.jpeg 16w, https:\/\/holybodies.uevora.pt\/wp-content\/uploads\/2024\/10\/13.jpeg 2040w\" sizes=\"auto, (max-width: 1024px) 100vw, 1024px\" \/><\/figure>\n\n\n\n<figure class=\"wp-block-image size-large is-style-rounded\"><img loading=\"lazy\" decoding=\"async\" width=\"1024\" height=\"771\" data-id=\"801\" src=\"https:\/\/holybodies.uevora.pt\/wp-content\/uploads\/2024\/10\/6-1024x771.jpeg\" alt=\"\" class=\"wp-image-801\" srcset=\"https:\/\/holybodies.uevora.pt\/wp-content\/uploads\/2024\/10\/6-1024x771.jpeg 1024w, https:\/\/holybodies.uevora.pt\/wp-content\/uploads\/2024\/10\/6-300x226.jpeg 300w, https:\/\/holybodies.uevora.pt\/wp-content\/uploads\/2024\/10\/6-768x578.jpeg 768w, https:\/\/holybodies.uevora.pt\/wp-content\/uploads\/2024\/10\/6-1536x1157.jpeg 1536w, https:\/\/holybodies.uevora.pt\/wp-content\/uploads\/2024\/10\/6-16x12.jpeg 16w, https:\/\/holybodies.uevora.pt\/wp-content\/uploads\/2024\/10\/6.jpeg 2040w\" sizes=\"auto, (max-width: 1024px) 100vw, 1024px\" \/><\/figure>\n\n\n\n<figure class=\"wp-block-image size-large is-style-rounded\"><img loading=\"lazy\" decoding=\"async\" width=\"1024\" height=\"768\" data-id=\"800\" src=\"https:\/\/holybodies.uevora.pt\/wp-content\/uploads\/2024\/10\/2-1024x768.jpeg\" alt=\"\" class=\"wp-image-800\" srcset=\"https:\/\/holybodies.uevora.pt\/wp-content\/uploads\/2024\/10\/2-1024x768.jpeg 1024w, https:\/\/holybodies.uevora.pt\/wp-content\/uploads\/2024\/10\/2-300x225.jpeg 300w, https:\/\/holybodies.uevora.pt\/wp-content\/uploads\/2024\/10\/2-768x576.jpeg 768w, https:\/\/holybodies.uevora.pt\/wp-content\/uploads\/2024\/10\/2-1536x1152.jpeg 1536w, https:\/\/holybodies.uevora.pt\/wp-content\/uploads\/2024\/10\/2-16x12.jpeg 16w, https:\/\/holybodies.uevora.pt\/wp-content\/uploads\/2024\/10\/2.jpeg 2000w\" sizes=\"auto, (max-width: 1024px) 100vw, 1024px\" \/><\/figure>\n<\/figure>\n\n\n\n<p><br><br><br><br><br><\/p>\n\n\n\n<p><\/p>\n\n\n\n<p class=\"has-text-align-center\" style=\"font-style:normal;font-weight:400;letter-spacing:2px\">Para informa\u00e7\u00f5es detalhadas, clique na imagem abaixo.<\/p>\n\n\n<div class=\"wp-block-image\">\n<figure class=\"aligncenter size-full\"><a href=\"https:\/\/holybodies.uevora.pt\/pt\/2361-2\/\"><img loading=\"lazy\" decoding=\"async\" width=\"741\" height=\"160\" src=\"https:\/\/holybodies.uevora.pt\/wp-content\/uploads\/2024\/10\/St-Vicente-Coimbra.png\" alt=\"\" class=\"wp-image-702\" srcset=\"https:\/\/holybodies.uevora.pt\/wp-content\/uploads\/2024\/10\/St-Vicente-Coimbra.png 741w, https:\/\/holybodies.uevora.pt\/wp-content\/uploads\/2024\/10\/St-Vicente-Coimbra-300x65.png 300w, https:\/\/holybodies.uevora.pt\/wp-content\/uploads\/2024\/10\/St-Vicente-Coimbra-18x4.png 18w\" sizes=\"auto, (max-width: 741px) 100vw, 741px\" \/><\/a><\/figure>\n<\/div>\n\n\n<p><\/p>","protected":false},"excerpt":{"rendered":"<p>This campaign took place at the Major Seminary of Coimbra, where we were kindly accompanied by Paulo Morgado. The Seminary houses four simulacra St Vicente, St Frutuoso, St Liberato, and St Fortunato. The simulacrum of St Vicente is housed in the stunning Capela de St Miguel of the Seminary. St Frutuoso is prominently displayed at &#8230; <a title=\"Coimbra&#8217;s campaign\" class=\"read-more\" href=\"https:\/\/holybodies.uevora.pt\/pt\/coimbras-campaign\" aria-label=\"Leia mais sobre Coimbra&#8217;s campaign\">Ler mais<\/a><\/p>","protected":false},"author":3,"featured_media":0,"parent":0,"menu_order":0,"comment_status":"closed","ping_status":"closed","template":"","meta":{"footnotes":""},"class_list":["post-701","page","type-page","status-publish"],"_links":{"self":[{"href":"https:\/\/holybodies.uevora.pt\/pt\/wp-json\/wp\/v2\/pages\/701","targetHints":{"allow":["GET"]}}],"collection":[{"href":"https:\/\/holybodies.uevora.pt\/pt\/wp-json\/wp\/v2\/pages"}],"about":[{"href":"https:\/\/holybodies.uevora.pt\/pt\/wp-json\/wp\/v2\/types\/page"}],"author":[{"embeddable":true,"href":"https:\/\/holybodies.uevora.pt\/pt\/wp-json\/wp\/v2\/users\/3"}],"replies":[{"embeddable":true,"href":"https:\/\/holybodies.uevora.pt\/pt\/wp-json\/wp\/v2\/comments?post=701"}],"version-history":[{"count":42,"href":"https:\/\/holybodies.uevora.pt\/pt\/wp-json\/wp\/v2\/pages\/701\/revisions"}],"predecessor-version":[{"id":2854,"href":"https:\/\/holybodies.uevora.pt\/pt\/wp-json\/wp\/v2\/pages\/701\/revisions\/2854"}],"wp:attachment":[{"href":"https:\/\/holybodies.uevora.pt\/pt\/wp-json\/wp\/v2\/media?parent=701"}],"curies":[{"name":"wp","href":"https:\/\/api.w.org\/{rel}","templated":true}]}}