{"id":684,"date":"2024-10-08T10:19:04","date_gmt":"2024-10-08T09:19:04","guid":{"rendered":"https:\/\/holybodies.uevora.pt\/?page_id=684"},"modified":"2026-02-20T15:43:47","modified_gmt":"2026-02-20T14:43:47","slug":"portos-campaign","status":"publish","type":"page","link":"https:\/\/holybodies.uevora.pt\/pt\/portos-campaign","title":{"rendered":"Campanha do Porto"},"content":{"rendered":"<div class=\"wp-block-cover aligncenter\" style=\"min-height:243px;aspect-ratio:unset;\"><img loading=\"lazy\" decoding=\"async\" width=\"1024\" height=\"576\" class=\"wp-block-cover__image-background wp-image-1547\" alt=\"\" src=\"https:\/\/holybodies.uevora.pt\/wp-content\/uploads\/2024\/12\/C0087T01-1024x576.jpg\" style=\"object-position:55% 63%\" data-object-fit=\"cover\" data-object-position=\"55% 63%\" srcset=\"https:\/\/holybodies.uevora.pt\/wp-content\/uploads\/2024\/12\/C0087T01-1024x576.jpg 1024w, https:\/\/holybodies.uevora.pt\/wp-content\/uploads\/2024\/12\/C0087T01-300x169.jpg 300w, https:\/\/holybodies.uevora.pt\/wp-content\/uploads\/2024\/12\/C0087T01-768x432.jpg 768w, https:\/\/holybodies.uevora.pt\/wp-content\/uploads\/2024\/12\/C0087T01-18x10.jpg 18w, https:\/\/holybodies.uevora.pt\/wp-content\/uploads\/2024\/12\/C0087T01.jpg 1280w\" sizes=\"auto, (max-width: 1024px) 100vw, 1024px\" \/><span aria-hidden=\"true\" class=\"wp-block-cover__background has-background-dim-30 has-background-dim\"><\/span><div class=\"wp-block-cover__inner-container is-layout-flow wp-block-cover-is-layout-flow\">\n<p><\/p>\n\n\n\n<p class=\"has-text-align-center has-base-3-color has-text-color has-link-color has-large-font-size wp-elements-3a05994bd717144bf8e9a5bfa7bfa2f9\" style=\"font-style:normal;font-weight:600;letter-spacing:4px\">Campanha do Porto<\/p>\n<\/div><\/div>\n\n\n\n<p class=\"has-text-align-left\"><br><br><\/p>\n\n\n\n<p class=\"has-text-align-left has-medium-font-size\">Esta campanha teve lugar em junho de 2024, em tr\u00eas igrejas localizadas no centro hist\u00f3rico do Porto. No total, foram analisados cinco simulacros<\/p>\n\n\n\n<ul class=\"wp-block-list\">\n<li class=\"has-medium-font-size\"><strong>St Clemente<\/strong>, <strong>St Eug\u00e9nio<\/strong> e <strong>St Severino<\/strong> \u2013 Igreja de St Ant\u00f3nio dos Congregados<\/li>\n\n\n\n<li class=\"has-medium-font-size\"><strong>St Vicente<\/strong> \u2013 Igreja Paroquial de St Nicolau<\/li>\n\n\n\n<li class=\"has-medium-font-size\"><strong>St Vit\u00f3ria<\/strong> \u2013 Igreja de Nossa Senhora da Lapa<\/li>\n<\/ul>\n\n\n\n<p><br><\/p>\n\n\n\n<p class=\"has-text-align-left has-medium-font-size\">Infelizmente, <strong>St Clemente<\/strong> \u00e9 o \u00fanico <em>simulacrum<\/em> deste conjunto que ainda conserva o documento de autentica\u00e7\u00e3o que confirma a proveni\u00eancia das rel\u00edquias das catacumbas de Roma.<\/p>\n\n\n\n<p><br><br><\/p>\n\n\n\n<div class=\"wp-block-group is-horizontal is-content-justification-center is-nowrap is-layout-flex wp-container-core-group-is-layout-c1dfda1e wp-block-group-is-layout-flex\">\n<figure class=\"wp-block-image size-large is-resized is-style-rounded\"><img loading=\"lazy\" decoding=\"async\" width=\"768\" height=\"1024\" src=\"https:\/\/holybodies.uevora.pt\/wp-content\/uploads\/2024\/12\/20240618_155409-768x1024.jpg\" alt=\"\" class=\"wp-image-1545\" style=\"width:300px\" srcset=\"https:\/\/holybodies.uevora.pt\/wp-content\/uploads\/2024\/12\/20240618_155409-768x1024.jpg 768w, https:\/\/holybodies.uevora.pt\/wp-content\/uploads\/2024\/12\/20240618_155409-225x300.jpg 225w, https:\/\/holybodies.uevora.pt\/wp-content\/uploads\/2024\/12\/20240618_155409-1152x1536.jpg 1152w, https:\/\/holybodies.uevora.pt\/wp-content\/uploads\/2024\/12\/20240618_155409-1536x2048.jpg 1536w, https:\/\/holybodies.uevora.pt\/wp-content\/uploads\/2024\/12\/20240618_155409-9x12.jpg 9w, https:\/\/holybodies.uevora.pt\/wp-content\/uploads\/2024\/12\/20240618_155409-scaled.jpg 1920w\" sizes=\"auto, (max-width: 768px) 100vw, 768px\" \/><\/figure>\n\n\n\n<figure class=\"wp-block-image size-large is-resized is-style-rounded\"><img loading=\"lazy\" decoding=\"async\" width=\"768\" height=\"1024\" src=\"https:\/\/holybodies.uevora.pt\/wp-content\/uploads\/2025\/01\/20240617_151521-768x1024.jpg\" alt=\"\" class=\"wp-image-1835\" style=\"width:300px\" srcset=\"https:\/\/holybodies.uevora.pt\/wp-content\/uploads\/2025\/01\/20240617_151521-768x1024.jpg 768w, https:\/\/holybodies.uevora.pt\/wp-content\/uploads\/2025\/01\/20240617_151521-225x300.jpg 225w, https:\/\/holybodies.uevora.pt\/wp-content\/uploads\/2025\/01\/20240617_151521-1152x1536.jpg 1152w, https:\/\/holybodies.uevora.pt\/wp-content\/uploads\/2025\/01\/20240617_151521-1536x2048.jpg 1536w, https:\/\/holybodies.uevora.pt\/wp-content\/uploads\/2025\/01\/20240617_151521-9x12.jpg 9w, https:\/\/holybodies.uevora.pt\/wp-content\/uploads\/2025\/01\/20240617_151521-scaled.jpg 1920w\" sizes=\"auto, (max-width: 768px) 100vw, 768px\" \/><\/figure>\n<\/div>\n\n\n\n<p class=\"has-text-align-center has-medium-font-size\"><br><br><\/p>\n\n\n\n<p class=\"has-text-align-center has-medium-font-size\">Para consultar informa\u00e7\u00e3o detalhada sobre cada artefacto, clique nas barras de imagem abaixo<\/p>\n\n\n<div class=\"wp-block-image\">\n<figure class=\"aligncenter size-full is-resized\"><a href=\"https:\/\/holybodies.uevora.pt\/pt\/st-clemente\/\"><img loading=\"lazy\" decoding=\"async\" width=\"1255\" height=\"271\" src=\"https:\/\/holybodies.uevora.pt\/wp-content\/uploads\/2024\/10\/St-Clemente-1.png\" alt=\"\" class=\"wp-image-910\" style=\"width:650px\" srcset=\"https:\/\/holybodies.uevora.pt\/wp-content\/uploads\/2024\/10\/St-Clemente-1.png 1255w, https:\/\/holybodies.uevora.pt\/wp-content\/uploads\/2024\/10\/St-Clemente-1-300x65.png 300w, https:\/\/holybodies.uevora.pt\/wp-content\/uploads\/2024\/10\/St-Clemente-1-1024x221.png 1024w, https:\/\/holybodies.uevora.pt\/wp-content\/uploads\/2024\/10\/St-Clemente-1-768x166.png 768w, https:\/\/holybodies.uevora.pt\/wp-content\/uploads\/2024\/10\/St-Clemente-1-18x4.png 18w\" sizes=\"auto, (max-width: 1255px) 100vw, 1255px\" \/><\/a><\/figure>\n<\/div>\n\n\n<p><\/p>\n\n\n<div class=\"wp-block-image\">\n<figure class=\"aligncenter size-full is-resized\"><a href=\"https:\/\/holybodies.uevora.pt\/pt\/st-eugenio\/\"><img loading=\"lazy\" decoding=\"async\" width=\"1255\" height=\"271\" src=\"https:\/\/holybodies.uevora.pt\/wp-content\/uploads\/2024\/10\/Sta-Eugenio-1.png\" alt=\"\" class=\"wp-image-919\" style=\"width:650px\" srcset=\"https:\/\/holybodies.uevora.pt\/wp-content\/uploads\/2024\/10\/Sta-Eugenio-1.png 1255w, https:\/\/holybodies.uevora.pt\/wp-content\/uploads\/2024\/10\/Sta-Eugenio-1-300x65.png 300w, https:\/\/holybodies.uevora.pt\/wp-content\/uploads\/2024\/10\/Sta-Eugenio-1-1024x221.png 1024w, https:\/\/holybodies.uevora.pt\/wp-content\/uploads\/2024\/10\/Sta-Eugenio-1-768x166.png 768w, https:\/\/holybodies.uevora.pt\/wp-content\/uploads\/2024\/10\/Sta-Eugenio-1-18x4.png 18w\" sizes=\"auto, (max-width: 1255px) 100vw, 1255px\" \/><\/a><\/figure>\n<\/div>\n\n\n<p><\/p>\n\n\n<div class=\"wp-block-image\">\n<figure class=\"aligncenter size-full is-resized\"><a href=\"https:\/\/holybodies.uevora.pt\/pt\/st-silverio\/\"><img loading=\"lazy\" decoding=\"async\" width=\"1255\" height=\"271\" src=\"https:\/\/holybodies.uevora.pt\/wp-content\/uploads\/2024\/12\/St-Severino.png\" alt=\"\" class=\"wp-image-1507\" style=\"width:650px\" srcset=\"https:\/\/holybodies.uevora.pt\/wp-content\/uploads\/2024\/12\/St-Severino.png 1255w, https:\/\/holybodies.uevora.pt\/wp-content\/uploads\/2024\/12\/St-Severino-300x65.png 300w, https:\/\/holybodies.uevora.pt\/wp-content\/uploads\/2024\/12\/St-Severino-1024x221.png 1024w, https:\/\/holybodies.uevora.pt\/wp-content\/uploads\/2024\/12\/St-Severino-768x166.png 768w, https:\/\/holybodies.uevora.pt\/wp-content\/uploads\/2024\/12\/St-Severino-18x4.png 18w\" sizes=\"auto, (max-width: 1255px) 100vw, 1255px\" \/><\/a><\/figure>\n<\/div>\n\n\n<p><\/p>\n\n\n<div class=\"wp-block-image\">\n<figure class=\"aligncenter size-full is-resized\"><a href=\"https:\/\/holybodies.uevora.pt\/pt\/st-vicente\/\"><img loading=\"lazy\" decoding=\"async\" width=\"1255\" height=\"271\" src=\"https:\/\/holybodies.uevora.pt\/wp-content\/uploads\/2024\/10\/St-Vicente-1.png\" alt=\"\" class=\"wp-image-917\" style=\"width:650px\" srcset=\"https:\/\/holybodies.uevora.pt\/wp-content\/uploads\/2024\/10\/St-Vicente-1.png 1255w, https:\/\/holybodies.uevora.pt\/wp-content\/uploads\/2024\/10\/St-Vicente-1-300x65.png 300w, https:\/\/holybodies.uevora.pt\/wp-content\/uploads\/2024\/10\/St-Vicente-1-1024x221.png 1024w, https:\/\/holybodies.uevora.pt\/wp-content\/uploads\/2024\/10\/St-Vicente-1-768x166.png 768w, https:\/\/holybodies.uevora.pt\/wp-content\/uploads\/2024\/10\/St-Vicente-1-18x4.png 18w\" sizes=\"auto, (max-width: 1255px) 100vw, 1255px\" \/><\/a><\/figure>\n<\/div>\n\n\n<p><\/p>\n\n\n<div class=\"wp-block-image\">\n<figure class=\"aligncenter size-full is-resized\"><a href=\"https:\/\/holybodies.uevora.pt\/pt\/st-vitoria\/\"><img loading=\"lazy\" decoding=\"async\" width=\"1255\" height=\"271\" src=\"https:\/\/holybodies.uevora.pt\/wp-content\/uploads\/2025\/03\/St-Vitoria-Porto.png\" alt=\"\" class=\"wp-image-2427\" style=\"width:650px\" srcset=\"https:\/\/holybodies.uevora.pt\/wp-content\/uploads\/2025\/03\/St-Vitoria-Porto.png 1255w, https:\/\/holybodies.uevora.pt\/wp-content\/uploads\/2025\/03\/St-Vitoria-Porto-300x65.png 300w, https:\/\/holybodies.uevora.pt\/wp-content\/uploads\/2025\/03\/St-Vitoria-Porto-1024x221.png 1024w, https:\/\/holybodies.uevora.pt\/wp-content\/uploads\/2025\/03\/St-Vitoria-Porto-768x166.png 768w, https:\/\/holybodies.uevora.pt\/wp-content\/uploads\/2025\/03\/St-Vitoria-Porto-18x4.png 18w\" sizes=\"auto, (max-width: 1255px) 100vw, 1255px\" \/><\/a><\/figure>\n<\/div>\n\n\n<p><\/p>","protected":false},"excerpt":{"rendered":"<p>This campaign took place in June 2024 in three churches located in the historic center of Porto. A total of five simulacra were analysed Unfortunately, St Clemente is the only simulacrum in this group that still possesses the authentication document confirming the provenance of the relics from the catacombs of Rome. For detailed information on &#8230; <a title=\"Porto&#8217;s campaign\" class=\"read-more\" href=\"https:\/\/holybodies.uevora.pt\/pt\/portos-campaign\" aria-label=\"Leia mais sobre Porto&#8217;s campaign\">Ler mais<\/a><\/p>","protected":false},"author":3,"featured_media":0,"parent":0,"menu_order":0,"comment_status":"closed","ping_status":"closed","template":"","meta":{"footnotes":""},"class_list":["post-684","page","type-page","status-publish"],"_links":{"self":[{"href":"https:\/\/holybodies.uevora.pt\/pt\/wp-json\/wp\/v2\/pages\/684","targetHints":{"allow":["GET"]}}],"collection":[{"href":"https:\/\/holybodies.uevora.pt\/pt\/wp-json\/wp\/v2\/pages"}],"about":[{"href":"https:\/\/holybodies.uevora.pt\/pt\/wp-json\/wp\/v2\/types\/page"}],"author":[{"embeddable":true,"href":"https:\/\/holybodies.uevora.pt\/pt\/wp-json\/wp\/v2\/users\/3"}],"replies":[{"embeddable":true,"href":"https:\/\/holybodies.uevora.pt\/pt\/wp-json\/wp\/v2\/comments?post=684"}],"version-history":[{"count":85,"href":"https:\/\/holybodies.uevora.pt\/pt\/wp-json\/wp\/v2\/pages\/684\/revisions"}],"predecessor-version":[{"id":3039,"href":"https:\/\/holybodies.uevora.pt\/pt\/wp-json\/wp\/v2\/pages\/684\/revisions\/3039"}],"wp:attachment":[{"href":"https:\/\/holybodies.uevora.pt\/pt\/wp-json\/wp\/v2\/media?parent=684"}],"curies":[{"name":"wp","href":"https:\/\/api.w.org\/{rel}","templated":true}]}}