{"id":593,"date":"2025-01-14T16:05:46","date_gmt":"2025-01-14T15:05:46","guid":{"rendered":"https:\/\/holybodies.uevora.pt\/?page_id=593"},"modified":"2025-04-08T22:55:17","modified_gmt":"2025-04-08T21:55:17","slug":"lisbons-campaign","status":"publish","type":"page","link":"https:\/\/holybodies.uevora.pt\/pt\/lisbons-campaign","title":{"rendered":"Lisbon Campaign"},"content":{"rendered":"<div class=\"wp-block-cover aligncenter\" style=\"min-height:243px;aspect-ratio:unset;\"><span aria-hidden=\"true\" class=\"wp-block-cover__background has-background-dim-60 has-background-dim\" style=\"background-color:#575452\"><\/span><img loading=\"lazy\" decoding=\"async\" width=\"1920\" height=\"2560\" class=\"wp-block-cover__image-background wp-image-2209\" alt=\"\" src=\"https:\/\/holybodies.uevora.pt\/wp-content\/uploads\/2025\/03\/IMG_20250210_152556-scaled.jpg\" data-object-fit=\"cover\" srcset=\"https:\/\/holybodies.uevora.pt\/wp-content\/uploads\/2025\/03\/IMG_20250210_152556-scaled.jpg 1920w, https:\/\/holybodies.uevora.pt\/wp-content\/uploads\/2025\/03\/IMG_20250210_152556-225x300.jpg 225w, https:\/\/holybodies.uevora.pt\/wp-content\/uploads\/2025\/03\/IMG_20250210_152556-768x1024.jpg 768w, https:\/\/holybodies.uevora.pt\/wp-content\/uploads\/2025\/03\/IMG_20250210_152556-1152x1536.jpg 1152w, https:\/\/holybodies.uevora.pt\/wp-content\/uploads\/2025\/03\/IMG_20250210_152556-1536x2048.jpg 1536w, https:\/\/holybodies.uevora.pt\/wp-content\/uploads\/2025\/03\/IMG_20250210_152556-9x12.jpg 9w\" sizes=\"auto, (max-width: 1920px) 100vw, 1920px\" \/><div class=\"wp-block-cover__inner-container is-layout-flow wp-block-cover-is-layout-flow\">\n<p><\/p>\n\n\n\n<p class=\"has-text-align-center has-base-3-color has-text-color has-link-color has-large-font-size wp-elements-8cb602df0064efe9eb055b9755db72e2\" style=\"font-style:normal;font-weight:600;letter-spacing:4px\">Campanha de Lisboa<\/p>\n<\/div><\/div>\n\n\n\n<p><br><br><\/p>\n\n\n\n<p class=\"has-medium-font-size\">O conjunto de simulacros estudado em Lisboa e na sua periferia encontra-se \u00e0 guarda de diferentes institui\u00e7\u00f5es, nomeadamente<\/p>\n\n\n\n<ul class=\"wp-block-list\">\n<li class=\"has-medium-font-size\"><strong>St Benedito<\/strong> \u2013 Convento de St Ant\u00f3nio de Varatojo (Torres Vedras)<\/li>\n\n\n\n<li class=\"has-medium-font-size\"><strong>St Bonif\u00e1cio <\/strong>e<strong> St Vit\u00f3ria<\/strong> \u2013 Igreja de St Nicolau (Lisboa)<\/li>\n\n\n\n<li class=\"has-medium-font-size\"><strong>St <strong>Burcio<\/strong><\/strong>, <strong>St Eleonora<\/strong> e <strong>St Vit\u00f3ria<\/strong> \u2013 Pal\u00e1cio dos Marqueses de Pombal (Oeiras)<\/li>\n\n\n\n<li class=\"has-medium-font-size\"><strong>St Clemente<\/strong> \u2013 Pal\u00e1cio Nacional de Queluz (Queluz)<\/li>\n\n\n\n<li class=\"has-medium-font-size\"><strong>St Fulg\u00eancio<\/strong> \u2013 Igreja de St Maria Madalena (Lisboa) <\/li>\n\n\n\n<li class=\"has-medium-font-size\"><strong>St Justina<\/strong> \u2013 Igreja de St Ant\u00f3nio de Lisboa (Lisboa)<\/li>\n\n\n\n<li class=\"has-medium-font-size\"><strong>St Peregrino<\/strong> \u2013 Igreja de Nossa Senhora da Concei\u00e7\u00e3o do Convento dos Cardaes (Lisboa)<\/li>\n\n\n\n<li class=\"has-medium-font-size\"><strong>St Vit\u00f3rio<\/strong> \u2013 Capela do Pal\u00e1cio Caldas, CDS headquarters (Lisboa)<\/li>\n<\/ul>\n\n\n\n<p><br><\/p>\n\n\n\n<p class=\"has-text-align-center has-medium-font-size\">Para informa\u00e7\u00f5es detalhadas sobre os simulacros, clique nas barras abaixo<\/p>\n\n\n<div class=\"wp-block-image is-style-default\">\n<figure class=\"aligncenter size-full is-resized\"><a href=\"https:\/\/holybodies.uevora.pt\/pt\/2498-2\/\"><img loading=\"lazy\" decoding=\"async\" width=\"1255\" height=\"271\" src=\"https:\/\/holybodies.uevora.pt\/wp-content\/uploads\/2025\/03\/St-Benedito-1.png\" alt=\"\" class=\"wp-image-2224\" style=\"width:750px;height:auto\" srcset=\"https:\/\/holybodies.uevora.pt\/wp-content\/uploads\/2025\/03\/St-Benedito-1.png 1255w, https:\/\/holybodies.uevora.pt\/wp-content\/uploads\/2025\/03\/St-Benedito-1-300x65.png 300w, https:\/\/holybodies.uevora.pt\/wp-content\/uploads\/2025\/03\/St-Benedito-1-1024x221.png 1024w, https:\/\/holybodies.uevora.pt\/wp-content\/uploads\/2025\/03\/St-Benedito-1-768x166.png 768w, https:\/\/holybodies.uevora.pt\/wp-content\/uploads\/2025\/03\/St-Benedito-1-18x4.png 18w\" sizes=\"auto, (max-width: 1255px) 100vw, 1255px\" \/><\/a><\/figure>\n<\/div>\n\n\n<p><\/p>\n\n\n<div class=\"wp-block-image is-style-default\">\n<figure class=\"aligncenter size-full is-resized\"><a href=\"https:\/\/holybodies.uevora.pt\/pt\/2526-2\/\"><img loading=\"lazy\" decoding=\"async\" width=\"1255\" height=\"271\" src=\"https:\/\/holybodies.uevora.pt\/wp-content\/uploads\/2025\/03\/St-Bonifacio.png\" alt=\"\" class=\"wp-image-2213\" style=\"width:750px;height:auto\" srcset=\"https:\/\/holybodies.uevora.pt\/wp-content\/uploads\/2025\/03\/St-Bonifacio.png 1255w, https:\/\/holybodies.uevora.pt\/wp-content\/uploads\/2025\/03\/St-Bonifacio-300x65.png 300w, https:\/\/holybodies.uevora.pt\/wp-content\/uploads\/2025\/03\/St-Bonifacio-1024x221.png 1024w, https:\/\/holybodies.uevora.pt\/wp-content\/uploads\/2025\/03\/St-Bonifacio-768x166.png 768w, https:\/\/holybodies.uevora.pt\/wp-content\/uploads\/2025\/03\/St-Bonifacio-18x4.png 18w\" sizes=\"auto, (max-width: 1255px) 100vw, 1255px\" \/><\/a><\/figure>\n<\/div>\n\n\n<p><\/p>\n\n\n<div class=\"wp-block-image is-style-default\">\n<figure class=\"aligncenter size-full is-resized\"><a href=\"https:\/\/holybodies.uevora.pt\/pt\/2542-2\/\"><img loading=\"lazy\" decoding=\"async\" width=\"1255\" height=\"271\" src=\"https:\/\/holybodies.uevora.pt\/wp-content\/uploads\/2025\/03\/St-Vitoria-Lisboa-Igreja-S-Nicolau-1.png\" alt=\"\" class=\"wp-image-2416\" style=\"width:750px;height:auto\" srcset=\"https:\/\/holybodies.uevora.pt\/wp-content\/uploads\/2025\/03\/St-Vitoria-Lisboa-Igreja-S-Nicolau-1.png 1255w, https:\/\/holybodies.uevora.pt\/wp-content\/uploads\/2025\/03\/St-Vitoria-Lisboa-Igreja-S-Nicolau-1-300x65.png 300w, https:\/\/holybodies.uevora.pt\/wp-content\/uploads\/2025\/03\/St-Vitoria-Lisboa-Igreja-S-Nicolau-1-1024x221.png 1024w, https:\/\/holybodies.uevora.pt\/wp-content\/uploads\/2025\/03\/St-Vitoria-Lisboa-Igreja-S-Nicolau-1-768x166.png 768w, https:\/\/holybodies.uevora.pt\/wp-content\/uploads\/2025\/03\/St-Vitoria-Lisboa-Igreja-S-Nicolau-1-18x4.png 18w\" sizes=\"auto, (max-width: 1255px) 100vw, 1255px\" \/><\/a><\/figure>\n<\/div>\n\n\n<p><\/p>\n\n\n<div class=\"wp-block-image is-style-default\">\n<figure class=\"aligncenter size-full is-resized\"><a href=\"https:\/\/holybodies.uevora.pt\/pt\/2738-2\/\"><img loading=\"lazy\" decoding=\"async\" width=\"1255\" height=\"271\" src=\"https:\/\/holybodies.uevora.pt\/wp-content\/uploads\/2025\/04\/St-Burcio-Oeiras-1.png\" alt=\"\" class=\"wp-image-2569\" style=\"width:750px;height:auto\" srcset=\"https:\/\/holybodies.uevora.pt\/wp-content\/uploads\/2025\/04\/St-Burcio-Oeiras-1.png 1255w, https:\/\/holybodies.uevora.pt\/wp-content\/uploads\/2025\/04\/St-Burcio-Oeiras-1-300x65.png 300w, https:\/\/holybodies.uevora.pt\/wp-content\/uploads\/2025\/04\/St-Burcio-Oeiras-1-1024x221.png 1024w, https:\/\/holybodies.uevora.pt\/wp-content\/uploads\/2025\/04\/St-Burcio-Oeiras-1-768x166.png 768w, https:\/\/holybodies.uevora.pt\/wp-content\/uploads\/2025\/04\/St-Burcio-Oeiras-1-18x4.png 18w\" sizes=\"auto, (max-width: 1255px) 100vw, 1255px\" \/><\/a><\/figure>\n<\/div>\n\n\n<p><\/p>\n\n\n<div class=\"wp-block-image is-style-default\">\n<figure class=\"aligncenter size-full is-resized\"><a href=\"https:\/\/holybodies.uevora.pt\/pt\/2394-2\/\"><img loading=\"lazy\" decoding=\"async\" width=\"1255\" height=\"271\" src=\"https:\/\/holybodies.uevora.pt\/wp-content\/uploads\/2025\/03\/St-Eleonora-2.png\" alt=\"\" class=\"wp-image-2421\" style=\"width:750px;height:auto\" srcset=\"https:\/\/holybodies.uevora.pt\/wp-content\/uploads\/2025\/03\/St-Eleonora-2.png 1255w, https:\/\/holybodies.uevora.pt\/wp-content\/uploads\/2025\/03\/St-Eleonora-2-300x65.png 300w, https:\/\/holybodies.uevora.pt\/wp-content\/uploads\/2025\/03\/St-Eleonora-2-1024x221.png 1024w, https:\/\/holybodies.uevora.pt\/wp-content\/uploads\/2025\/03\/St-Eleonora-2-768x166.png 768w, https:\/\/holybodies.uevora.pt\/wp-content\/uploads\/2025\/03\/St-Eleonora-2-18x4.png 18w\" sizes=\"auto, (max-width: 1255px) 100vw, 1255px\" \/><\/a><\/figure>\n<\/div>\n\n\n<p><\/p>\n\n\n<div class=\"wp-block-image is-style-default\">\n<figure class=\"aligncenter size-full is-resized\"><a href=\"https:\/\/holybodies.uevora.pt\/pt\/2396-2\/\"><img loading=\"lazy\" decoding=\"async\" width=\"1255\" height=\"271\" src=\"https:\/\/holybodies.uevora.pt\/wp-content\/uploads\/2025\/03\/Sta-Vitoria-2.png\" alt=\"\" class=\"wp-image-2417\" style=\"width:750px;height:auto\" srcset=\"https:\/\/holybodies.uevora.pt\/wp-content\/uploads\/2025\/03\/Sta-Vitoria-2.png 1255w, https:\/\/holybodies.uevora.pt\/wp-content\/uploads\/2025\/03\/Sta-Vitoria-2-300x65.png 300w, https:\/\/holybodies.uevora.pt\/wp-content\/uploads\/2025\/03\/Sta-Vitoria-2-1024x221.png 1024w, https:\/\/holybodies.uevora.pt\/wp-content\/uploads\/2025\/03\/Sta-Vitoria-2-768x166.png 768w, https:\/\/holybodies.uevora.pt\/wp-content\/uploads\/2025\/03\/Sta-Vitoria-2-18x4.png 18w\" sizes=\"auto, (max-width: 1255px) 100vw, 1255px\" \/><\/a><\/figure>\n<\/div>\n\n\n<p><\/p>\n\n\n<div class=\"wp-block-image is-style-default\">\n<figure class=\"aligncenter size-full is-resized\"><a href=\"https:\/\/holybodies.uevora.pt\/pt\/st-clemente-3\/\"><img loading=\"lazy\" decoding=\"async\" width=\"1255\" height=\"271\" src=\"https:\/\/holybodies.uevora.pt\/wp-content\/uploads\/2025\/03\/St-Clemente-Queluz.png\" alt=\"\" class=\"wp-image-2223\" style=\"width:750px;height:auto\" srcset=\"https:\/\/holybodies.uevora.pt\/wp-content\/uploads\/2025\/03\/St-Clemente-Queluz.png 1255w, https:\/\/holybodies.uevora.pt\/wp-content\/uploads\/2025\/03\/St-Clemente-Queluz-300x65.png 300w, https:\/\/holybodies.uevora.pt\/wp-content\/uploads\/2025\/03\/St-Clemente-Queluz-1024x221.png 1024w, https:\/\/holybodies.uevora.pt\/wp-content\/uploads\/2025\/03\/St-Clemente-Queluz-768x166.png 768w, https:\/\/holybodies.uevora.pt\/wp-content\/uploads\/2025\/03\/St-Clemente-Queluz-18x4.png 18w\" sizes=\"auto, (max-width: 1255px) 100vw, 1255px\" \/><\/a><\/figure>\n<\/div>\n\n\n<p><\/p>\n\n\n<div class=\"wp-block-image is-style-default\">\n<figure class=\"aligncenter size-full is-resized\"><a href=\"https:\/\/holybodies.uevora.pt\/pt\/2563-2\/\"><img loading=\"lazy\" decoding=\"async\" width=\"1255\" height=\"271\" src=\"https:\/\/holybodies.uevora.pt\/wp-content\/uploads\/2025\/03\/St-Fulgencio.png\" alt=\"\" class=\"wp-image-2215\" style=\"width:750px;height:auto\" srcset=\"https:\/\/holybodies.uevora.pt\/wp-content\/uploads\/2025\/03\/St-Fulgencio.png 1255w, https:\/\/holybodies.uevora.pt\/wp-content\/uploads\/2025\/03\/St-Fulgencio-300x65.png 300w, https:\/\/holybodies.uevora.pt\/wp-content\/uploads\/2025\/03\/St-Fulgencio-1024x221.png 1024w, https:\/\/holybodies.uevora.pt\/wp-content\/uploads\/2025\/03\/St-Fulgencio-768x166.png 768w, https:\/\/holybodies.uevora.pt\/wp-content\/uploads\/2025\/03\/St-Fulgencio-18x4.png 18w\" sizes=\"auto, (max-width: 1255px) 100vw, 1255px\" \/><\/a><\/figure>\n<\/div>\n\n\n<p><\/p>\n\n\n<div class=\"wp-block-image is-style-default\">\n<figure class=\"aligncenter size-full is-resized\"><a href=\"https:\/\/holybodies.uevora.pt\/pt\/2794-2\/\"><img loading=\"lazy\" decoding=\"async\" width=\"1255\" height=\"271\" src=\"https:\/\/holybodies.uevora.pt\/wp-content\/uploads\/2025\/03\/Sta-Justina-1.png\" alt=\"\" class=\"wp-image-2423\" style=\"width:750px;height:auto\" srcset=\"https:\/\/holybodies.uevora.pt\/wp-content\/uploads\/2025\/03\/Sta-Justina-1.png 1255w, https:\/\/holybodies.uevora.pt\/wp-content\/uploads\/2025\/03\/Sta-Justina-1-300x65.png 300w, https:\/\/holybodies.uevora.pt\/wp-content\/uploads\/2025\/03\/Sta-Justina-1-1024x221.png 1024w, https:\/\/holybodies.uevora.pt\/wp-content\/uploads\/2025\/03\/Sta-Justina-1-768x166.png 768w, https:\/\/holybodies.uevora.pt\/wp-content\/uploads\/2025\/03\/Sta-Justina-1-18x4.png 18w\" sizes=\"auto, (max-width: 1255px) 100vw, 1255px\" \/><\/a><\/figure>\n<\/div>\n\n\n<p><\/p>\n\n\n<div class=\"wp-block-image is-style-default\">\n<figure class=\"aligncenter size-full is-resized\"><a href=\"https:\/\/holybodies.uevora.pt\/pt\/2766-2\/\"><img loading=\"lazy\" decoding=\"async\" width=\"1255\" height=\"271\" src=\"https:\/\/holybodies.uevora.pt\/wp-content\/uploads\/2025\/04\/St-Peregrino.png\" alt=\"\" class=\"wp-image-2639\" style=\"width:750px;height:auto\" srcset=\"https:\/\/holybodies.uevora.pt\/wp-content\/uploads\/2025\/04\/St-Peregrino.png 1255w, https:\/\/holybodies.uevora.pt\/wp-content\/uploads\/2025\/04\/St-Peregrino-300x65.png 300w, https:\/\/holybodies.uevora.pt\/wp-content\/uploads\/2025\/04\/St-Peregrino-1024x221.png 1024w, https:\/\/holybodies.uevora.pt\/wp-content\/uploads\/2025\/04\/St-Peregrino-768x166.png 768w, https:\/\/holybodies.uevora.pt\/wp-content\/uploads\/2025\/04\/St-Peregrino-18x4.png 18w\" sizes=\"auto, (max-width: 1255px) 100vw, 1255px\" \/><\/a><\/figure>\n<\/div>\n\n\n<p><\/p>\n\n\n<div class=\"wp-block-image is-style-default\">\n<figure class=\"aligncenter size-full is-resized\"><a href=\"https:\/\/holybodies.uevora.pt\/pt\/2596-2\/\"><img loading=\"lazy\" decoding=\"async\" width=\"1255\" height=\"271\" src=\"https:\/\/holybodies.uevora.pt\/wp-content\/uploads\/2025\/03\/St-Vitorio-Caldas-1.png\" alt=\"\" class=\"wp-image-2217\" style=\"width:750px;height:auto\" srcset=\"https:\/\/holybodies.uevora.pt\/wp-content\/uploads\/2025\/03\/St-Vitorio-Caldas-1.png 1255w, https:\/\/holybodies.uevora.pt\/wp-content\/uploads\/2025\/03\/St-Vitorio-Caldas-1-300x65.png 300w, https:\/\/holybodies.uevora.pt\/wp-content\/uploads\/2025\/03\/St-Vitorio-Caldas-1-1024x221.png 1024w, https:\/\/holybodies.uevora.pt\/wp-content\/uploads\/2025\/03\/St-Vitorio-Caldas-1-768x166.png 768w, https:\/\/holybodies.uevora.pt\/wp-content\/uploads\/2025\/03\/St-Vitorio-Caldas-1-18x4.png 18w\" sizes=\"auto, (max-width: 1255px) 100vw, 1255px\" \/><\/a><\/figure>\n<\/div>\n\n\n<p><\/p>\n\n\n\n<p><br><\/p>","protected":false},"excerpt":{"rendered":"<p>The simulacra set studied in Lisbon and its surroundings are entrusted to different institutions, namely For detailed information about the simulacra, click on the image bars below<\/p>","protected":false},"author":3,"featured_media":0,"parent":0,"menu_order":0,"comment_status":"closed","ping_status":"closed","template":"","meta":{"footnotes":""},"class_list":["post-593","page","type-page","status-publish"],"_links":{"self":[{"href":"https:\/\/holybodies.uevora.pt\/pt\/wp-json\/wp\/v2\/pages\/593","targetHints":{"allow":["GET"]}}],"collection":[{"href":"https:\/\/holybodies.uevora.pt\/pt\/wp-json\/wp\/v2\/pages"}],"about":[{"href":"https:\/\/holybodies.uevora.pt\/pt\/wp-json\/wp\/v2\/types\/page"}],"author":[{"embeddable":true,"href":"https:\/\/holybodies.uevora.pt\/pt\/wp-json\/wp\/v2\/users\/3"}],"replies":[{"embeddable":true,"href":"https:\/\/holybodies.uevora.pt\/pt\/wp-json\/wp\/v2\/comments?post=593"}],"version-history":[{"count":50,"href":"https:\/\/holybodies.uevora.pt\/pt\/wp-json\/wp\/v2\/pages\/593\/revisions"}],"predecessor-version":[{"id":2796,"href":"https:\/\/holybodies.uevora.pt\/pt\/wp-json\/wp\/v2\/pages\/593\/revisions\/2796"}],"wp:attachment":[{"href":"https:\/\/holybodies.uevora.pt\/pt\/wp-json\/wp\/v2\/media?parent=593"}],"curies":[{"name":"wp","href":"https:\/\/api.w.org\/{rel}","templated":true}]}}