{"id":310,"date":"2024-08-16T12:33:39","date_gmt":"2024-08-16T11:33:39","guid":{"rendered":"https:\/\/holybodies.uevora.pt\/?page_id=310"},"modified":"2025-04-14T12:49:25","modified_gmt":"2025-04-14T11:49:25","slug":"gallery","status":"publish","type":"page","link":"https:\/\/holybodies.uevora.pt\/pt\/gallery","title":{"rendered":"V\u00eddeos curtos HB"},"content":{"rendered":"<h2 class=\"wp-block-heading has-text-align-left has-contrast-2-color has-text-color has-link-color has-large-font-size wp-elements-ada8bcafd388bbc19b957e4b8e9073fc\" style=\"font-style:normal;font-weight:600;letter-spacing:4px\">V\u00eddeos curtos HB<\/h2>\n\n\n\n<p> <br><\/p>\n\n\n\n<p class=\"has-contrast-2-color has-text-color has-link-color has-medium-font-size wp-elements-f178799ae4b7981fc0dc03003ca5a301\"><strong>V\u00eddeo #01: \u201cOs&nbsp;<em>corpi santi<\/em>&nbsp;em Portugal \u2013 Objetivos e Abordagens\"<\/strong><\/p>\n\n\n\n<p class=\"has-medium-font-size\">Neste v\u00eddeo, exploramos o fascinante mundo dos simulacros (relic\u00e1rios), analisando o seu significado e as abordagens inovadoras desenvolvidas no \u00e2mbito do projeto Holy Bodies. Descubra os objetivos do projeto, que visam aprofundar o conhecimento e promover a valoriza\u00e7\u00e3o destes artefactos religiosos.<\/p>\n\n\n\n<figure class=\"wp-block-embed is-type-video is-provider-youtube wp-block-embed-youtube wp-embed-aspect-16-9 wp-has-aspect-ratio\"><div class=\"wp-block-embed__wrapper\">\n<iframe loading=\"lazy\" title=\"HB v\u00eddeo #01\" width=\"1200\" height=\"675\" src=\"https:\/\/www.youtube.com\/embed\/8ESNjNRrtB0?feature=oembed\" frameborder=\"0\" allow=\"accelerometer; autoplay; clipboard-write; encrypted-media; gyroscope; picture-in-picture; web-share\" referrerpolicy=\"strict-origin-when-cross-origin\" allowfullscreen><\/iframe>\n<\/div><\/figure>\n\n\n\n<p><\/p>\n\n\n\n<div style=\"height:48px\" aria-hidden=\"true\" class=\"wp-block-spacer\"><\/div>\n\n\n\n<p class=\"has-contrast-2-color has-text-color has-link-color has-medium-font-size wp-elements-d17032c3a0214f0158c44c364a0649a2\"><strong>V\u00eddeo #02: \u201cConserva\u00e7\u00e3o e Simulacros \u2013 Um Estudo de Caso: Abordagem Pr\u00e1tica e a Sua Import\u00e2ncia\"<\/strong><\/p>\n\n\n\n<p class=\"has-medium-font-size\">Neste v\u00eddeo, apresentamos a perspetiva e a abordagem de conserva\u00e7\u00e3o desenvolvidas no \u00e2mbito do projeto Holy Bodies, a partir de um caso de estudo muito espec\u00edfico \u2014 \u201cSt Vitorino\u201d. Fique a conhecer uma metodologia pioneira, aplicada pela primeira vez a simulacros. Tudo isto est\u00e1 a acontecer nas instala\u00e7\u00f5es da N_Restauros, fruto de uma colabora\u00e7\u00e3o estabelecida pela Escola das Artes da Universidade Cat\u00f3lica Portuguesa (Porto).<\/p>\n\n\n\n<figure class=\"wp-block-embed is-type-video is-provider-youtube wp-block-embed-youtube wp-embed-aspect-16-9 wp-has-aspect-ratio\"><div class=\"wp-block-embed__wrapper\">\n<iframe loading=\"lazy\" title=\"HB video #02 - a conserva\u00e7\u00e3o e os simulacra - um caso de estudo: abordagem pr\u00e1tica e sua import\u00e2ncia\" width=\"1200\" height=\"675\" src=\"https:\/\/www.youtube.com\/embed\/8_2nVYETD2M?feature=oembed\" frameborder=\"0\" allow=\"accelerometer; autoplay; clipboard-write; encrypted-media; gyroscope; picture-in-picture; web-share\" referrerpolicy=\"strict-origin-when-cross-origin\" allowfullscreen><\/iframe>\n<\/div><\/figure>\n\n\n\n<p><\/p>\n\n\n\n<div style=\"height:48px\" aria-hidden=\"true\" class=\"wp-block-spacer\"><\/div>\n\n\n\n<p class=\"has-contrast-2-color has-text-color has-link-color has-medium-font-size wp-elements-a8dd2a328ed48502ef67903ec11050f8\"><strong>V\u00eddeo #03: \u201cOs Simulacros \u00e0 Luz da Ci\u00eancia\u201d<\/strong><\/p>\n\n\n\n<p class=\"has-medium-font-size\">Neste v\u00eddeo, exploramos as t\u00e9cnicas anal\u00edticas avan\u00e7adas utilizadas no estudo dos simulacros, realizadas no Laborat\u00f3rio HERCULES (Universidade de \u00c9vora). Descubra como m\u00e9todos cient\u00edficos de \u00faltima gera\u00e7\u00e3o est\u00e3o a ser aplicados no projeto Holy Bodies para revelar novas informa\u00e7\u00f5es sobre a composi\u00e7\u00e3o, os processos de fabrico e a preserva\u00e7\u00e3o destes not\u00e1veis artefactos religiosos.<\/p>\n\n\n\n<figure class=\"wp-block-embed is-type-video is-provider-youtube wp-block-embed-youtube wp-embed-aspect-16-9 wp-has-aspect-ratio\"><div class=\"wp-block-embed__wrapper\">\n<iframe loading=\"lazy\" title=\"HB video #03\" width=\"1200\" height=\"675\" src=\"https:\/\/www.youtube.com\/embed\/uA3IKMEs49o?feature=oembed\" frameborder=\"0\" allow=\"accelerometer; autoplay; clipboard-write; encrypted-media; gyroscope; picture-in-picture; web-share\" referrerpolicy=\"strict-origin-when-cross-origin\" allowfullscreen><\/iframe>\n<\/div><\/figure>\n\n\n\n<div style=\"height:48px\" aria-hidden=\"true\" class=\"wp-block-spacer\"><\/div>\n\n\n\n<p><\/p>\n\n\n\n<p class=\"has-contrast-2-color has-text-color has-link-color has-medium-font-size wp-elements-b07234a6001bc917d023e5a72184a343\"><strong>V\u00eddeo #04: \u201cPerpetuar a Mem\u00f3ria &amp; Recriar a Experi\u00eancia\u201d<\/strong><\/p>\n\n\n\n<p class=\"has-medium-font-size\">Este epis\u00f3dio explora de que forma as Humanidades Digitais e as estrat\u00e9gias de media\u00e7\u00e3o do Patrim\u00f3nio Cultural est\u00e3o a contribuir e a ganhar espa\u00e7o no contexto do projeto Holy Bodies. <\/p>\n\n\n\n<p class=\"has-medium-font-size\">\u2013 descubra como as ferramentas digitais est\u00e3o a transformar a forma como comunicamos e divulgamos os <em>corpi santi<\/em> , tornando essa experi\u00eancia mais envolvente e significativa;<\/p>\n\n\n\n<p class=\"has-medium-font-size\">\u2013 fique a conhecer um pouco das experi\u00eancias imersivas que estamos a desenvolver, com o objetivo de refor\u00e7ar a visibilidade destes artefactos religiosos e promover o conhecimento sobre os mesmos em diferentes contextos.<\/p>\n\n\n\n<figure class=\"wp-block-embed is-type-video is-provider-youtube wp-block-embed-youtube wp-embed-aspect-16-9 wp-has-aspect-ratio\"><div class=\"wp-block-embed__wrapper\">\n<iframe loading=\"lazy\" title=\"HB video #04\" width=\"1200\" height=\"675\" src=\"https:\/\/www.youtube.com\/embed\/167zws8I82o?start=26&#038;feature=oembed\" frameborder=\"0\" allow=\"accelerometer; autoplay; clipboard-write; encrypted-media; gyroscope; picture-in-picture; web-share\" referrerpolicy=\"strict-origin-when-cross-origin\" allowfullscreen><\/iframe>\n<\/div><\/figure>","protected":false},"excerpt":{"rendered":"<p>HB short video series Video #01: &#8220;The&nbsp;corpi santi&nbsp;in Portugal &#8211; Objectives and Approaches&#8221; In this video, we delve into the fascinating world of simulacra (reliquaries), examining their significance and the unique approaches taken in the Holy Bodies project. Discover the project&#8217;s objectives, which aim to enhance our understanding and appreciation of these religious artefacts. Video &#8230; <a title=\"V\u00eddeos curtos HB\" class=\"read-more\" href=\"https:\/\/holybodies.uevora.pt\/pt\/gallery\" aria-label=\"Leia mais sobre HB short video series\">Ler mais<\/a><\/p>","protected":false},"author":1,"featured_media":0,"parent":0,"menu_order":0,"comment_status":"closed","ping_status":"closed","template":"","meta":{"footnotes":""},"class_list":["post-310","page","type-page","status-publish"],"_links":{"self":[{"href":"https:\/\/holybodies.uevora.pt\/pt\/wp-json\/wp\/v2\/pages\/310","targetHints":{"allow":["GET"]}}],"collection":[{"href":"https:\/\/holybodies.uevora.pt\/pt\/wp-json\/wp\/v2\/pages"}],"about":[{"href":"https:\/\/holybodies.uevora.pt\/pt\/wp-json\/wp\/v2\/types\/page"}],"author":[{"embeddable":true,"href":"https:\/\/holybodies.uevora.pt\/pt\/wp-json\/wp\/v2\/users\/1"}],"replies":[{"embeddable":true,"href":"https:\/\/holybodies.uevora.pt\/pt\/wp-json\/wp\/v2\/comments?post=310"}],"version-history":[{"count":31,"href":"https:\/\/holybodies.uevora.pt\/pt\/wp-json\/wp\/v2\/pages\/310\/revisions"}],"predecessor-version":[{"id":2930,"href":"https:\/\/holybodies.uevora.pt\/pt\/wp-json\/wp\/v2\/pages\/310\/revisions\/2930"}],"wp:attachment":[{"href":"https:\/\/holybodies.uevora.pt\/pt\/wp-json\/wp\/v2\/media?parent=310"}],"curies":[{"name":"wp","href":"https:\/\/api.w.org\/{rel}","templated":true}]}}