{"id":2799,"date":"2025-04-09T11:41:34","date_gmt":"2025-04-09T10:41:34","guid":{"rendered":"https:\/\/holybodies.uevora.pt\/?page_id=2799"},"modified":"2025-04-22T15:23:04","modified_gmt":"2025-04-22T14:23:04","slug":"generic-dissemination","status":"publish","type":"page","link":"https:\/\/holybodies.uevora.pt\/pt\/generic-dissemination","title":{"rendered":"Generic \/ dissemination"},"content":{"rendered":"<p><\/p>\n\n\n\n<p><\/p>\n\n\n\n<figure class=\"wp-block-image size-large is-resized\"><img loading=\"lazy\" decoding=\"async\" width=\"1024\" height=\"121\" src=\"https:\/\/holybodies.uevora.pt\/wp-content\/uploads\/2025\/04\/2025-2-1024x121.png\" alt=\"\" class=\"wp-image-2999\" style=\"width:448px;height:auto\" srcset=\"https:\/\/holybodies.uevora.pt\/wp-content\/uploads\/2025\/04\/2025-2-1024x121.png 1024w, https:\/\/holybodies.uevora.pt\/wp-content\/uploads\/2025\/04\/2025-2-300x35.png 300w, https:\/\/holybodies.uevora.pt\/wp-content\/uploads\/2025\/04\/2025-2-768x91.png 768w, https:\/\/holybodies.uevora.pt\/wp-content\/uploads\/2025\/04\/2025-2-1536x181.png 1536w, https:\/\/holybodies.uevora.pt\/wp-content\/uploads\/2025\/04\/2025-2-18x2.png 18w, https:\/\/holybodies.uevora.pt\/wp-content\/uploads\/2025\/04\/2025-2.png 1882w\" sizes=\"auto, (max-width: 1024px) 100vw, 1024px\" \/><\/figure>\n\n\n\n<p><\/p>\n\n\n\n<p>Ferreira, T. <a href=\"https:\/\/b-quimica.spq.pt\/magazines\/BSPQuimica\/720\/article\/30002964\/pdf\" data-type=\"link\" data-id=\"https:\/\/b-quimica.spq.pt\/magazines\/BSPQuimica\/720\/article\/30002964\/pdf\"><em>Holy Bodies: Um Atlas dos Corpi Santi em Portugal<\/em>,<\/a> Boletim da Sociedade Portuguesa de Qu\u00edmica, 49, 176, 2025.<\/p>\n\n\n\n<p><br><\/p>\n\n\n\n<figure class=\"wp-block-image size-large is-resized\"><img loading=\"lazy\" decoding=\"async\" width=\"1024\" height=\"121\" src=\"https:\/\/holybodies.uevora.pt\/wp-content\/uploads\/2025\/04\/2023-1-1024x121.png\" alt=\"\" class=\"wp-image-2998\" style=\"width:443px;height:auto\" srcset=\"https:\/\/holybodies.uevora.pt\/wp-content\/uploads\/2025\/04\/2023-1-1024x121.png 1024w, https:\/\/holybodies.uevora.pt\/wp-content\/uploads\/2025\/04\/2023-1-300x35.png 300w, https:\/\/holybodies.uevora.pt\/wp-content\/uploads\/2025\/04\/2023-1-768x91.png 768w, https:\/\/holybodies.uevora.pt\/wp-content\/uploads\/2025\/04\/2023-1-1536x181.png 1536w, https:\/\/holybodies.uevora.pt\/wp-content\/uploads\/2025\/04\/2023-1-18x2.png 18w, https:\/\/holybodies.uevora.pt\/wp-content\/uploads\/2025\/04\/2023-1.png 1882w\" sizes=\"auto, (max-width: 1024px) 100vw, 1024px\" \/><\/figure>\n\n\n\n<p><\/p>\n\n\n\n<p>Ferreira, T. <a href=\"https:\/\/drive.google.com\/file\/d\/1iL3z9tGnWGtpnSxrZ1AmqGUremrZ3pIg\/view?usp=sharing\"><em>Ci\u00eancia Viva no Laborat\u00f3rio HERCULES &#8211; Holy Bodies | as rel\u00edquias vistas pelos cientistas<\/em><\/a>, Di\u00e1rio do Sul, Dom Quixote &#8211; Suplemento de Artes e Letras, 5, 24 Julho de 2023.<\/p>","protected":false},"excerpt":{"rendered":"<p>Ferreira, T. Holy Bodies: Um Atlas dos Corpi Santi em Portugal, Boletim da Sociedade Portuguesa de Qu\u00edmica, 49, 176, 2025. Ferreira, T. Ci\u00eancia Viva no Laborat\u00f3rio HERCULES &#8211; Holy Bodies | as rel\u00edquias vistas pelos cientistas, Di\u00e1rio do Sul, Dom Quixote &#8211; Suplemento de Artes e Letras, 5, 24 Julho de 2023.<\/p>","protected":false},"author":3,"featured_media":0,"parent":0,"menu_order":0,"comment_status":"closed","ping_status":"closed","template":"","meta":{"footnotes":""},"class_list":["post-2799","page","type-page","status-publish"],"_links":{"self":[{"href":"https:\/\/holybodies.uevora.pt\/pt\/wp-json\/wp\/v2\/pages\/2799","targetHints":{"allow":["GET"]}}],"collection":[{"href":"https:\/\/holybodies.uevora.pt\/pt\/wp-json\/wp\/v2\/pages"}],"about":[{"href":"https:\/\/holybodies.uevora.pt\/pt\/wp-json\/wp\/v2\/types\/page"}],"author":[{"embeddable":true,"href":"https:\/\/holybodies.uevora.pt\/pt\/wp-json\/wp\/v2\/users\/3"}],"replies":[{"embeddable":true,"href":"https:\/\/holybodies.uevora.pt\/pt\/wp-json\/wp\/v2\/comments?post=2799"}],"version-history":[{"count":6,"href":"https:\/\/holybodies.uevora.pt\/pt\/wp-json\/wp\/v2\/pages\/2799\/revisions"}],"predecessor-version":[{"id":3013,"href":"https:\/\/holybodies.uevora.pt\/pt\/wp-json\/wp\/v2\/pages\/2799\/revisions\/3013"}],"wp:attachment":[{"href":"https:\/\/holybodies.uevora.pt\/pt\/wp-json\/wp\/v2\/media?parent=2799"}],"curies":[{"name":"wp","href":"https:\/\/api.w.org\/{rel}","templated":true}]}}