{"id":2794,"date":"2025-04-08T22:54:48","date_gmt":"2025-04-08T21:54:48","guid":{"rendered":"https:\/\/holybodies.uevora.pt\/?page_id=2794"},"modified":"2025-04-16T22:15:16","modified_gmt":"2025-04-16T21:15:16","slug":"2794-2","status":"publish","type":"page","link":"https:\/\/holybodies.uevora.pt\/pt\/2794-2","title":{"rendered":"St Justina"},"content":{"rendered":"<p class=\"has-contrast-2-color has-text-color has-link-color has-large-font-size wp-elements-325049fbf44b446b9604e4cc3c1b3487\" style=\"font-style:normal;font-weight:600;letter-spacing:4px\">St Justina <\/p>\n\n\n\n<p class=\"has-medium-font-size\">Integrado num altar lateral dedicado a Nossa Senhora das Dores, do lado da Ep\u00edstola da Igreja de Santo Ant\u00f3nio, em Lisboa, o <em>simulacrum<\/em> de <strong>St Justina<\/strong> constitui um not\u00e1vel exemplo das pr\u00e1ticas devocionais que outrora marcaram a Europa cat\u00f3lica.<\/p>\n\n\n\n<p class=\"has-medium-font-size\">Este <em>simulacrum<\/em> \u00e9 considerado um dos dois simulacros enviados de Roma para Lisboa em setembro de 1777, uma oferta do Papa Pio VI. Desconhece-se o paradeiro do segundo corpo \u2014 que, segundo as fontes, ter\u00e1 sido colocado no Pal\u00e1cio da Bemposta \u2014 mas o <em>simulacrum<\/em> de St Justina continua a ser venerado no seu contexto original.<\/p>\n\n\n\n<p class=\"has-medium-font-size\">Embora o original <em>vase sanguinis<\/em> se tenha perdido, o recipiente que atualmente o substitui conserva vest\u00edgios do original. Uma delicada cartela em papel, colocada junto ao corpo, apresenta a seguinte inscri\u00e7\u00e3o<\/p>\n\n\n\n<p><br><\/p>\n\n\n\n<p class=\"has-text-align-center has-medium-font-size\">\u201cSAC. CORPUS. CVM. VASE \/ SANGUINIS S. IUSTIN\u00c6 \/ Me C\u0153meterio Sancti \/ Laurentij\u201d<br>(\u201cCorpo Sagrado com um vaso de sangue de St Justina, proveniente do Cemit\u00e9rio de St Louren\u00e7o\u201d)<\/p>\n\n\n\n<p><br><\/p>\n\n\n\n<p class=\"has-medium-font-size\">Em 1994, o <em>simulacrum<\/em> foi sujeito a um tratamento de conserva\u00e7\u00e3o, e em fevereiro de 2024, a urna foi novamente aberta para permitir a realiza\u00e7\u00e3o de um registo 3D \u2014 integrado num esfor\u00e7o mais amplo de documenta\u00e7\u00e3o e preserva\u00e7\u00e3o destes raros artefactos sagrados.<\/p>\n\n\n\n<p class=\"has-medium-font-size\">Ainda hoje, visitantes e devotos deixam ora\u00e7\u00f5es manuscritas nos pequenos orif\u00edcios existentes na frente envidra\u00e7ada do altar, apelando discretamente \u00e0 intercess\u00e3o de St Justina. Contudo, este gesto \u00edntimo mant\u00e9m-se bastante mais reservado quando comparado com as intensas pr\u00e1ticas devocionais em torno da c\u00e9lebre imagem de St Ant\u00f3nio, situada no altar oposto.<\/p>\n\n\n\n<p><br><\/p>\n\n\n\n<figure class=\"wp-block-gallery has-nested-images columns-default is-cropped wp-block-gallery-1 is-layout-flex wp-block-gallery-is-layout-flex\">\n<figure class=\"wp-block-image size-large\"><img loading=\"lazy\" decoding=\"async\" width=\"1024\" height=\"768\" data-id=\"2806\" src=\"https:\/\/holybodies.uevora.pt\/wp-content\/uploads\/2025\/04\/20250211_120722-1024x768.jpg\" alt=\"\" class=\"wp-image-2806\" srcset=\"https:\/\/holybodies.uevora.pt\/wp-content\/uploads\/2025\/04\/20250211_120722-1024x768.jpg 1024w, https:\/\/holybodies.uevora.pt\/wp-content\/uploads\/2025\/04\/20250211_120722-300x225.jpg 300w, https:\/\/holybodies.uevora.pt\/wp-content\/uploads\/2025\/04\/20250211_120722-768x576.jpg 768w, https:\/\/holybodies.uevora.pt\/wp-content\/uploads\/2025\/04\/20250211_120722-1536x1152.jpg 1536w, https:\/\/holybodies.uevora.pt\/wp-content\/uploads\/2025\/04\/20250211_120722-2048x1536.jpg 2048w, https:\/\/holybodies.uevora.pt\/wp-content\/uploads\/2025\/04\/20250211_120722-16x12.jpg 16w\" sizes=\"auto, (max-width: 1024px) 100vw, 1024px\" \/><\/figure>\n\n\n\n<figure class=\"wp-block-image size-large\"><img loading=\"lazy\" decoding=\"async\" width=\"768\" height=\"1024\" data-id=\"2807\" src=\"https:\/\/holybodies.uevora.pt\/wp-content\/uploads\/2025\/04\/20250211_123947-768x1024.jpg\" alt=\"\" class=\"wp-image-2807\" srcset=\"https:\/\/holybodies.uevora.pt\/wp-content\/uploads\/2025\/04\/20250211_123947-768x1024.jpg 768w, https:\/\/holybodies.uevora.pt\/wp-content\/uploads\/2025\/04\/20250211_123947-225x300.jpg 225w, https:\/\/holybodies.uevora.pt\/wp-content\/uploads\/2025\/04\/20250211_123947-1152x1536.jpg 1152w, https:\/\/holybodies.uevora.pt\/wp-content\/uploads\/2025\/04\/20250211_123947-1536x2048.jpg 1536w, https:\/\/holybodies.uevora.pt\/wp-content\/uploads\/2025\/04\/20250211_123947-9x12.jpg 9w, https:\/\/holybodies.uevora.pt\/wp-content\/uploads\/2025\/04\/20250211_123947-scaled.jpg 1920w\" sizes=\"auto, (max-width: 768px) 100vw, 768px\" \/><\/figure>\n<\/figure>","protected":false},"excerpt":{"rendered":"<p>St Justina Housed within a side altar dedicated to Our Lady of Sorrows, on the Epistle side of the Igreja de St Ant\u00f3nio in Lisbon, the simulacrum of St Justina is a remarkable example of the devotional practices that once marked Catholic Europe. This simulacrum is believed to be one of two simulacra sent from &#8230; <a title=\"St Justina\" class=\"read-more\" href=\"https:\/\/holybodies.uevora.pt\/pt\/2794-2\" aria-label=\"Leia mais sobre St Justina\">Ler mais<\/a><\/p>","protected":false},"author":4,"featured_media":0,"parent":0,"menu_order":0,"comment_status":"closed","ping_status":"closed","template":"","meta":{"footnotes":""},"class_list":["post-2794","page","type-page","status-publish"],"_links":{"self":[{"href":"https:\/\/holybodies.uevora.pt\/pt\/wp-json\/wp\/v2\/pages\/2794","targetHints":{"allow":["GET"]}}],"collection":[{"href":"https:\/\/holybodies.uevora.pt\/pt\/wp-json\/wp\/v2\/pages"}],"about":[{"href":"https:\/\/holybodies.uevora.pt\/pt\/wp-json\/wp\/v2\/types\/page"}],"author":[{"embeddable":true,"href":"https:\/\/holybodies.uevora.pt\/pt\/wp-json\/wp\/v2\/users\/4"}],"replies":[{"embeddable":true,"href":"https:\/\/holybodies.uevora.pt\/pt\/wp-json\/wp\/v2\/comments?post=2794"}],"version-history":[{"count":12,"href":"https:\/\/holybodies.uevora.pt\/pt\/wp-json\/wp\/v2\/pages\/2794\/revisions"}],"predecessor-version":[{"id":2977,"href":"https:\/\/holybodies.uevora.pt\/pt\/wp-json\/wp\/v2\/pages\/2794\/revisions\/2977"}],"wp:attachment":[{"href":"https:\/\/holybodies.uevora.pt\/pt\/wp-json\/wp\/v2\/media?parent=2794"}],"curies":[{"name":"wp","href":"https:\/\/api.w.org\/{rel}","templated":true}]}}