{"id":2766,"date":"2025-04-08T17:42:40","date_gmt":"2025-04-08T16:42:40","guid":{"rendered":"https:\/\/holybodies.uevora.pt\/?page_id=2766"},"modified":"2025-04-16T22:15:50","modified_gmt":"2025-04-16T21:15:50","slug":"2766-2","status":"publish","type":"page","link":"https:\/\/holybodies.uevora.pt\/pt\/2766-2","title":{"rendered":"St Peregrino"},"content":{"rendered":"<p class=\"has-contrast-2-color has-text-color has-link-color has-large-font-size wp-elements-d0ea536ffa32479fb9551d1235266634\" style=\"font-style:normal;font-weight:600;letter-spacing:4px\">St Peregrino<\/p>\n\n\n\n<p class=\"has-medium-font-size\">O <em>simulacrum<\/em> de <strong>St Peregrino<\/strong>, datado de 1703, \u00e9 o mais antigo <em>simulacrum<\/em> de m\u00e1rtir, conhecido e documentado em Portugal. Encontra-se integrado num ret\u00e1bulo-relic\u00e1rio constru\u00eddo propositadamente para o efeito, localizado no coro baixo da Igreja de Nossa Senhora da Concei\u00e7\u00e3o dos Cardaes, em Lisboa.<\/p>\n\n\n\n<p class=\"has-medium-font-size\">O <em>simulacrum<\/em> enverga uma longa t\u00fanica vermelha, ricamente decorada com bordados em fios met\u00e1licos e rematada com passamanarias douradas e prateadas. O rosto \u00e9 formado por sucessivas camadas de gaze de seda, com modela\u00e7\u00e3o subtil ao n\u00edvel do nariz, dos l\u00e1bios e do queixo. Na cabe\u00e7a ostenta uma coroa de flores policromadas, de cores vibrantes, e segura um bast\u00e3o met\u00e1lico, que repousa junto ao corpo. O <em>simulacrum<\/em> encontra-se deitada sobre o lado direito, com o tronco e a cabe\u00e7a ligeiramente elevados. O cotovelo direito apoia-se numa almofada vermelha, sustentando a cabe\u00e7a com a m\u00e3o. O bra\u00e7o esquerdo acompanha o corpo e segura um ramo de flores variadas, enquanto a m\u00e3o repousa suavemente sobre a anca. As m\u00e3os est\u00e3o revestidas com renda met\u00e1lica e os p\u00e9s \u2014 envoltos em gaze \u2014 cal\u00e7am sand\u00e1lias simples com tiras. O <em>simulacrum<\/em> repousa sobre um leito coberto com tecido vermelho a condizer.<br><br><br><\/p>\n\n\n\n<figure class=\"wp-block-gallery has-nested-images columns-default is-cropped wp-block-gallery-1 is-layout-flex wp-block-gallery-is-layout-flex\">\n<figure class=\"wp-block-image size-large\"><img loading=\"lazy\" decoding=\"async\" width=\"1024\" height=\"768\" data-id=\"2775\" src=\"https:\/\/holybodies.uevora.pt\/wp-content\/uploads\/2025\/04\/Peregrino8-1024x768.jpg\" alt=\"\" class=\"wp-image-2775\" srcset=\"https:\/\/holybodies.uevora.pt\/wp-content\/uploads\/2025\/04\/Peregrino8-1024x768.jpg 1024w, https:\/\/holybodies.uevora.pt\/wp-content\/uploads\/2025\/04\/Peregrino8-300x225.jpg 300w, https:\/\/holybodies.uevora.pt\/wp-content\/uploads\/2025\/04\/Peregrino8-768x576.jpg 768w, https:\/\/holybodies.uevora.pt\/wp-content\/uploads\/2025\/04\/Peregrino8-1536x1152.jpg 1536w, https:\/\/holybodies.uevora.pt\/wp-content\/uploads\/2025\/04\/Peregrino8-2048x1536.jpg 2048w, https:\/\/holybodies.uevora.pt\/wp-content\/uploads\/2025\/04\/Peregrino8-16x12.jpg 16w\" sizes=\"auto, (max-width: 1024px) 100vw, 1024px\" \/><\/figure>\n\n\n\n<figure class=\"wp-block-image size-large\"><img loading=\"lazy\" decoding=\"async\" width=\"1024\" height=\"683\" data-id=\"2777\" src=\"https:\/\/holybodies.uevora.pt\/wp-content\/uploads\/2025\/04\/DSC_0107-1024x683.jpg\" alt=\"\" class=\"wp-image-2777\" srcset=\"https:\/\/holybodies.uevora.pt\/wp-content\/uploads\/2025\/04\/DSC_0107-1024x683.jpg 1024w, https:\/\/holybodies.uevora.pt\/wp-content\/uploads\/2025\/04\/DSC_0107-300x200.jpg 300w, https:\/\/holybodies.uevora.pt\/wp-content\/uploads\/2025\/04\/DSC_0107-768x512.jpg 768w, https:\/\/holybodies.uevora.pt\/wp-content\/uploads\/2025\/04\/DSC_0107-1536x1024.jpg 1536w, https:\/\/holybodies.uevora.pt\/wp-content\/uploads\/2025\/04\/DSC_0107-2048x1365.jpg 2048w, https:\/\/holybodies.uevora.pt\/wp-content\/uploads\/2025\/04\/DSC_0107-18x12.jpg 18w\" sizes=\"auto, (max-width: 1024px) 100vw, 1024px\" \/><\/figure>\n\n\n\n<figure class=\"wp-block-image size-large\"><img loading=\"lazy\" decoding=\"async\" width=\"1024\" height=\"768\" data-id=\"2776\" src=\"https:\/\/holybodies.uevora.pt\/wp-content\/uploads\/2025\/04\/Peregrino6-1024x768.jpg\" alt=\"\" class=\"wp-image-2776\" srcset=\"https:\/\/holybodies.uevora.pt\/wp-content\/uploads\/2025\/04\/Peregrino6-1024x768.jpg 1024w, https:\/\/holybodies.uevora.pt\/wp-content\/uploads\/2025\/04\/Peregrino6-300x225.jpg 300w, https:\/\/holybodies.uevora.pt\/wp-content\/uploads\/2025\/04\/Peregrino6-768x576.jpg 768w, https:\/\/holybodies.uevora.pt\/wp-content\/uploads\/2025\/04\/Peregrino6-1536x1152.jpg 1536w, https:\/\/holybodies.uevora.pt\/wp-content\/uploads\/2025\/04\/Peregrino6-2048x1536.jpg 2048w, https:\/\/holybodies.uevora.pt\/wp-content\/uploads\/2025\/04\/Peregrino6-16x12.jpg 16w\" sizes=\"auto, (max-width: 1024px) 100vw, 1024px\" \/><\/figure>\n<\/figure>\n\n\n\n<p class=\"has-medium-font-size\"><br><br>Junto ao corpo encontra-se uma cartela em papel com a inscri\u00e7\u00e3o \u201cS. PEREGRINO M.\u201d, encimada por um Cristograma. O interior da urna exibe ainda pequenos vasos cer\u00e2micos com arranjos florais em papel e folha met\u00e1lica, evocando um ambiente de devo\u00e7\u00e3o e cuidado.<\/p>\n\n\n\n<p class=\"has-medium-font-size\"><br>Em fevereiro de 2025, foi realizado um estudo t\u00e9cnico que incluiu fotografia de alta resolu\u00e7\u00e3o, exames radiogr\u00e1ficos, observa\u00e7\u00e3o endosc\u00f3pica, recolha de amostras e uma limpeza mec\u00e2nica superficial, com o objetivo de apoiar futuras interven\u00e7\u00f5es de conserva\u00e7\u00e3o e pesquisa.<\/p>\n\n\n\n<p><br><\/p>\n\n\n\n<figure class=\"wp-block-gallery has-nested-images columns-default is-cropped wp-block-gallery-2 is-layout-flex wp-block-gallery-is-layout-flex\">\n<figure class=\"wp-block-image size-large\"><img loading=\"lazy\" decoding=\"async\" width=\"1024\" height=\"768\" data-id=\"2783\" src=\"https:\/\/holybodies.uevora.pt\/wp-content\/uploads\/2025\/04\/IMG_20250212_104438-1024x768.jpg\" alt=\"\" class=\"wp-image-2783\" srcset=\"https:\/\/holybodies.uevora.pt\/wp-content\/uploads\/2025\/04\/IMG_20250212_104438-1024x768.jpg 1024w, https:\/\/holybodies.uevora.pt\/wp-content\/uploads\/2025\/04\/IMG_20250212_104438-300x225.jpg 300w, https:\/\/holybodies.uevora.pt\/wp-content\/uploads\/2025\/04\/IMG_20250212_104438-768x576.jpg 768w, https:\/\/holybodies.uevora.pt\/wp-content\/uploads\/2025\/04\/IMG_20250212_104438-1536x1152.jpg 1536w, https:\/\/holybodies.uevora.pt\/wp-content\/uploads\/2025\/04\/IMG_20250212_104438-2048x1536.jpg 2048w, https:\/\/holybodies.uevora.pt\/wp-content\/uploads\/2025\/04\/IMG_20250212_104438-16x12.jpg 16w\" sizes=\"auto, (max-width: 1024px) 100vw, 1024px\" \/><\/figure>\n\n\n\n<figure class=\"wp-block-image size-large\"><img loading=\"lazy\" decoding=\"async\" width=\"768\" height=\"1024\" data-id=\"2784\" src=\"https:\/\/holybodies.uevora.pt\/wp-content\/uploads\/2025\/04\/Peregrino5-768x1024.jpg\" alt=\"\" class=\"wp-image-2784\" srcset=\"https:\/\/holybodies.uevora.pt\/wp-content\/uploads\/2025\/04\/Peregrino5-768x1024.jpg 768w, https:\/\/holybodies.uevora.pt\/wp-content\/uploads\/2025\/04\/Peregrino5-225x300.jpg 225w, https:\/\/holybodies.uevora.pt\/wp-content\/uploads\/2025\/04\/Peregrino5-1152x1536.jpg 1152w, https:\/\/holybodies.uevora.pt\/wp-content\/uploads\/2025\/04\/Peregrino5-1536x2048.jpg 1536w, https:\/\/holybodies.uevora.pt\/wp-content\/uploads\/2025\/04\/Peregrino5-9x12.jpg 9w, https:\/\/holybodies.uevora.pt\/wp-content\/uploads\/2025\/04\/Peregrino5-scaled.jpg 1920w\" sizes=\"auto, (max-width: 768px) 100vw, 768px\" \/><\/figure>\n\n\n\n<figure class=\"wp-block-image size-large\"><img loading=\"lazy\" decoding=\"async\" width=\"1024\" height=\"768\" data-id=\"2786\" src=\"https:\/\/holybodies.uevora.pt\/wp-content\/uploads\/2025\/04\/IMG-20250213-WA0069-1024x768.jpg\" alt=\"\" class=\"wp-image-2786\" srcset=\"https:\/\/holybodies.uevora.pt\/wp-content\/uploads\/2025\/04\/IMG-20250213-WA0069-1024x768.jpg 1024w, https:\/\/holybodies.uevora.pt\/wp-content\/uploads\/2025\/04\/IMG-20250213-WA0069-300x225.jpg 300w, https:\/\/holybodies.uevora.pt\/wp-content\/uploads\/2025\/04\/IMG-20250213-WA0069-768x576.jpg 768w, https:\/\/holybodies.uevora.pt\/wp-content\/uploads\/2025\/04\/IMG-20250213-WA0069-1536x1152.jpg 1536w, https:\/\/holybodies.uevora.pt\/wp-content\/uploads\/2025\/04\/IMG-20250213-WA0069-16x12.jpg 16w, https:\/\/holybodies.uevora.pt\/wp-content\/uploads\/2025\/04\/IMG-20250213-WA0069.jpg 2048w\" sizes=\"auto, (max-width: 1024px) 100vw, 1024px\" \/><\/figure>\n<\/figure>\n\n\n\n<p><\/p>","protected":false},"excerpt":{"rendered":"<p>St Peregrino The simulacrum of St Peregrino, dated 1703, is the earliest known martyr&#8217; simulacrum documented in Portugal. It is housed in a purpose-built reliquary altarpiece in the lower choir of the Igreja de Nossa Senhora da Concei\u00e7\u00e3o dos Cardaes, Lisbon. The simulacrum is dressed in a long red tunic richly decorated with metallic thread &#8230; <a title=\"St Peregrino\" class=\"read-more\" href=\"https:\/\/holybodies.uevora.pt\/pt\/2766-2\" aria-label=\"Leia mais sobre St Peregrino\">Ler mais<\/a><\/p>","protected":false},"author":4,"featured_media":0,"parent":0,"menu_order":0,"comment_status":"closed","ping_status":"closed","template":"","meta":{"footnotes":""},"class_list":["post-2766","page","type-page","status-publish"],"_links":{"self":[{"href":"https:\/\/holybodies.uevora.pt\/pt\/wp-json\/wp\/v2\/pages\/2766","targetHints":{"allow":["GET"]}}],"collection":[{"href":"https:\/\/holybodies.uevora.pt\/pt\/wp-json\/wp\/v2\/pages"}],"about":[{"href":"https:\/\/holybodies.uevora.pt\/pt\/wp-json\/wp\/v2\/types\/page"}],"author":[{"embeddable":true,"href":"https:\/\/holybodies.uevora.pt\/pt\/wp-json\/wp\/v2\/users\/4"}],"replies":[{"embeddable":true,"href":"https:\/\/holybodies.uevora.pt\/pt\/wp-json\/wp\/v2\/comments?post=2766"}],"version-history":[{"count":12,"href":"https:\/\/holybodies.uevora.pt\/pt\/wp-json\/wp\/v2\/pages\/2766\/revisions"}],"predecessor-version":[{"id":2978,"href":"https:\/\/holybodies.uevora.pt\/pt\/wp-json\/wp\/v2\/pages\/2766\/revisions\/2978"}],"wp:attachment":[{"href":"https:\/\/holybodies.uevora.pt\/pt\/wp-json\/wp\/v2\/media?parent=2766"}],"curies":[{"name":"wp","href":"https:\/\/api.w.org\/{rel}","templated":true}]}}