{"id":2738,"date":"2025-04-08T14:56:50","date_gmt":"2025-04-08T13:56:50","guid":{"rendered":"https:\/\/holybodies.uevora.pt\/?page_id=2738"},"modified":"2025-04-16T22:16:19","modified_gmt":"2025-04-16T21:16:19","slug":"2738-2","status":"publish","type":"page","link":"https:\/\/holybodies.uevora.pt\/pt\/2738-2","title":{"rendered":"St Burcio"},"content":{"rendered":"<p class=\"has-contrast-2-color has-text-color has-link-color has-large-font-size wp-elements-235bab53db6c5ad4578341d8e041d989\" style=\"font-style:normal;font-weight:600;letter-spacing:4px\">St Burcio<\/p>\n\n\n\n<p class=\"has-medium-font-size\">O <em>simulacrum<\/em> do M\u00e1rtir <strong>St Burcio<\/strong> mede 126 cm de comprimento e 48 cm de altura (incluindo o manto). Encontra-se exposto deitado sobre o lado direito, com o corpo e o rosto voltados para o observador. O rosto e o cabelo s\u00e3o representados atrav\u00e9s de uma m\u00e1scara moldada em tecido, n\u00e3o pintada. Em contraste, as m\u00e3os est\u00e3o revestidas com luvas de renda met\u00e1lica, e os antebra\u00e7os, as pernas e os p\u00e9s est\u00e3o envoltos em gaze decorada com motivos vegetalistas. Os joelhos est\u00e3o fletidos, com as plantas dos p\u00e9s apoiadas na parte posterior da vitrina. <\/p>\n\n\n\n<p class=\"has-medium-font-size\">A transpar\u00eancia dos materiais permite a visualiza\u00e7\u00e3o parcial das rel\u00edquias no interior. A cabe\u00e7a repousa sobre uma almofada alta. O bra\u00e7o esquerdo encontra-se totalmente estendido, enquanto o bra\u00e7o direito est\u00e1 fletido, com o antebra\u00e7o e a m\u00e3o apoiados na zona da cintura. Na m\u00e3o direita, fechada, segura uma longa folha de palma revestida a tecido verde e um pequeno ramo de flores policromadas.<\/p>\n\n\n\n<p><br><\/p>\n\n\n\n<figure class=\"wp-block-gallery has-nested-images columns-default is-cropped wp-block-gallery-1 is-layout-flex wp-block-gallery-is-layout-flex\">\n<figure class=\"wp-block-image size-large\"><img loading=\"lazy\" decoding=\"async\" width=\"1024\" height=\"685\" data-id=\"2748\" src=\"https:\/\/holybodies.uevora.pt\/wp-content\/uploads\/2025\/04\/DSC_0907-1024x685.jpg\" alt=\"\" class=\"wp-image-2748\" srcset=\"https:\/\/holybodies.uevora.pt\/wp-content\/uploads\/2025\/04\/DSC_0907-1024x685.jpg 1024w, https:\/\/holybodies.uevora.pt\/wp-content\/uploads\/2025\/04\/DSC_0907-300x201.jpg 300w, https:\/\/holybodies.uevora.pt\/wp-content\/uploads\/2025\/04\/DSC_0907-768x514.jpg 768w, https:\/\/holybodies.uevora.pt\/wp-content\/uploads\/2025\/04\/DSC_0907-1536x1028.jpg 1536w, https:\/\/holybodies.uevora.pt\/wp-content\/uploads\/2025\/04\/DSC_0907-2048x1371.jpg 2048w, https:\/\/holybodies.uevora.pt\/wp-content\/uploads\/2025\/04\/DSC_0907-18x12.jpg 18w\" sizes=\"auto, (max-width: 1024px) 100vw, 1024px\" \/><\/figure>\n\n\n\n<figure class=\"wp-block-image size-large\"><img loading=\"lazy\" decoding=\"async\" width=\"1024\" height=\"685\" data-id=\"2747\" src=\"https:\/\/holybodies.uevora.pt\/wp-content\/uploads\/2025\/04\/DSC_0843-1024x685.jpg\" alt=\"\" class=\"wp-image-2747\" srcset=\"https:\/\/holybodies.uevora.pt\/wp-content\/uploads\/2025\/04\/DSC_0843-1024x685.jpg 1024w, https:\/\/holybodies.uevora.pt\/wp-content\/uploads\/2025\/04\/DSC_0843-300x201.jpg 300w, https:\/\/holybodies.uevora.pt\/wp-content\/uploads\/2025\/04\/DSC_0843-768x514.jpg 768w, https:\/\/holybodies.uevora.pt\/wp-content\/uploads\/2025\/04\/DSC_0843-1536x1028.jpg 1536w, https:\/\/holybodies.uevora.pt\/wp-content\/uploads\/2025\/04\/DSC_0843-2048x1371.jpg 2048w, https:\/\/holybodies.uevora.pt\/wp-content\/uploads\/2025\/04\/DSC_0843-18x12.jpg 18w\" sizes=\"auto, (max-width: 1024px) 100vw, 1024px\" \/><\/figure>\n\n\n\n<figure class=\"wp-block-image size-large\"><img loading=\"lazy\" decoding=\"async\" width=\"1024\" height=\"685\" data-id=\"2749\" src=\"https:\/\/holybodies.uevora.pt\/wp-content\/uploads\/2025\/04\/DSC_0820-1024x685.jpg\" alt=\"\" class=\"wp-image-2749\" srcset=\"https:\/\/holybodies.uevora.pt\/wp-content\/uploads\/2025\/04\/DSC_0820-1024x685.jpg 1024w, https:\/\/holybodies.uevora.pt\/wp-content\/uploads\/2025\/04\/DSC_0820-300x201.jpg 300w, https:\/\/holybodies.uevora.pt\/wp-content\/uploads\/2025\/04\/DSC_0820-768x514.jpg 768w, https:\/\/holybodies.uevora.pt\/wp-content\/uploads\/2025\/04\/DSC_0820-1536x1028.jpg 1536w, https:\/\/holybodies.uevora.pt\/wp-content\/uploads\/2025\/04\/DSC_0820-2048x1371.jpg 2048w, https:\/\/holybodies.uevora.pt\/wp-content\/uploads\/2025\/04\/DSC_0820-18x12.jpg 18w\" sizes=\"auto, (max-width: 1024px) 100vw, 1024px\" \/><\/figure>\n<\/figure>\n\n\n\n<p class=\"has-medium-font-size\"><br><br><br>O <em>simulacrum<\/em> encontra-se exposto numa vitrina pr\u00f3pria, embutida na parede da capela-mor do Pal\u00e1cio dos Marqueses de Pombal (Oeiras), do lado do Evangelho. O corpo repousa sobre um suporte em estuque, no qual se destaca uma cartela central com a seguinte inscri\u00e7\u00e3o, em letras mai\u00fasculas douradas, que se traduz como: \"CORPO DO M\u00c1RTIR ST BURCIO \/ ENCONTRADO COM [O SEU] PR\u00d3PRIO NOME\".<br><\/p>\n\n\n\n<p class=\"has-medium-font-size\"><br><\/p>\n\n\n<div class=\"wp-block-image is-style-rounded\">\n<figure class=\"aligncenter size-large is-resized\"><img decoding=\"async\" src=\"https:\/\/holybodies.uevora.pt\/wp-content\/uploads\/2025\/04\/DSC_0196-1024x683.jpg\" alt=\"\" class=\"wp-image-2755\" style=\"width:669px;height:auto\"\/><\/figure>\n<\/div>\n\n\n<p><\/p>","protected":false},"excerpt":{"rendered":"<p>St Burcio The simulacrum of the martyr St Burcio measures 126 cm in length and 48 cm in height (including the mantle). He is displayed lying on his right side, with both body and face turned toward the viewer. The face and hair are represented by an unpainted molded fabric mask. In contrast, the hands &#8230; <a title=\"St Burcio\" class=\"read-more\" href=\"https:\/\/holybodies.uevora.pt\/pt\/2738-2\" aria-label=\"Leia mais sobre St Burcio\">Ler mais<\/a><\/p>","protected":false},"author":4,"featured_media":0,"parent":0,"menu_order":0,"comment_status":"closed","ping_status":"closed","template":"","meta":{"footnotes":""},"class_list":["post-2738","page","type-page","status-publish"],"_links":{"self":[{"href":"https:\/\/holybodies.uevora.pt\/pt\/wp-json\/wp\/v2\/pages\/2738","targetHints":{"allow":["GET"]}}],"collection":[{"href":"https:\/\/holybodies.uevora.pt\/pt\/wp-json\/wp\/v2\/pages"}],"about":[{"href":"https:\/\/holybodies.uevora.pt\/pt\/wp-json\/wp\/v2\/types\/page"}],"author":[{"embeddable":true,"href":"https:\/\/holybodies.uevora.pt\/pt\/wp-json\/wp\/v2\/users\/4"}],"replies":[{"embeddable":true,"href":"https:\/\/holybodies.uevora.pt\/pt\/wp-json\/wp\/v2\/comments?post=2738"}],"version-history":[{"count":15,"href":"https:\/\/holybodies.uevora.pt\/pt\/wp-json\/wp\/v2\/pages\/2738\/revisions"}],"predecessor-version":[{"id":2979,"href":"https:\/\/holybodies.uevora.pt\/pt\/wp-json\/wp\/v2\/pages\/2738\/revisions\/2979"}],"wp:attachment":[{"href":"https:\/\/holybodies.uevora.pt\/pt\/wp-json\/wp\/v2\/media?parent=2738"}],"curies":[{"name":"wp","href":"https:\/\/api.w.org\/{rel}","templated":true}]}}