{"id":2679,"date":"2025-04-07T11:01:22","date_gmt":"2025-04-07T10:01:22","guid":{"rendered":"https:\/\/holybodies.uevora.pt\/?page_id=2679"},"modified":"2025-04-16T22:16:46","modified_gmt":"2025-04-16T21:16:46","slug":"st-clemente-3","status":"publish","type":"page","link":"https:\/\/holybodies.uevora.pt\/pt\/st-clemente-3","title":{"rendered":"St Clemente"},"content":{"rendered":"<p class=\"has-contrast-2-color has-text-color has-link-color has-large-font-size wp-elements-2ebe0a9ea8701dd1d0f4c1af1dd0996f\" style=\"font-style:normal;font-weight:600;letter-spacing:4px\">St Clemente<\/p>\n\n\n\n<p class=\"has-medium-font-size\">O \u00faltimo <em>simulacrum<\/em> a ser encontrado, o <em>corpo santo<\/em> de <strong>St Clemente<\/strong> encontra-se na capela do Pal\u00e1cio Nacional de Queluz, onde permaneceu, durante d\u00e9cadas, praticamente desconhecido. Atualmente, est\u00e1 localizado no altar lateral da capela, do lado do Evangelho, discretamente integrado no conjunto decorativo. Apresenta um estado de conserva\u00e7\u00e3o fr\u00e1gil, com perdas \u00f3sseas vis\u00edveis nas m\u00e3os, pernas e p\u00e9s, o que sublinha a urg\u00eancia de novas a\u00e7\u00f5es de documenta\u00e7\u00e3o e preserva\u00e7\u00e3o.<\/p>\n\n\n\n<p class=\"has-medium-font-size\">O <em>simulacrum<\/em> \u00e9 acompanhado por uma cartela em papel com uma inscri\u00e7\u00e3o que oferece importantes pistas sobre a sua proveni\u00eancia<br><\/p>\n\n\n\n<p class=\"has-text-align-center has-medium-font-size\">\u201cSAC. CORPUS. CUM. VASE SAN \/ GUINIS. S. CLEMENTIS MART. \/ e Coemeterio S. Laurentij\u201d<\/p>\n\n\n\n<p><br><\/p>\n\n\n\n<figure class=\"wp-block-gallery has-nested-images columns-default is-cropped wp-block-gallery-1 is-layout-flex wp-block-gallery-is-layout-flex\">\n<figure class=\"wp-block-image size-large\"><img loading=\"lazy\" decoding=\"async\" width=\"1024\" height=\"683\" data-id=\"2697\" src=\"https:\/\/holybodies.uevora.pt\/wp-content\/uploads\/2025\/04\/DSC_0019-1024x683.jpg\" alt=\"\" class=\"wp-image-2697\" srcset=\"https:\/\/holybodies.uevora.pt\/wp-content\/uploads\/2025\/04\/DSC_0019-1024x683.jpg 1024w, https:\/\/holybodies.uevora.pt\/wp-content\/uploads\/2025\/04\/DSC_0019-300x200.jpg 300w, https:\/\/holybodies.uevora.pt\/wp-content\/uploads\/2025\/04\/DSC_0019-768x512.jpg 768w, https:\/\/holybodies.uevora.pt\/wp-content\/uploads\/2025\/04\/DSC_0019-1536x1024.jpg 1536w, https:\/\/holybodies.uevora.pt\/wp-content\/uploads\/2025\/04\/DSC_0019-2048x1365.jpg 2048w, https:\/\/holybodies.uevora.pt\/wp-content\/uploads\/2025\/04\/DSC_0019-18x12.jpg 18w\" sizes=\"auto, (max-width: 1024px) 100vw, 1024px\" \/><\/figure>\n\n\n\n<figure class=\"wp-block-image size-large\"><img loading=\"lazy\" decoding=\"async\" width=\"1024\" height=\"768\" data-id=\"2725\" src=\"https:\/\/holybodies.uevora.pt\/wp-content\/uploads\/2025\/04\/Clemente-1-1024x768.jpg\" alt=\"\" class=\"wp-image-2725\" srcset=\"https:\/\/holybodies.uevora.pt\/wp-content\/uploads\/2025\/04\/Clemente-1-1024x768.jpg 1024w, https:\/\/holybodies.uevora.pt\/wp-content\/uploads\/2025\/04\/Clemente-1-300x225.jpg 300w, https:\/\/holybodies.uevora.pt\/wp-content\/uploads\/2025\/04\/Clemente-1-768x576.jpg 768w, https:\/\/holybodies.uevora.pt\/wp-content\/uploads\/2025\/04\/Clemente-1-1536x1152.jpg 1536w, https:\/\/holybodies.uevora.pt\/wp-content\/uploads\/2025\/04\/Clemente-1-2048x1536.jpg 2048w, https:\/\/holybodies.uevora.pt\/wp-content\/uploads\/2025\/04\/Clemente-1-16x12.jpg 16w\" sizes=\"auto, (max-width: 1024px) 100vw, 1024px\" \/><\/figure>\n\n\n\n<figure class=\"wp-block-image size-large\"><img loading=\"lazy\" decoding=\"async\" width=\"1024\" height=\"683\" data-id=\"2698\" src=\"https:\/\/holybodies.uevora.pt\/wp-content\/uploads\/2025\/04\/DSC_0034-1024x683.jpg\" alt=\"\" class=\"wp-image-2698\" srcset=\"https:\/\/holybodies.uevora.pt\/wp-content\/uploads\/2025\/04\/DSC_0034-1024x683.jpg 1024w, https:\/\/holybodies.uevora.pt\/wp-content\/uploads\/2025\/04\/DSC_0034-300x200.jpg 300w, https:\/\/holybodies.uevora.pt\/wp-content\/uploads\/2025\/04\/DSC_0034-768x512.jpg 768w, https:\/\/holybodies.uevora.pt\/wp-content\/uploads\/2025\/04\/DSC_0034-1536x1024.jpg 1536w, https:\/\/holybodies.uevora.pt\/wp-content\/uploads\/2025\/04\/DSC_0034-2048x1365.jpg 2048w, https:\/\/holybodies.uevora.pt\/wp-content\/uploads\/2025\/04\/DSC_0034-18x12.jpg 18w\" sizes=\"auto, (max-width: 1024px) 100vw, 1024px\" \/><\/figure>\n<\/figure>\n\n\n\n<p><br><br><\/p>\n\n\n\n<p class=\"has-medium-font-size\">Em fevereiro, foi realizado um estudo t\u00e9cnico aplicando-se a mesma metodologia utilizada noutros exemplares j\u00e1 conhecidos: documenta\u00e7\u00e3o fotogr\u00e1fica detalhada, imagem multiespectral e recolha de amostras para an\u00e1lise laboratorial.<\/p>\n\n\n\n<p class=\"has-medium-font-size\">Este \u00e9 um caso particularmente interessante, uma vez que o <em>simulacrum<\/em> de St Clemente apresenta fortes semelhan\u00e7as com outros exemplares j\u00e1 inventariados em Portugal. Futuras investiga\u00e7\u00f5es ir\u00e3o centrar-se na an\u00e1lise comparativa com outras rel\u00edquias, com o objetivo de identificar padr\u00f5es, coer\u00eancias estil\u00edsticas e, possivelmente, at\u00e9 os ateliers de produ\u00e7\u00e3o respons\u00e1veis pela sua cria\u00e7\u00e3o. <\/p>\n\n\n\n<p class=\"has-medium-font-size\"><br><\/p>\n\n\n\n<figure class=\"wp-block-gallery has-nested-images columns-default is-cropped wp-block-gallery-2 is-layout-flex wp-block-gallery-is-layout-flex\">\n<figure class=\"wp-block-image size-full\"><img loading=\"lazy\" decoding=\"async\" width=\"1920\" height=\"2560\" data-id=\"2690\" src=\"https:\/\/holybodies.uevora.pt\/wp-content\/uploads\/2025\/04\/Clemente-6-scaled.jpg\" alt=\"\" class=\"wp-image-2690\" srcset=\"https:\/\/holybodies.uevora.pt\/wp-content\/uploads\/2025\/04\/Clemente-6-scaled.jpg 1920w, https:\/\/holybodies.uevora.pt\/wp-content\/uploads\/2025\/04\/Clemente-6-225x300.jpg 225w\" sizes=\"auto, (max-width: 1920px) 100vw, 1920px\" \/><\/figure>\n\n\n\n<figure class=\"wp-block-image size-large\"><img loading=\"lazy\" decoding=\"async\" width=\"768\" height=\"1024\" data-id=\"2687\" src=\"https:\/\/holybodies.uevora.pt\/wp-content\/uploads\/2025\/04\/Clemente-3-768x1024.jpg\" alt=\"\" class=\"wp-image-2687\" srcset=\"https:\/\/holybodies.uevora.pt\/wp-content\/uploads\/2025\/04\/Clemente-3-768x1024.jpg 768w, https:\/\/holybodies.uevora.pt\/wp-content\/uploads\/2025\/04\/Clemente-3-225x300.jpg 225w, https:\/\/holybodies.uevora.pt\/wp-content\/uploads\/2025\/04\/Clemente-3-scaled.jpg 1920w\" sizes=\"auto, (max-width: 768px) 100vw, 768px\" \/><\/figure>\n\n\n\n<figure class=\"wp-block-image size-large\"><img loading=\"lazy\" decoding=\"async\" width=\"2560\" height=\"1920\" data-id=\"2691\" src=\"https:\/\/holybodies.uevora.pt\/wp-content\/uploads\/2025\/04\/Clemente-8-scaled.jpg\" alt=\"\" class=\"wp-image-2691\" srcset=\"https:\/\/holybodies.uevora.pt\/wp-content\/uploads\/2025\/04\/Clemente-8-scaled.jpg 2560w, https:\/\/holybodies.uevora.pt\/wp-content\/uploads\/2025\/04\/Clemente-8-300x225.jpg 300w\" sizes=\"auto, (max-width: 2560px) 100vw, 2560px\" \/><\/figure>\n<\/figure>\n\n\n\n<p class=\"has-medium-font-size\"><\/p>\n\n\n\n<p><\/p>\n\n\n\n<p class=\"has-medium-font-size\"><\/p>","protected":false},"excerpt":{"rendered":"<p>St Clemente The last simulacrum to be uncovered, the corpo santo of St Clemente is housed in the chapel of the Pal\u00e1cio Nacional de Queluz, where it remained largely unnoticed for decades. It is currently located on the side altar of the chapel, on the Gospel side, subtly integrated into the decorative ensemble. It presents &#8230; <a title=\"St Clemente\" class=\"read-more\" href=\"https:\/\/holybodies.uevora.pt\/pt\/st-clemente-3\" aria-label=\"Leia mais sobre St Clemente\">Ler mais<\/a><\/p>","protected":false},"author":4,"featured_media":0,"parent":0,"menu_order":0,"comment_status":"closed","ping_status":"closed","template":"","meta":{"footnotes":""},"class_list":["post-2679","page","type-page","status-publish"],"_links":{"self":[{"href":"https:\/\/holybodies.uevora.pt\/pt\/wp-json\/wp\/v2\/pages\/2679","targetHints":{"allow":["GET"]}}],"collection":[{"href":"https:\/\/holybodies.uevora.pt\/pt\/wp-json\/wp\/v2\/pages"}],"about":[{"href":"https:\/\/holybodies.uevora.pt\/pt\/wp-json\/wp\/v2\/types\/page"}],"author":[{"embeddable":true,"href":"https:\/\/holybodies.uevora.pt\/pt\/wp-json\/wp\/v2\/users\/4"}],"replies":[{"embeddable":true,"href":"https:\/\/holybodies.uevora.pt\/pt\/wp-json\/wp\/v2\/comments?post=2679"}],"version-history":[{"count":23,"href":"https:\/\/holybodies.uevora.pt\/pt\/wp-json\/wp\/v2\/pages\/2679\/revisions"}],"predecessor-version":[{"id":2980,"href":"https:\/\/holybodies.uevora.pt\/pt\/wp-json\/wp\/v2\/pages\/2679\/revisions\/2980"}],"wp:attachment":[{"href":"https:\/\/holybodies.uevora.pt\/pt\/wp-json\/wp\/v2\/media?parent=2679"}],"curies":[{"name":"wp","href":"https:\/\/api.w.org\/{rel}","templated":true}]}}