{"id":2596,"date":"2025-04-03T13:33:34","date_gmt":"2025-04-03T12:33:34","guid":{"rendered":"https:\/\/holybodies.uevora.pt\/?page_id=2596"},"modified":"2025-04-11T19:18:59","modified_gmt":"2025-04-11T18:18:59","slug":"2596-2","status":"publish","type":"page","link":"https:\/\/holybodies.uevora.pt\/pt\/2596-2","title":{"rendered":"St Vit\u00f3rio"},"content":{"rendered":"<p class=\"has-contrast-2-color has-text-color has-link-color has-large-font-size wp-elements-f84018eeca69a18da0063b54d4eba3a9\" style=\"font-style:normal;font-weight:600;letter-spacing:4px\">St Vit\u00f3rio<\/p>\n\n\n\n<p class=\"has-medium-font-size\">O <em>simulacrum<\/em> de <strong>St Vit\u00f3rio<\/strong> encontra-se no altar-mor da capela do Pal\u00e1cio Caldas, em Lisboa. Trata-se de um exemplo pertencente \u00e0 tipologia mais antiga, caracterizada pela cobertura do cr\u00e2nio com uma gaze simples de seda e pela presen\u00e7a de um esqueleto praticamente completo. O <em>simulacrum<\/em> apresenta-se numa pose em que o cotovelo est\u00e1 apoiado e a cabe\u00e7a sustentada pela m\u00e3o.<\/p>\n\n\n\n<p class=\"has-medium-font-size\">Uma cartela em papel com a inscri\u00e7\u00e3o \u201cS. VICTORIS M.\u201d identifica o <em>corpo santo<\/em>. O <em>simulacrum<\/em> encontra-se trajado como um guerreiro, envergando vestes ricamente bordadas com fios met\u00e1licos dourados e prateados. Os membros est\u00e3o envolvidos em gazes decorativas, e as pernas, os p\u00e9s e as m\u00e3os est\u00e3o revestidos com malha met\u00e1lica, conferindo opul\u00eancia e simbolizando a prote\u00e7\u00e3o do m\u00e1rtir.<\/p>\n\n\n\n<p><br><\/p>\n\n\n\n<figure class=\"wp-block-gallery has-nested-images columns-default is-cropped wp-block-gallery-1 is-layout-flex wp-block-gallery-is-layout-flex\">\n<figure class=\"wp-block-image size-large\"><img loading=\"lazy\" decoding=\"async\" width=\"1024\" height=\"683\" data-id=\"2703\" src=\"https:\/\/holybodies.uevora.pt\/wp-content\/uploads\/2025\/04\/DSC_0143-1024x683.jpg\" alt=\"\" class=\"wp-image-2703\" srcset=\"https:\/\/holybodies.uevora.pt\/wp-content\/uploads\/2025\/04\/DSC_0143-1024x683.jpg 1024w, https:\/\/holybodies.uevora.pt\/wp-content\/uploads\/2025\/04\/DSC_0143-300x200.jpg 300w, https:\/\/holybodies.uevora.pt\/wp-content\/uploads\/2025\/04\/DSC_0143-768x512.jpg 768w, https:\/\/holybodies.uevora.pt\/wp-content\/uploads\/2025\/04\/DSC_0143-1536x1024.jpg 1536w, https:\/\/holybodies.uevora.pt\/wp-content\/uploads\/2025\/04\/DSC_0143-2048x1365.jpg 2048w, https:\/\/holybodies.uevora.pt\/wp-content\/uploads\/2025\/04\/DSC_0143-18x12.jpg 18w\" sizes=\"auto, (max-width: 1024px) 100vw, 1024px\" \/><\/figure>\n\n\n\n<figure class=\"wp-block-image size-large\"><img loading=\"lazy\" decoding=\"async\" width=\"1024\" height=\"683\" data-id=\"2702\" src=\"https:\/\/holybodies.uevora.pt\/wp-content\/uploads\/2025\/04\/DSC_0134-1024x683.jpg\" alt=\"\" class=\"wp-image-2702\" srcset=\"https:\/\/holybodies.uevora.pt\/wp-content\/uploads\/2025\/04\/DSC_0134-1024x683.jpg 1024w, https:\/\/holybodies.uevora.pt\/wp-content\/uploads\/2025\/04\/DSC_0134-300x200.jpg 300w, https:\/\/holybodies.uevora.pt\/wp-content\/uploads\/2025\/04\/DSC_0134-768x512.jpg 768w, https:\/\/holybodies.uevora.pt\/wp-content\/uploads\/2025\/04\/DSC_0134-1536x1024.jpg 1536w, https:\/\/holybodies.uevora.pt\/wp-content\/uploads\/2025\/04\/DSC_0134-2048x1365.jpg 2048w, https:\/\/holybodies.uevora.pt\/wp-content\/uploads\/2025\/04\/DSC_0134-18x12.jpg 18w\" sizes=\"auto, (max-width: 1024px) 100vw, 1024px\" \/><\/figure>\n\n\n\n<figure class=\"wp-block-image size-large\"><img loading=\"lazy\" decoding=\"async\" width=\"1024\" height=\"683\" data-id=\"2701\" src=\"https:\/\/holybodies.uevora.pt\/wp-content\/uploads\/2025\/04\/DSC_0151-1024x683.jpg\" alt=\"\" class=\"wp-image-2701\" srcset=\"https:\/\/holybodies.uevora.pt\/wp-content\/uploads\/2025\/04\/DSC_0151-1024x683.jpg 1024w, https:\/\/holybodies.uevora.pt\/wp-content\/uploads\/2025\/04\/DSC_0151-300x200.jpg 300w, https:\/\/holybodies.uevora.pt\/wp-content\/uploads\/2025\/04\/DSC_0151-768x512.jpg 768w, https:\/\/holybodies.uevora.pt\/wp-content\/uploads\/2025\/04\/DSC_0151-1536x1024.jpg 1536w, https:\/\/holybodies.uevora.pt\/wp-content\/uploads\/2025\/04\/DSC_0151-2048x1365.jpg 2048w, https:\/\/holybodies.uevora.pt\/wp-content\/uploads\/2025\/04\/DSC_0151-18x12.jpg 18w\" sizes=\"auto, (max-width: 1024px) 100vw, 1024px\" \/><\/figure>\n<\/figure>","protected":false},"excerpt":{"rendered":"<p>St Vit\u00f3rio The simulacrum of St Vit\u00f3rio is located on the high altar of the chapel in the Pal\u00e1cio Caldas, in Lisbon. It is an example of the earliest typology, featuring only a silk gauze covering the skull and a nearly complete skeleton. The simulacrum is posed with the elbow resting and the head supported &#8230; <a title=\"St Vit\u00f3rio\" class=\"read-more\" href=\"https:\/\/holybodies.uevora.pt\/pt\/2596-2\" aria-label=\"Leia mais sobre St Vit\u00f3rio\">Ler mais<\/a><\/p>","protected":false},"author":4,"featured_media":0,"parent":0,"menu_order":0,"comment_status":"closed","ping_status":"closed","template":"","meta":{"footnotes":""},"class_list":["post-2596","page","type-page","status-publish"],"_links":{"self":[{"href":"https:\/\/holybodies.uevora.pt\/pt\/wp-json\/wp\/v2\/pages\/2596","targetHints":{"allow":["GET"]}}],"collection":[{"href":"https:\/\/holybodies.uevora.pt\/pt\/wp-json\/wp\/v2\/pages"}],"about":[{"href":"https:\/\/holybodies.uevora.pt\/pt\/wp-json\/wp\/v2\/types\/page"}],"author":[{"embeddable":true,"href":"https:\/\/holybodies.uevora.pt\/pt\/wp-json\/wp\/v2\/users\/4"}],"replies":[{"embeddable":true,"href":"https:\/\/holybodies.uevora.pt\/pt\/wp-json\/wp\/v2\/comments?post=2596"}],"version-history":[{"count":6,"href":"https:\/\/holybodies.uevora.pt\/pt\/wp-json\/wp\/v2\/pages\/2596\/revisions"}],"predecessor-version":[{"id":2896,"href":"https:\/\/holybodies.uevora.pt\/pt\/wp-json\/wp\/v2\/pages\/2596\/revisions\/2896"}],"wp:attachment":[{"href":"https:\/\/holybodies.uevora.pt\/pt\/wp-json\/wp\/v2\/media?parent=2596"}],"curies":[{"name":"wp","href":"https:\/\/api.w.org\/{rel}","templated":true}]}}