{"id":2563,"date":"2025-04-01T16:02:53","date_gmt":"2025-04-01T15:02:53","guid":{"rendered":"https:\/\/holybodies.uevora.pt\/?page_id=2563"},"modified":"2025-04-22T15:15:32","modified_gmt":"2025-04-22T14:15:32","slug":"2563-2","status":"publish","type":"page","link":"https:\/\/holybodies.uevora.pt\/pt\/2563-2","title":{"rendered":"St Fulg\u00eancio"},"content":{"rendered":"<p class=\"has-contrast-2-color has-text-color has-link-color has-large-font-size wp-elements-438c83808b9cfc127d0cf13f263cde5f\" style=\"font-style:normal;font-weight:600;letter-spacing:4px\">St Fulg\u00eancio <\/p>\n\n\n\n<p class=\"has-medium-font-size\">O <em>simulacrum<\/em> de <strong>St Fulg\u00eancio<\/strong> encontra-se integrado no ret\u00e1bulo da segunda capela lateral do lado do Evangelho da Igreja de St Maria Madalena. Junto aos p\u00e9s encontra-se uma cartela em papel <em>simulacrum<\/em> com uma inscri\u00e7\u00e3o em latim, que pode ser traduzida como: \u201cCorpo Santo com um vaso do sangue de St Fulg\u00eancio, M\u00e1rtir\u201d. Esta inscri\u00e7\u00e3o indica n\u00e3o s\u00f3 a presen\u00e7a de rel\u00edquias, mas tamb\u00e9m a inclus\u00e3o de um vaso contendo o sangue do santo, refor\u00e7ando assim o car\u00e1cter sagrado do conjunto.<\/p>\n\n\n\n<p><\/p>\n\n\n\n<p class=\"has-medium-font-size\">Em fevereiro de 2025, foi realizado um estudo t\u00e9cnico que incluiu a inspe\u00e7\u00e3o visual e a documenta\u00e7\u00e3o fotogr\u00e1fica do <em>simulacrum<\/em> de St Fulg\u00eancio. Durante a visita, foi poss\u00edvel observar o pequeno vaso de sangue e procedeu-se a uma limpeza superficial do vidro frontal da urna, bem como de algumas zonas do corpo que apresentavam sujidade significativa, resultante da anterior quebra do vidro. Foi igualmente realizado um exame endosc\u00f3pico, que permitiu a observa\u00e7\u00e3o interna da estrutura do simulacro, tendo-se recolhido algumas pequenas amostras de materiais para posterior an\u00e1lise laboratorial. Devido \u00e0 presen\u00e7a do vidro que envolve o simulacro, n\u00e3o foi poss\u00edvel realizar, nesta fase, exames radiogr\u00e1ficos.<\/p>\n\n\n\n<p><br><\/p>\n\n\n\n<figure class=\"wp-block-gallery has-nested-images columns-default is-cropped wp-block-gallery-1 is-layout-flex wp-block-gallery-is-layout-flex\">\n<figure class=\"wp-block-image size-large\"><img loading=\"lazy\" decoding=\"async\" width=\"1024\" height=\"730\" data-id=\"3011\" src=\"https:\/\/holybodies.uevora.pt\/wp-content\/uploads\/2025\/04\/S.-Ful-1024x730.jpeg\" alt=\"\" class=\"wp-image-3011\" srcset=\"https:\/\/holybodies.uevora.pt\/wp-content\/uploads\/2025\/04\/S.-Ful-1024x730.jpeg 1024w, https:\/\/holybodies.uevora.pt\/wp-content\/uploads\/2025\/04\/S.-Ful-300x214.jpeg 300w, https:\/\/holybodies.uevora.pt\/wp-content\/uploads\/2025\/04\/S.-Ful-768x548.jpeg 768w, https:\/\/holybodies.uevora.pt\/wp-content\/uploads\/2025\/04\/S.-Ful-18x12.jpeg 18w\" sizes=\"auto, (max-width: 1024px) 100vw, 1024px\" \/><\/figure>\n\n\n\n<figure class=\"wp-block-image size-large\"><img loading=\"lazy\" decoding=\"async\" width=\"1024\" height=\"683\" data-id=\"2584\" src=\"https:\/\/holybodies.uevora.pt\/wp-content\/uploads\/2025\/04\/Fulg-1024x683.jpg\" alt=\"\" class=\"wp-image-2584\" srcset=\"https:\/\/holybodies.uevora.pt\/wp-content\/uploads\/2025\/04\/Fulg-1024x683.jpg 1024w, https:\/\/holybodies.uevora.pt\/wp-content\/uploads\/2025\/04\/Fulg-300x200.jpg 300w, https:\/\/holybodies.uevora.pt\/wp-content\/uploads\/2025\/04\/Fulg-768x512.jpg 768w, https:\/\/holybodies.uevora.pt\/wp-content\/uploads\/2025\/04\/Fulg-18x12.jpg 18w\" sizes=\"auto, (max-width: 1024px) 100vw, 1024px\" \/><\/figure>\n\n\n\n<figure class=\"wp-block-image size-large\"><img loading=\"lazy\" decoding=\"async\" width=\"1024\" height=\"768\" data-id=\"2586\" src=\"https:\/\/holybodies.uevora.pt\/wp-content\/uploads\/2025\/04\/20250210_115402-1024x768.jpg\" alt=\"\" class=\"wp-image-2586\" srcset=\"https:\/\/holybodies.uevora.pt\/wp-content\/uploads\/2025\/04\/20250210_115402-1024x768.jpg 1024w, https:\/\/holybodies.uevora.pt\/wp-content\/uploads\/2025\/04\/20250210_115402-300x225.jpg 300w, https:\/\/holybodies.uevora.pt\/wp-content\/uploads\/2025\/04\/20250210_115402-768x576.jpg 768w, https:\/\/holybodies.uevora.pt\/wp-content\/uploads\/2025\/04\/20250210_115402-1536x1152.jpg 1536w, https:\/\/holybodies.uevora.pt\/wp-content\/uploads\/2025\/04\/20250210_115402-2048x1536.jpg 2048w, https:\/\/holybodies.uevora.pt\/wp-content\/uploads\/2025\/04\/20250210_115402-16x12.jpg 16w\" sizes=\"auto, (max-width: 1024px) 100vw, 1024px\" \/><\/figure>\n\n\n\n<figure class=\"wp-block-image size-large\"><img loading=\"lazy\" decoding=\"async\" width=\"1024\" height=\"485\" data-id=\"2587\" src=\"https:\/\/holybodies.uevora.pt\/wp-content\/uploads\/2025\/04\/IMG-20250213-WA0093-1024x485.jpg\" alt=\"\" class=\"wp-image-2587\" srcset=\"https:\/\/holybodies.uevora.pt\/wp-content\/uploads\/2025\/04\/IMG-20250213-WA0093-1024x485.jpg 1024w, https:\/\/holybodies.uevora.pt\/wp-content\/uploads\/2025\/04\/IMG-20250213-WA0093-300x142.jpg 300w, https:\/\/holybodies.uevora.pt\/wp-content\/uploads\/2025\/04\/IMG-20250213-WA0093-768x363.jpg 768w, https:\/\/holybodies.uevora.pt\/wp-content\/uploads\/2025\/04\/IMG-20250213-WA0093-1536x727.jpg 1536w, https:\/\/holybodies.uevora.pt\/wp-content\/uploads\/2025\/04\/IMG-20250213-WA0093-18x9.jpg 18w, https:\/\/holybodies.uevora.pt\/wp-content\/uploads\/2025\/04\/IMG-20250213-WA0093.jpg 1902w\" sizes=\"auto, (max-width: 1024px) 100vw, 1024px\" \/><\/figure>\n\n\n\n<figure class=\"wp-block-image size-large\"><img loading=\"lazy\" decoding=\"async\" width=\"1024\" height=\"768\" data-id=\"2588\" src=\"https:\/\/holybodies.uevora.pt\/wp-content\/uploads\/2025\/04\/IMG-20250213-WA0067-1024x768.jpg\" alt=\"\" class=\"wp-image-2588\" srcset=\"https:\/\/holybodies.uevora.pt\/wp-content\/uploads\/2025\/04\/IMG-20250213-WA0067-1024x768.jpg 1024w, https:\/\/holybodies.uevora.pt\/wp-content\/uploads\/2025\/04\/IMG-20250213-WA0067-300x225.jpg 300w, https:\/\/holybodies.uevora.pt\/wp-content\/uploads\/2025\/04\/IMG-20250213-WA0067-768x576.jpg 768w, https:\/\/holybodies.uevora.pt\/wp-content\/uploads\/2025\/04\/IMG-20250213-WA0067-1536x1152.jpg 1536w, https:\/\/holybodies.uevora.pt\/wp-content\/uploads\/2025\/04\/IMG-20250213-WA0067-16x12.jpg 16w, https:\/\/holybodies.uevora.pt\/wp-content\/uploads\/2025\/04\/IMG-20250213-WA0067.jpg 2048w\" sizes=\"auto, (max-width: 1024px) 100vw, 1024px\" \/><\/figure>\n<\/figure>\n\n\n\n<p><\/p>","protected":false},"excerpt":{"rendered":"<p>St Fulg\u00eancio The simulacrum of St Fulg\u00eancio is located in the altarpiece of the second side chapel on the Gospel side of the Igreja de St Maria Madalena. A paper cartouche placed near the feet of the simulacrum bears the Latin inscription, which can be translated as &#8220;Holy Body with a vessel of the blood &#8230; <a title=\"St Fulg\u00eancio\" class=\"read-more\" href=\"https:\/\/holybodies.uevora.pt\/pt\/2563-2\" aria-label=\"Leia mais sobre St Fulg\u00eancio\">Ler mais<\/a><\/p>","protected":false},"author":4,"featured_media":0,"parent":0,"menu_order":0,"comment_status":"closed","ping_status":"closed","template":"","meta":{"footnotes":""},"class_list":["post-2563","page","type-page","status-publish"],"_links":{"self":[{"href":"https:\/\/holybodies.uevora.pt\/pt\/wp-json\/wp\/v2\/pages\/2563","targetHints":{"allow":["GET"]}}],"collection":[{"href":"https:\/\/holybodies.uevora.pt\/pt\/wp-json\/wp\/v2\/pages"}],"about":[{"href":"https:\/\/holybodies.uevora.pt\/pt\/wp-json\/wp\/v2\/types\/page"}],"author":[{"embeddable":true,"href":"https:\/\/holybodies.uevora.pt\/pt\/wp-json\/wp\/v2\/users\/4"}],"replies":[{"embeddable":true,"href":"https:\/\/holybodies.uevora.pt\/pt\/wp-json\/wp\/v2\/comments?post=2563"}],"version-history":[{"count":21,"href":"https:\/\/holybodies.uevora.pt\/pt\/wp-json\/wp\/v2\/pages\/2563\/revisions"}],"predecessor-version":[{"id":3012,"href":"https:\/\/holybodies.uevora.pt\/pt\/wp-json\/wp\/v2\/pages\/2563\/revisions\/3012"}],"wp:attachment":[{"href":"https:\/\/holybodies.uevora.pt\/pt\/wp-json\/wp\/v2\/media?parent=2563"}],"curies":[{"name":"wp","href":"https:\/\/api.w.org\/{rel}","templated":true}]}}