{"id":2542,"date":"2025-04-01T15:12:29","date_gmt":"2025-04-01T14:12:29","guid":{"rendered":"https:\/\/holybodies.uevora.pt\/?page_id=2542"},"modified":"2025-04-11T16:45:28","modified_gmt":"2025-04-11T15:45:28","slug":"2542-2","status":"publish","type":"page","link":"https:\/\/holybodies.uevora.pt\/pt\/2542-2","title":{"rendered":"St Vit\u00f3ria &#8211; Lisboa"},"content":{"rendered":"<p class=\"has-contrast-2-color has-text-color has-link-color has-large-font-size wp-elements-e702c158e818e9db60c55b827b204a05\" style=\"font-style:normal;font-weight:600;letter-spacing:4px\">St Vit\u00f3ria <\/p>\n\n\n\n<p class=\"has-medium-font-size\"><\/p>\n\n\n\n<p class=\"has-contrast-color has-text-color has-link-color has-medium-font-size wp-elements-3cf5a72d5d773afc73ae26b7112f899e\"><strong>St Vit\u00f3ria<\/strong> \u00e9 o outro <em>simulacrum<\/em> existente no altar lateral do lado da Ep\u00edstola da Igreja Paroquial de St Nicolau, encontrando-se disposto de forma sim\u00e9trica em rela\u00e7\u00e3o ao <em>simulacrum<\/em> de St Bonif\u00e1cio. Tal como este \u00faltimo, integra o ret\u00e1bulo e apresenta aberturas vis\u00edveis em v\u00e1rios pontos do corpo, incluindo o peito, os bra\u00e7os e as pernas, permitindo a visualiza\u00e7\u00e3o dos ossos no seu interior. Algumas dessas aberturas encontram-se cobertas com um tecido fino e transl\u00facido.<\/p>\n\n\n\n<p class=\"has-contrast-color has-text-color has-link-color has-medium-font-size wp-elements-18e29bec47c6ca3e731d9c02d9cbfba6\">Em fevereiro de 2025, foi realizado um estudo t\u00e9cnico que incluiu a abertura da urna, a digitaliza\u00e7\u00e3o 3D, exames radiogr\u00e1ficos e endosc\u00f3picos, bem como a recolha de amostras. Estes procedimentos permitiram uma avalia\u00e7\u00e3o detalhada da estrutura e do estado de conserva\u00e7\u00e3o do <em>simulacrum<\/em>.<\/p>\n\n\n\n<p><br><\/p>\n\n\n\n<figure class=\"wp-block-gallery has-nested-images columns-default is-cropped wp-block-gallery-1 is-layout-flex wp-block-gallery-is-layout-flex\">\n<figure class=\"wp-block-image size-large\"><img loading=\"lazy\" decoding=\"async\" width=\"1024\" height=\"683\" data-id=\"2550\" src=\"https:\/\/holybodies.uevora.pt\/wp-content\/uploads\/2025\/04\/Vitoria-II-1024x683.jpg\" alt=\"\" class=\"wp-image-2550\" srcset=\"https:\/\/holybodies.uevora.pt\/wp-content\/uploads\/2025\/04\/Vitoria-II-1024x683.jpg 1024w, https:\/\/holybodies.uevora.pt\/wp-content\/uploads\/2025\/04\/Vitoria-II-300x200.jpg 300w, https:\/\/holybodies.uevora.pt\/wp-content\/uploads\/2025\/04\/Vitoria-II-768x512.jpg 768w, https:\/\/holybodies.uevora.pt\/wp-content\/uploads\/2025\/04\/Vitoria-II-18x12.jpg 18w\" sizes=\"auto, (max-width: 1024px) 100vw, 1024px\" \/><\/figure>\n\n\n\n<figure class=\"wp-block-image size-large\"><img loading=\"lazy\" decoding=\"async\" width=\"1024\" height=\"683\" data-id=\"2549\" src=\"https:\/\/holybodies.uevora.pt\/wp-content\/uploads\/2025\/04\/Vitoria-1024x683.jpg\" alt=\"\" class=\"wp-image-2549\" srcset=\"https:\/\/holybodies.uevora.pt\/wp-content\/uploads\/2025\/04\/Vitoria-1024x683.jpg 1024w, https:\/\/holybodies.uevora.pt\/wp-content\/uploads\/2025\/04\/Vitoria-300x200.jpg 300w, https:\/\/holybodies.uevora.pt\/wp-content\/uploads\/2025\/04\/Vitoria-768x512.jpg 768w, https:\/\/holybodies.uevora.pt\/wp-content\/uploads\/2025\/04\/Vitoria-1536x1024.jpg 1536w, https:\/\/holybodies.uevora.pt\/wp-content\/uploads\/2025\/04\/Vitoria-18x12.jpg 18w\" sizes=\"auto, (max-width: 1024px) 100vw, 1024px\" \/><\/figure>\n\n\n\n<figure class=\"wp-block-image size-large\"><img loading=\"lazy\" decoding=\"async\" width=\"1024\" height=\"683\" data-id=\"2552\" src=\"https:\/\/holybodies.uevora.pt\/wp-content\/uploads\/2025\/04\/Vitoria-III-1-1024x683.jpg\" alt=\"\" class=\"wp-image-2552\" srcset=\"https:\/\/holybodies.uevora.pt\/wp-content\/uploads\/2025\/04\/Vitoria-III-1-1024x683.jpg 1024w, https:\/\/holybodies.uevora.pt\/wp-content\/uploads\/2025\/04\/Vitoria-III-1-300x200.jpg 300w, https:\/\/holybodies.uevora.pt\/wp-content\/uploads\/2025\/04\/Vitoria-III-1-768x512.jpg 768w, https:\/\/holybodies.uevora.pt\/wp-content\/uploads\/2025\/04\/Vitoria-III-1-1536x1024.jpg 1536w, https:\/\/holybodies.uevora.pt\/wp-content\/uploads\/2025\/04\/Vitoria-III-1-18x12.jpg 18w\" sizes=\"auto, (max-width: 1024px) 100vw, 1024px\" \/><\/figure>\n<\/figure>\n\n\n\n<p><\/p>","protected":false},"excerpt":{"rendered":"<p>St Vit\u00f3ria St Vit\u00f3ria is the other simulacrum housed within the side altar (Epistle side) of the Igreja paroquial de St Nicolau, symmetrically arranged opposite the simulacrum of St Bonif\u00e1cio. Like the latter, it is integrated into the altarpiece and features visible openings at various points of the body, including the chest, arms, and legs, &#8230; <a title=\"St Vit\u00f3ria &#8211; Lisboa\" class=\"read-more\" href=\"https:\/\/holybodies.uevora.pt\/pt\/2542-2\" aria-label=\"Leia mais sobre St Vit\u00f3ria &#8211; Lisboa\">Ler mais<\/a><\/p>","protected":false},"author":4,"featured_media":0,"parent":0,"menu_order":0,"comment_status":"closed","ping_status":"closed","template":"","meta":{"footnotes":""},"class_list":["post-2542","page","type-page","status-publish"],"_links":{"self":[{"href":"https:\/\/holybodies.uevora.pt\/pt\/wp-json\/wp\/v2\/pages\/2542","targetHints":{"allow":["GET"]}}],"collection":[{"href":"https:\/\/holybodies.uevora.pt\/pt\/wp-json\/wp\/v2\/pages"}],"about":[{"href":"https:\/\/holybodies.uevora.pt\/pt\/wp-json\/wp\/v2\/types\/page"}],"author":[{"embeddable":true,"href":"https:\/\/holybodies.uevora.pt\/pt\/wp-json\/wp\/v2\/users\/4"}],"replies":[{"embeddable":true,"href":"https:\/\/holybodies.uevora.pt\/pt\/wp-json\/wp\/v2\/comments?post=2542"}],"version-history":[{"count":8,"href":"https:\/\/holybodies.uevora.pt\/pt\/wp-json\/wp\/v2\/pages\/2542\/revisions"}],"predecessor-version":[{"id":2865,"href":"https:\/\/holybodies.uevora.pt\/pt\/wp-json\/wp\/v2\/pages\/2542\/revisions\/2865"}],"wp:attachment":[{"href":"https:\/\/holybodies.uevora.pt\/pt\/wp-json\/wp\/v2\/media?parent=2542"}],"curies":[{"name":"wp","href":"https:\/\/api.w.org\/{rel}","templated":true}]}}