{"id":2526,"date":"2025-04-01T12:53:24","date_gmt":"2025-04-01T11:53:24","guid":{"rendered":"https:\/\/holybodies.uevora.pt\/?page_id=2526"},"modified":"2025-04-11T16:38:50","modified_gmt":"2025-04-11T15:38:50","slug":"2526-2","status":"publish","type":"page","link":"https:\/\/holybodies.uevora.pt\/pt\/2526-2","title":{"rendered":"St Bonif\u00e1cio"},"content":{"rendered":"<p class=\"has-contrast-2-color has-text-color has-link-color has-large-font-size wp-elements-e3ddae2e282501a89a5746198ff068f7\" style=\"font-style:normal;font-weight:600;letter-spacing:4px\">St Bonif\u00e1cio<\/p>\n\n\n\n<p class=\"has-medium-font-size\">Este \u00e9 um dos dois simulacros existentes nos altares laterais da Igreja paroquial de St Nicolau, onde se encontram integrados nos respetivos ret\u00e1bulos. A compara\u00e7\u00e3o entre o estado atual do <em>simulacrum<\/em> e uma fotogravura pertencente ao Patriarcado de Lisboa, datada de 1975, confirma que a posi\u00e7\u00e3o original do simulacro foi alterada e que alguns elementos decorativos foram entretanto removidos.<\/p>\n\n\n\n<p class=\"has-medium-font-size\">Em fevereiro de 2025, o <em>simulacrum<\/em> foi submetido a um exame detalhado, que incluiu a abertura da urna, a sua extra\u00e7\u00e3o cuidadosa, a digitaliza\u00e7\u00e3o 3D, a realiza\u00e7\u00e3o de exames radiogr\u00e1ficos, a observa\u00e7\u00e3o endosc\u00f3pica e a recolha de amostras para posterior an\u00e1lise. Esta interven\u00e7\u00e3o permitiu uma avalia\u00e7\u00e3o aprofundada da estrutura interna e do estado de conserva\u00e7\u00e3o do simulacro, conforme documentado nas imagens abaixo.<\/p>\n\n\n\n<p class=\"has-medium-font-size\">S\u00e3o vis\u00edveis aberturas ovais e retangulares ao n\u00edvel do pesco\u00e7o, peito, antebra\u00e7os, m\u00e3os, pernas e p\u00e9s, permitindo a visualiza\u00e7\u00e3o dos ossos no interior \u2014 tanto dos ossos maiores como das falanges. As aberturas existentes no pesco\u00e7o e no peito est\u00e3o cobertas por um tecido fino e transl\u00facido, que dissimula parcialmente as rel\u00edquias subjacentes. Um dos elementos distintivos deste <em>simulacrum<\/em> \u00e9 a presen\u00e7a de um capacete e de um escudo \u2014 acess\u00f3rios tradicionalmente associados \u00e0 representa\u00e7\u00e3o dos <em>milites Christi<\/em>, ou soldados de Cristo \u2014 sublinhando o papel simb\u00f3lico do m\u00e1rtir enquanto guerreiro espiritual.<\/p>\n\n\n\n<p><br><\/p>\n\n\n\n<figure class=\"wp-block-gallery has-nested-images columns-default is-cropped wp-block-gallery-1 is-layout-flex wp-block-gallery-is-layout-flex\">\n<figure class=\"wp-block-image size-large\"><img loading=\"lazy\" decoding=\"async\" width=\"1024\" height=\"683\" data-id=\"2538\" src=\"https:\/\/holybodies.uevora.pt\/wp-content\/uploads\/2025\/04\/DSC07487-1024x683.jpeg\" alt=\"\" class=\"wp-image-2538\" srcset=\"https:\/\/holybodies.uevora.pt\/wp-content\/uploads\/2025\/04\/DSC07487-1024x683.jpeg 1024w, https:\/\/holybodies.uevora.pt\/wp-content\/uploads\/2025\/04\/DSC07487-300x200.jpeg 300w, https:\/\/holybodies.uevora.pt\/wp-content\/uploads\/2025\/04\/DSC07487-768x512.jpeg 768w, https:\/\/holybodies.uevora.pt\/wp-content\/uploads\/2025\/04\/DSC07487-1536x1024.jpeg 1536w, https:\/\/holybodies.uevora.pt\/wp-content\/uploads\/2025\/04\/DSC07487-2048x1365.jpeg 2048w, https:\/\/holybodies.uevora.pt\/wp-content\/uploads\/2025\/04\/DSC07487-18x12.jpeg 18w\" sizes=\"auto, (max-width: 1024px) 100vw, 1024px\" \/><\/figure>\n\n\n\n<figure class=\"wp-block-image size-large\"><img loading=\"lazy\" decoding=\"async\" width=\"1024\" height=\"683\" data-id=\"2537\" src=\"https:\/\/holybodies.uevora.pt\/wp-content\/uploads\/2025\/04\/DSC07497-1-1024x683.jpeg\" alt=\"\" class=\"wp-image-2537\" srcset=\"https:\/\/holybodies.uevora.pt\/wp-content\/uploads\/2025\/04\/DSC07497-1-1024x683.jpeg 1024w, https:\/\/holybodies.uevora.pt\/wp-content\/uploads\/2025\/04\/DSC07497-1-300x200.jpeg 300w, https:\/\/holybodies.uevora.pt\/wp-content\/uploads\/2025\/04\/DSC07497-1-768x512.jpeg 768w, https:\/\/holybodies.uevora.pt\/wp-content\/uploads\/2025\/04\/DSC07497-1-18x12.jpeg 18w\" sizes=\"auto, (max-width: 1024px) 100vw, 1024px\" \/><\/figure>\n<\/figure>\n\n\n\n<p><\/p>","protected":false},"excerpt":{"rendered":"<p>St Bonif\u00e1cio This is one of two simulacra housed within the side altars of the Igreja paroquial de St Nicolau, where they are integrated into the altarpieces. A comparison between the current state of the simulacrum and a photogravure from the Patriarchate of Lisbon dated 1975 confirms that the original position has been altered and &#8230; <a title=\"St Bonif\u00e1cio\" class=\"read-more\" href=\"https:\/\/holybodies.uevora.pt\/pt\/2526-2\" aria-label=\"Leia mais sobre St Bonif\u00e1cio\">Ler mais<\/a><\/p>","protected":false},"author":4,"featured_media":0,"parent":0,"menu_order":0,"comment_status":"closed","ping_status":"closed","template":"","meta":{"footnotes":""},"class_list":["post-2526","page","type-page","status-publish"],"_links":{"self":[{"href":"https:\/\/holybodies.uevora.pt\/pt\/wp-json\/wp\/v2\/pages\/2526","targetHints":{"allow":["GET"]}}],"collection":[{"href":"https:\/\/holybodies.uevora.pt\/pt\/wp-json\/wp\/v2\/pages"}],"about":[{"href":"https:\/\/holybodies.uevora.pt\/pt\/wp-json\/wp\/v2\/types\/page"}],"author":[{"embeddable":true,"href":"https:\/\/holybodies.uevora.pt\/pt\/wp-json\/wp\/v2\/users\/4"}],"replies":[{"embeddable":true,"href":"https:\/\/holybodies.uevora.pt\/pt\/wp-json\/wp\/v2\/comments?post=2526"}],"version-history":[{"count":6,"href":"https:\/\/holybodies.uevora.pt\/pt\/wp-json\/wp\/v2\/pages\/2526\/revisions"}],"predecessor-version":[{"id":2864,"href":"https:\/\/holybodies.uevora.pt\/pt\/wp-json\/wp\/v2\/pages\/2526\/revisions\/2864"}],"wp:attachment":[{"href":"https:\/\/holybodies.uevora.pt\/pt\/wp-json\/wp\/v2\/media?parent=2526"}],"curies":[{"name":"wp","href":"https:\/\/api.w.org\/{rel}","templated":true}]}}