{"id":2498,"date":"2025-04-01T10:10:27","date_gmt":"2025-04-01T09:10:27","guid":{"rendered":"https:\/\/holybodies.uevora.pt\/?page_id=2498"},"modified":"2025-04-11T16:18:03","modified_gmt":"2025-04-11T15:18:03","slug":"2498-2","status":"publish","type":"page","link":"https:\/\/holybodies.uevora.pt\/pt\/2498-2","title":{"rendered":"St Benedito"},"content":{"rendered":"<p class=\"has-contrast-2-color has-text-color has-link-color has-large-font-size wp-elements-787cc12a548ab1b6bdd85073f6e87b8e\" style=\"font-style:normal;font-weight:600;letter-spacing:4px\">St Benedito<\/p>\n\n\n\n<p class=\"has-medium-font-size\">O <em>simulacrum<\/em> de <strong>St Benedito<\/strong> M\u00e1rtir encontra-se na sua pr\u00f3pria urna, situada sob o altar da Capela de Nossa Senhora das Dores \u2014 vulgarmente conhecida como Capela das Rel\u00edquias \u2014 a segunda capela lateral do lado da Ep\u00edstola da igreja do antigo Convento de St Ant\u00f3nio de Varatojo, em Torres Vedras (distrito e diocese de Lisboa). Uma placa em madeira, colocada na parte frontal da urna, ostenta a inscri\u00e7\u00e3o em latim <\/p>\n\n\n\n<p class=\"has-medium-font-size\"><\/p>\n\n\n\n<p class=\"has-text-align-center has-medium-font-size\">\u201cCORPUS BENEDICTI MARTYRIS\u201d<\/p>\n\n\n\n<p><br><\/p>\n\n\n\n<p class=\"has-medium-font-size\">Este <em>simulacrum<\/em> destaca-se por ser o exemplo mais recente identificado em Portugal, de acordo com o invent\u00e1rio compilado. <\/p>\n\n\n\n<p class=\"has-medium-font-size\">Embora n\u00e3o tenha sido encontrado, at\u00e9 ao momento, qualquer documento oficial relativo \u00e0 sua doa\u00e7\u00e3o ou transfer\u00eancia para a igreja, um relato detalhado sobre a sua aquisi\u00e7\u00e3o em Roma foi publicado no \u201cBoletim Mensal\u201d das Miss\u00f5es Franciscanas e Ordem Terceira, da autoria do Frei Alexandre dos Santos (O.F.M.), em 1948. Nesse relato, \u00e9 referido que, durante a sua terceira e \u00faltima viagem a Roma, a Infanta D. Isabel Maria de Bragan\u00e7a (n. 1801 \u2013 m. 1876), filha de D. Jo\u00e3o VI e antiga regente de Portugal, ter\u00e1 recebido das m\u00e3os do Papa Pio IX (r. 1846\u2013m. 1878) <em>simulacrum<\/em> o simulacro de St Benedito, na presen\u00e7a do seu capel\u00e3o.<\/p>\n\n\n\n<p><br><\/p>\n\n\n\n<div class=\"wp-block-group is-content-justification-center is-nowrap is-layout-flex wp-container-core-group-is-layout-94bc23d7 wp-block-group-is-layout-flex\">\n<figure class=\"wp-block-image size-large is-resized\"><img loading=\"lazy\" decoding=\"async\" width=\"1024\" height=\"685\" src=\"https:\/\/holybodies.uevora.pt\/wp-content\/uploads\/2025\/04\/DSC_0517-1024x685.jpg\" alt=\"\" class=\"wp-image-2504\" style=\"width:590px;height:auto\" srcset=\"https:\/\/holybodies.uevora.pt\/wp-content\/uploads\/2025\/04\/DSC_0517-1024x685.jpg 1024w, https:\/\/holybodies.uevora.pt\/wp-content\/uploads\/2025\/04\/DSC_0517-300x201.jpg 300w, https:\/\/holybodies.uevora.pt\/wp-content\/uploads\/2025\/04\/DSC_0517-768x514.jpg 768w, https:\/\/holybodies.uevora.pt\/wp-content\/uploads\/2025\/04\/DSC_0517-1536x1028.jpg 1536w, https:\/\/holybodies.uevora.pt\/wp-content\/uploads\/2025\/04\/DSC_0517-2048x1371.jpg 2048w, https:\/\/holybodies.uevora.pt\/wp-content\/uploads\/2025\/04\/DSC_0517-18x12.jpg 18w\" sizes=\"auto, (max-width: 1024px) 100vw, 1024px\" \/><\/figure>\n<\/div>\n\n\n\n<p><br><br><\/p>\n\n\n\n<p class=\"has-medium-font-size\">Em fevereiro de 2025, a urna foi aberta com o objetivo de proceder ao exame e estudo do seu conte\u00fado. Esta interven\u00e7\u00e3o incluiu a extra\u00e7\u00e3o cuidadosa do simulacro, a recolha de amostras para an\u00e1lise, a digitaliza\u00e7\u00e3o 3D, a realiza\u00e7\u00e3o de exames radiogr\u00e1ficos e a observa\u00e7\u00e3o endosc\u00f3pica da sua estrutura interna. Todo o processo foi devidamente documentado e acompanhado por registo fotogr\u00e1fico, conforme se apresenta abaixo.<\/p>\n\n\n\n<p><br><\/p>\n\n\n\n<figure class=\"wp-block-gallery has-nested-images columns-default is-cropped wp-block-gallery-1 is-layout-flex wp-block-gallery-is-layout-flex\">\n<figure class=\"wp-block-image size-large\"><img loading=\"lazy\" decoding=\"async\" width=\"768\" height=\"1024\" data-id=\"2514\" src=\"https:\/\/holybodies.uevora.pt\/wp-content\/uploads\/2025\/04\/20250213_110715-768x1024.jpg\" alt=\"\" class=\"wp-image-2514\" srcset=\"https:\/\/holybodies.uevora.pt\/wp-content\/uploads\/2025\/04\/20250213_110715-768x1024.jpg 768w, https:\/\/holybodies.uevora.pt\/wp-content\/uploads\/2025\/04\/20250213_110715-225x300.jpg 225w, https:\/\/holybodies.uevora.pt\/wp-content\/uploads\/2025\/04\/20250213_110715-1152x1536.jpg 1152w, https:\/\/holybodies.uevora.pt\/wp-content\/uploads\/2025\/04\/20250213_110715-1536x2048.jpg 1536w, https:\/\/holybodies.uevora.pt\/wp-content\/uploads\/2025\/04\/20250213_110715-9x12.jpg 9w, https:\/\/holybodies.uevora.pt\/wp-content\/uploads\/2025\/04\/20250213_110715-scaled.jpg 1920w\" sizes=\"auto, (max-width: 768px) 100vw, 768px\" \/><\/figure>\n\n\n\n<figure class=\"wp-block-image size-large\"><img loading=\"lazy\" decoding=\"async\" width=\"768\" height=\"1024\" data-id=\"2513\" src=\"https:\/\/holybodies.uevora.pt\/wp-content\/uploads\/2025\/04\/20250213_153608-768x1024.jpg\" alt=\"\" class=\"wp-image-2513\" srcset=\"https:\/\/holybodies.uevora.pt\/wp-content\/uploads\/2025\/04\/20250213_153608-768x1024.jpg 768w, https:\/\/holybodies.uevora.pt\/wp-content\/uploads\/2025\/04\/20250213_153608-225x300.jpg 225w, https:\/\/holybodies.uevora.pt\/wp-content\/uploads\/2025\/04\/20250213_153608-1152x1536.jpg 1152w, https:\/\/holybodies.uevora.pt\/wp-content\/uploads\/2025\/04\/20250213_153608-1536x2048.jpg 1536w, https:\/\/holybodies.uevora.pt\/wp-content\/uploads\/2025\/04\/20250213_153608-9x12.jpg 9w, https:\/\/holybodies.uevora.pt\/wp-content\/uploads\/2025\/04\/20250213_153608-scaled.jpg 1920w\" sizes=\"auto, (max-width: 768px) 100vw, 768px\" \/><\/figure>\n\n\n\n<figure class=\"wp-block-image size-large\"><img loading=\"lazy\" decoding=\"async\" width=\"1024\" height=\"768\" data-id=\"2509\" src=\"https:\/\/holybodies.uevora.pt\/wp-content\/uploads\/2025\/04\/IMG-20250213-WA0084-1024x768.jpg\" alt=\"\" class=\"wp-image-2509\" srcset=\"https:\/\/holybodies.uevora.pt\/wp-content\/uploads\/2025\/04\/IMG-20250213-WA0084-1024x768.jpg 1024w, https:\/\/holybodies.uevora.pt\/wp-content\/uploads\/2025\/04\/IMG-20250213-WA0084-300x225.jpg 300w, https:\/\/holybodies.uevora.pt\/wp-content\/uploads\/2025\/04\/IMG-20250213-WA0084-768x576.jpg 768w, https:\/\/holybodies.uevora.pt\/wp-content\/uploads\/2025\/04\/IMG-20250213-WA0084-1536x1152.jpg 1536w, https:\/\/holybodies.uevora.pt\/wp-content\/uploads\/2025\/04\/IMG-20250213-WA0084-16x12.jpg 16w, https:\/\/holybodies.uevora.pt\/wp-content\/uploads\/2025\/04\/IMG-20250213-WA0084.jpg 2048w\" sizes=\"auto, (max-width: 1024px) 100vw, 1024px\" \/><\/figure>\n\n\n\n<figure class=\"wp-block-image size-large\"><img loading=\"lazy\" decoding=\"async\" width=\"1024\" height=\"768\" data-id=\"2510\" src=\"https:\/\/holybodies.uevora.pt\/wp-content\/uploads\/2025\/04\/IMG-20250213-WA0074-1024x768.jpg\" alt=\"\" class=\"wp-image-2510\" srcset=\"https:\/\/holybodies.uevora.pt\/wp-content\/uploads\/2025\/04\/IMG-20250213-WA0074-1024x768.jpg 1024w, https:\/\/holybodies.uevora.pt\/wp-content\/uploads\/2025\/04\/IMG-20250213-WA0074-300x225.jpg 300w, https:\/\/holybodies.uevora.pt\/wp-content\/uploads\/2025\/04\/IMG-20250213-WA0074-768x576.jpg 768w, https:\/\/holybodies.uevora.pt\/wp-content\/uploads\/2025\/04\/IMG-20250213-WA0074-1536x1152.jpg 1536w, https:\/\/holybodies.uevora.pt\/wp-content\/uploads\/2025\/04\/IMG-20250213-WA0074-16x12.jpg 16w, https:\/\/holybodies.uevora.pt\/wp-content\/uploads\/2025\/04\/IMG-20250213-WA0074.jpg 2048w\" sizes=\"auto, (max-width: 1024px) 100vw, 1024px\" \/><\/figure>\n\n\n\n<figure class=\"wp-block-image size-large\"><img loading=\"lazy\" decoding=\"async\" width=\"1024\" height=\"768\" data-id=\"2515\" src=\"https:\/\/holybodies.uevora.pt\/wp-content\/uploads\/2025\/04\/20250213_120928-1024x768.jpg\" alt=\"\" class=\"wp-image-2515\" srcset=\"https:\/\/holybodies.uevora.pt\/wp-content\/uploads\/2025\/04\/20250213_120928-1024x768.jpg 1024w, https:\/\/holybodies.uevora.pt\/wp-content\/uploads\/2025\/04\/20250213_120928-300x225.jpg 300w, https:\/\/holybodies.uevora.pt\/wp-content\/uploads\/2025\/04\/20250213_120928-768x576.jpg 768w, https:\/\/holybodies.uevora.pt\/wp-content\/uploads\/2025\/04\/20250213_120928-1536x1152.jpg 1536w, https:\/\/holybodies.uevora.pt\/wp-content\/uploads\/2025\/04\/20250213_120928-2048x1536.jpg 2048w, https:\/\/holybodies.uevora.pt\/wp-content\/uploads\/2025\/04\/20250213_120928-16x12.jpg 16w\" sizes=\"auto, (max-width: 1024px) 100vw, 1024px\" \/><\/figure>\n<\/figure>\n\n\n\n<p class=\"has-small-font-size\"><br><br><br>Santos (O.F.M.), A. dos. (1948). O corpo de S. Benedito m\u00e1rtir na Igreja do Varatojo (Leitura amena). <em>Boletim Mensal. Miss\u00f5es Franciscanas e Ordem Terceira<\/em>, <em>XLI<\/em>(1<sup>o<\/sup>), 223\u2013226.<\/p>\n\n\n\n<p><\/p>","protected":false},"excerpt":{"rendered":"<p>St Benedito The simulacrum of St Benedito Martyr is housed in its own urn beneath the altar of Our Lady of Sorrows Chapel\u2014commonly known as the Chapel of the Relics\u2014the second side chapel on the Epistle side of the Church of the former Convento de St Ant\u00f3nio de Varatojo, in Torres Vedras (Lisbon district and &#8230; <a title=\"St Benedito\" class=\"read-more\" href=\"https:\/\/holybodies.uevora.pt\/pt\/2498-2\" aria-label=\"Leia mais sobre St Benedito\">Ler mais<\/a><\/p>","protected":false},"author":4,"featured_media":0,"parent":0,"menu_order":0,"comment_status":"closed","ping_status":"closed","template":"","meta":{"footnotes":""},"class_list":["post-2498","page","type-page","status-publish"],"_links":{"self":[{"href":"https:\/\/holybodies.uevora.pt\/pt\/wp-json\/wp\/v2\/pages\/2498","targetHints":{"allow":["GET"]}}],"collection":[{"href":"https:\/\/holybodies.uevora.pt\/pt\/wp-json\/wp\/v2\/pages"}],"about":[{"href":"https:\/\/holybodies.uevora.pt\/pt\/wp-json\/wp\/v2\/types\/page"}],"author":[{"embeddable":true,"href":"https:\/\/holybodies.uevora.pt\/pt\/wp-json\/wp\/v2\/users\/4"}],"replies":[{"embeddable":true,"href":"https:\/\/holybodies.uevora.pt\/pt\/wp-json\/wp\/v2\/comments?post=2498"}],"version-history":[{"count":12,"href":"https:\/\/holybodies.uevora.pt\/pt\/wp-json\/wp\/v2\/pages\/2498\/revisions"}],"predecessor-version":[{"id":2862,"href":"https:\/\/holybodies.uevora.pt\/pt\/wp-json\/wp\/v2\/pages\/2498\/revisions\/2862"}],"wp:attachment":[{"href":"https:\/\/holybodies.uevora.pt\/pt\/wp-json\/wp\/v2\/media?parent=2498"}],"curies":[{"name":"wp","href":"https:\/\/api.w.org\/{rel}","templated":true}]}}