{"id":2396,"date":"2025-04-01T09:19:06","date_gmt":"2025-04-01T08:19:06","guid":{"rendered":"https:\/\/holybodies.uevora.pt\/?page_id=2396"},"modified":"2025-04-11T17:14:24","modified_gmt":"2025-04-11T16:14:24","slug":"2396-2","status":"publish","type":"page","link":"https:\/\/holybodies.uevora.pt\/pt\/2396-2","title":{"rendered":"St Vit\u00f3ria"},"content":{"rendered":"<p class=\"has-contrast-2-color has-text-color has-link-color has-large-font-size wp-elements-e702c158e818e9db60c55b827b204a05\" style=\"font-style:normal;font-weight:600;letter-spacing:4px\">St Vit\u00f3ria <\/p>\n\n\n\n<p><\/p>\n\n\n\n<p class=\"has-medium-font-size\">O <em>simulacrum<\/em> de St Vit\u00f3ria, com 153 cm de comprimento, encontra-se deitado em posi\u00e7\u00e3o supina, voltado para cima, com a cabe\u00e7a ligeiramente inclinada para a esquerda, apoiada sobre duas almofadas de damasco vermelho. A m\u00e1scara em cera apresenta tra\u00e7os juvenis e femininos, com o queixo proeminente e os olhos fechados. O corpo encontra-se ricamente vestido com trajes em cetim e tafet\u00e1 bordados, em tons quentes, destacando-se meias em tom rosa-salm\u00e3o e um vestido amarelo-claro decorado com motivos florais a prata e ouro. Um corpete em moir\u00e9 azul-p\u00e1lido e um manto azul-esverdeado completam o conjunto. As m\u00e3os, que seguram uma palma e um ramo de flores, repousam sobre a cintura. A coroa e os acess\u00f3rios florais s\u00e3o elaborados em fios met\u00e1licos e flores de cetim coloridas, evocando o estilo associado ao mart\u00edrio imperial. Os p\u00e9s ultrapassam ligeiramente os limites da urna.<\/p>\n\n\n\n<p><br><\/p>\n\n\n\n<div class=\"wp-block-group is-content-justification-center is-nowrap is-layout-flex wp-container-core-group-is-layout-94bc23d7 wp-block-group-is-layout-flex\">\n<figure class=\"wp-block-image size-large is-resized\"><img loading=\"lazy\" decoding=\"async\" width=\"1024\" height=\"633\" src=\"https:\/\/holybodies.uevora.pt\/wp-content\/uploads\/2025\/03\/Cravofinal0027-1-1024x633.jpg\" alt=\"\" class=\"wp-image-2413\" style=\"width:568px;height:auto\" srcset=\"https:\/\/holybodies.uevora.pt\/wp-content\/uploads\/2025\/03\/Cravofinal0027-1-1024x633.jpg 1024w, https:\/\/holybodies.uevora.pt\/wp-content\/uploads\/2025\/03\/Cravofinal0027-1-300x185.jpg 300w, https:\/\/holybodies.uevora.pt\/wp-content\/uploads\/2025\/03\/Cravofinal0027-1-768x475.jpg 768w, https:\/\/holybodies.uevora.pt\/wp-content\/uploads\/2025\/03\/Cravofinal0027-1-1536x950.jpg 1536w, https:\/\/holybodies.uevora.pt\/wp-content\/uploads\/2025\/03\/Cravofinal0027-1-2048x1266.jpg 2048w, https:\/\/holybodies.uevora.pt\/wp-content\/uploads\/2025\/03\/Cravofinal0027-1-18x12.jpg 18w\" sizes=\"auto, (max-width: 1024px) 100vw, 1024px\" \/><\/figure>\n<\/div>\n\n\n\n<p><br><br><\/p>\n\n\n\n<div class=\"wp-block-group is-nowrap is-layout-flex wp-container-core-group-is-layout-ad2f72ca wp-block-group-is-layout-flex\">\n<figure class=\"wp-block-image size-large is-resized\"><img loading=\"lazy\" decoding=\"async\" width=\"1024\" height=\"685\" src=\"https:\/\/holybodies.uevora.pt\/wp-content\/uploads\/2025\/03\/DSC_0413-1024x685.jpg\" alt=\"\" class=\"wp-image-2443\" style=\"width:401px;height:auto\" srcset=\"https:\/\/holybodies.uevora.pt\/wp-content\/uploads\/2025\/03\/DSC_0413-1024x685.jpg 1024w, https:\/\/holybodies.uevora.pt\/wp-content\/uploads\/2025\/03\/DSC_0413-300x201.jpg 300w, https:\/\/holybodies.uevora.pt\/wp-content\/uploads\/2025\/03\/DSC_0413-768x514.jpg 768w, https:\/\/holybodies.uevora.pt\/wp-content\/uploads\/2025\/03\/DSC_0413-1536x1028.jpg 1536w, https:\/\/holybodies.uevora.pt\/wp-content\/uploads\/2025\/03\/DSC_0413-2048x1371.jpg 2048w, https:\/\/holybodies.uevora.pt\/wp-content\/uploads\/2025\/03\/DSC_0413-18x12.jpg 18w\" sizes=\"auto, (max-width: 1024px) 100vw, 1024px\" \/><\/figure>\n\n\n\n<figure class=\"wp-block-image size-large is-resized\"><img loading=\"lazy\" decoding=\"async\" width=\"1024\" height=\"685\" src=\"https:\/\/holybodies.uevora.pt\/wp-content\/uploads\/2025\/03\/DSC_0344-1024x685.jpg\" alt=\"\" class=\"wp-image-2442\" style=\"width:401px;height:auto\" srcset=\"https:\/\/holybodies.uevora.pt\/wp-content\/uploads\/2025\/03\/DSC_0344-1024x685.jpg 1024w, https:\/\/holybodies.uevora.pt\/wp-content\/uploads\/2025\/03\/DSC_0344-300x201.jpg 300w, https:\/\/holybodies.uevora.pt\/wp-content\/uploads\/2025\/03\/DSC_0344-768x514.jpg 768w, https:\/\/holybodies.uevora.pt\/wp-content\/uploads\/2025\/03\/DSC_0344-1536x1028.jpg 1536w, https:\/\/holybodies.uevora.pt\/wp-content\/uploads\/2025\/03\/DSC_0344-2048x1371.jpg 2048w, https:\/\/holybodies.uevora.pt\/wp-content\/uploads\/2025\/03\/DSC_0344-18x12.jpg 18w\" sizes=\"auto, (max-width: 1024px) 100vw, 1024px\" \/><\/figure>\n\n\n\n<figure class=\"wp-block-image size-large is-resized\"><img loading=\"lazy\" decoding=\"async\" width=\"1024\" height=\"685\" src=\"https:\/\/holybodies.uevora.pt\/wp-content\/uploads\/2025\/03\/DSC_0329-1024x685.jpg\" alt=\"\" class=\"wp-image-2429\" style=\"width:401px;height:auto\" srcset=\"https:\/\/holybodies.uevora.pt\/wp-content\/uploads\/2025\/03\/DSC_0329-1024x685.jpg 1024w, https:\/\/holybodies.uevora.pt\/wp-content\/uploads\/2025\/03\/DSC_0329-300x201.jpg 300w, https:\/\/holybodies.uevora.pt\/wp-content\/uploads\/2025\/03\/DSC_0329-768x514.jpg 768w, https:\/\/holybodies.uevora.pt\/wp-content\/uploads\/2025\/03\/DSC_0329-1536x1028.jpg 1536w, https:\/\/holybodies.uevora.pt\/wp-content\/uploads\/2025\/03\/DSC_0329-2048x1371.jpg 2048w, https:\/\/holybodies.uevora.pt\/wp-content\/uploads\/2025\/03\/DSC_0329-18x12.jpg 18w\" sizes=\"auto, (max-width: 1024px) 100vw, 1024px\" \/><\/figure>\n<\/div>\n\n\n\n<p><br><\/p>","protected":false},"excerpt":{"rendered":"<p>St Vit\u00f3ria The simulacrum of St Vit\u00f3ria, measuring 153 cm in length, lies facing up in a supine position, with the head slightly tilted to the left and resting on two crimson damask cushions. The wax mask features youthful, feminine traits with a prominent chin and closed eyes. Her body is richly dressed in embroidered &#8230; <a title=\"St Vit\u00f3ria\" class=\"read-more\" href=\"https:\/\/holybodies.uevora.pt\/pt\/2396-2\" aria-label=\"Leia mais sobre St Vit\u00f3ria\">Ler mais<\/a><\/p>","protected":false},"author":4,"featured_media":0,"parent":0,"menu_order":0,"comment_status":"closed","ping_status":"closed","template":"","meta":{"footnotes":""},"class_list":["post-2396","page","type-page","status-publish"],"_links":{"self":[{"href":"https:\/\/holybodies.uevora.pt\/pt\/wp-json\/wp\/v2\/pages\/2396","targetHints":{"allow":["GET"]}}],"collection":[{"href":"https:\/\/holybodies.uevora.pt\/pt\/wp-json\/wp\/v2\/pages"}],"about":[{"href":"https:\/\/holybodies.uevora.pt\/pt\/wp-json\/wp\/v2\/types\/page"}],"author":[{"embeddable":true,"href":"https:\/\/holybodies.uevora.pt\/pt\/wp-json\/wp\/v2\/users\/4"}],"replies":[{"embeddable":true,"href":"https:\/\/holybodies.uevora.pt\/pt\/wp-json\/wp\/v2\/comments?post=2396"}],"version-history":[{"count":10,"href":"https:\/\/holybodies.uevora.pt\/pt\/wp-json\/wp\/v2\/pages\/2396\/revisions"}],"predecessor-version":[{"id":2874,"href":"https:\/\/holybodies.uevora.pt\/pt\/wp-json\/wp\/v2\/pages\/2396\/revisions\/2874"}],"wp:attachment":[{"href":"https:\/\/holybodies.uevora.pt\/pt\/wp-json\/wp\/v2\/media?parent=2396"}],"curies":[{"name":"wp","href":"https:\/\/api.w.org\/{rel}","templated":true}]}}