{"id":2394,"date":"2025-04-01T09:18:20","date_gmt":"2025-04-01T08:18:20","guid":{"rendered":"https:\/\/holybodies.uevora.pt\/?page_id=2394"},"modified":"2025-04-11T17:11:38","modified_gmt":"2025-04-11T16:11:38","slug":"2394-2","status":"publish","type":"page","link":"https:\/\/holybodies.uevora.pt\/pt\/2394-2","title":{"rendered":"St Eleonora"},"content":{"rendered":"<p class=\"has-contrast-2-color has-text-color has-link-color has-large-font-size wp-elements-4ee0270c0f77c5b13e4b3e3e10ef22ac\" style=\"font-style:normal;font-weight:600;letter-spacing:4px\">St Eleonora<\/p>\n\n\n\n<p><\/p>\n\n\n\n<p class=\"has-medium-font-size\">O <em>simulacrum<\/em> de <strong>St Eleonora<\/strong> mede 148 cm de comprimento e encontra-se deitado voltado para a esquerda, com a cabe\u00e7a inclinada para cima. Tal como St Vit\u00f3ria, apresenta uma m\u00e1scara em cera policromada e um conjunto de ricas vestes. Entre os seus trajes destacam-se meias de cor creme, uma saia de tom p\u00e9rola e um vestido de cetim creme, bordado com fios prateados e motivos florais. Ao longo do bra\u00e7o esquerdo repousam uma folha de palma e um ramo de flores. Um len\u00e7o de cabe\u00e7a em tafet\u00e1 branco cobre parcialmente a cabe\u00e7a, deixando vis\u00edvel parte do cabelo, com um aspeto natural. A composi\u00e7\u00e3o geral do simulacro segue o modelo de St Vit\u00f3ria, embora se distinga por uma paleta crom\u00e1tica e elementos decorativos espec\u00edficos.<\/p>\n\n\n\n<p><br><\/p>\n\n\n\n<div class=\"wp-block-group is-nowrap is-layout-flex wp-container-core-group-is-layout-ad2f72ca wp-block-group-is-layout-flex\">\n<figure class=\"wp-block-image size-large\"><img loading=\"lazy\" decoding=\"async\" width=\"1024\" height=\"685\" src=\"https:\/\/holybodies.uevora.pt\/wp-content\/uploads\/2025\/03\/DSC_1005-1024x685.jpg\" alt=\"\" class=\"wp-image-2405\" srcset=\"https:\/\/holybodies.uevora.pt\/wp-content\/uploads\/2025\/03\/DSC_1005-1024x685.jpg 1024w, https:\/\/holybodies.uevora.pt\/wp-content\/uploads\/2025\/03\/DSC_1005-300x201.jpg 300w, https:\/\/holybodies.uevora.pt\/wp-content\/uploads\/2025\/03\/DSC_1005-768x514.jpg 768w, https:\/\/holybodies.uevora.pt\/wp-content\/uploads\/2025\/03\/DSC_1005-1536x1028.jpg 1536w, https:\/\/holybodies.uevora.pt\/wp-content\/uploads\/2025\/03\/DSC_1005-2048x1371.jpg 2048w, https:\/\/holybodies.uevora.pt\/wp-content\/uploads\/2025\/03\/DSC_1005-18x12.jpg 18w\" sizes=\"auto, (max-width: 1024px) 100vw, 1024px\" \/><\/figure>\n\n\n\n<div class=\"wp-block-columns is-layout-flex wp-container-core-columns-is-layout-9d6595d7 wp-block-columns-is-layout-flex\">\n<div class=\"wp-block-column is-layout-flow wp-block-column-is-layout-flow\" style=\"flex-basis:100%\">\n<figure class=\"wp-block-gallery aligncenter has-nested-images columns-default is-cropped wp-block-gallery-1 is-layout-flex wp-block-gallery-is-layout-flex\">\n<figure class=\"wp-block-image size-large\"><img loading=\"lazy\" decoding=\"async\" width=\"1024\" height=\"687\" data-id=\"2402\" src=\"https:\/\/holybodies.uevora.pt\/wp-content\/uploads\/2025\/03\/Cravofinal0025-1-edited-1024x687.jpg\" alt=\"\" class=\"wp-image-2402\" srcset=\"https:\/\/holybodies.uevora.pt\/wp-content\/uploads\/2025\/03\/Cravofinal0025-1-edited-1024x687.jpg 1024w, https:\/\/holybodies.uevora.pt\/wp-content\/uploads\/2025\/03\/Cravofinal0025-1-edited-300x201.jpg 300w, https:\/\/holybodies.uevora.pt\/wp-content\/uploads\/2025\/03\/Cravofinal0025-1-edited-768x515.jpg 768w, https:\/\/holybodies.uevora.pt\/wp-content\/uploads\/2025\/03\/Cravofinal0025-1-edited-1536x1030.jpg 1536w, https:\/\/holybodies.uevora.pt\/wp-content\/uploads\/2025\/03\/Cravofinal0025-1-edited-2048x1374.jpg 2048w, https:\/\/holybodies.uevora.pt\/wp-content\/uploads\/2025\/03\/Cravofinal0025-1-edited-18x12.jpg 18w\" sizes=\"auto, (max-width: 1024px) 100vw, 1024px\" \/><\/figure>\n<\/figure>\n<\/div>\n<\/div>\n<\/div>\n\n\n\n<p><br><\/p>\n\n\n\n<div class=\"wp-block-group is-nowrap is-layout-flex wp-container-core-group-is-layout-ad2f72ca wp-block-group-is-layout-flex\">\n<figure class=\"wp-block-image size-large is-resized\"><img loading=\"lazy\" decoding=\"async\" width=\"1024\" height=\"685\" src=\"https:\/\/holybodies.uevora.pt\/wp-content\/uploads\/2025\/03\/DSC_0572-2-1024x685.jpg\" alt=\"\" class=\"wp-image-2409\" style=\"width:366px;height:auto\" srcset=\"https:\/\/holybodies.uevora.pt\/wp-content\/uploads\/2025\/03\/DSC_0572-2-1024x685.jpg 1024w, https:\/\/holybodies.uevora.pt\/wp-content\/uploads\/2025\/03\/DSC_0572-2-300x201.jpg 300w, https:\/\/holybodies.uevora.pt\/wp-content\/uploads\/2025\/03\/DSC_0572-2-768x514.jpg 768w, https:\/\/holybodies.uevora.pt\/wp-content\/uploads\/2025\/03\/DSC_0572-2-1536x1028.jpg 1536w, https:\/\/holybodies.uevora.pt\/wp-content\/uploads\/2025\/03\/DSC_0572-2-2048x1371.jpg 2048w, https:\/\/holybodies.uevora.pt\/wp-content\/uploads\/2025\/03\/DSC_0572-2-18x12.jpg 18w\" sizes=\"auto, (max-width: 1024px) 100vw, 1024px\" \/><\/figure>\n\n\n\n<figure class=\"wp-block-image size-large is-resized\"><img loading=\"lazy\" decoding=\"async\" width=\"1024\" height=\"685\" src=\"https:\/\/holybodies.uevora.pt\/wp-content\/uploads\/2025\/03\/DSC_0543-2-1024x685.jpg\" alt=\"\" class=\"wp-image-2408\" style=\"width:366px;height:auto\" srcset=\"https:\/\/holybodies.uevora.pt\/wp-content\/uploads\/2025\/03\/DSC_0543-2-1024x685.jpg 1024w, https:\/\/holybodies.uevora.pt\/wp-content\/uploads\/2025\/03\/DSC_0543-2-300x201.jpg 300w, https:\/\/holybodies.uevora.pt\/wp-content\/uploads\/2025\/03\/DSC_0543-2-768x514.jpg 768w, https:\/\/holybodies.uevora.pt\/wp-content\/uploads\/2025\/03\/DSC_0543-2-1536x1028.jpg 1536w, https:\/\/holybodies.uevora.pt\/wp-content\/uploads\/2025\/03\/DSC_0543-2-2048x1371.jpg 2048w, https:\/\/holybodies.uevora.pt\/wp-content\/uploads\/2025\/03\/DSC_0543-2-18x12.jpg 18w\" sizes=\"auto, (max-width: 1024px) 100vw, 1024px\" \/><\/figure>\n\n\n\n<figure class=\"wp-block-image size-large is-resized\"><img loading=\"lazy\" decoding=\"async\" width=\"1024\" height=\"685\" src=\"https:\/\/holybodies.uevora.pt\/wp-content\/uploads\/2025\/03\/DSC_0862-1024x685.jpg\" alt=\"\" class=\"wp-image-2407\" style=\"width:366px;height:auto\" srcset=\"https:\/\/holybodies.uevora.pt\/wp-content\/uploads\/2025\/03\/DSC_0862-1024x685.jpg 1024w, https:\/\/holybodies.uevora.pt\/wp-content\/uploads\/2025\/03\/DSC_0862-300x201.jpg 300w, https:\/\/holybodies.uevora.pt\/wp-content\/uploads\/2025\/03\/DSC_0862-768x514.jpg 768w, https:\/\/holybodies.uevora.pt\/wp-content\/uploads\/2025\/03\/DSC_0862-1536x1028.jpg 1536w, https:\/\/holybodies.uevora.pt\/wp-content\/uploads\/2025\/03\/DSC_0862-2048x1371.jpg 2048w, https:\/\/holybodies.uevora.pt\/wp-content\/uploads\/2025\/03\/DSC_0862-18x12.jpg 18w\" sizes=\"auto, (max-width: 1024px) 100vw, 1024px\" \/><\/figure>\n<\/div>\n\n\n\n<p><\/p>","protected":false},"excerpt":{"rendered":"<p>St Eleonora The simulacrum of St Eleonora is 148 cm long and lies facing left, with the head turned upward. Like St Vit\u00f3ria, it features a polychromed wax mask and richly layered garments. Its include cream-coloured stockings, a pearl-white skirt, and a cream satin dress embroidered with silver threads and floral motifs. A palm leaf &#8230; <a title=\"St Eleonora\" class=\"read-more\" href=\"https:\/\/holybodies.uevora.pt\/pt\/2394-2\" aria-label=\"Leia mais sobre St Eleonora\">Ler mais<\/a><\/p>","protected":false},"author":4,"featured_media":0,"parent":0,"menu_order":0,"comment_status":"closed","ping_status":"closed","template":"","meta":{"footnotes":""},"class_list":["post-2394","page","type-page","status-publish"],"_links":{"self":[{"href":"https:\/\/holybodies.uevora.pt\/pt\/wp-json\/wp\/v2\/pages\/2394","targetHints":{"allow":["GET"]}}],"collection":[{"href":"https:\/\/holybodies.uevora.pt\/pt\/wp-json\/wp\/v2\/pages"}],"about":[{"href":"https:\/\/holybodies.uevora.pt\/pt\/wp-json\/wp\/v2\/types\/page"}],"author":[{"embeddable":true,"href":"https:\/\/holybodies.uevora.pt\/pt\/wp-json\/wp\/v2\/users\/4"}],"replies":[{"embeddable":true,"href":"https:\/\/holybodies.uevora.pt\/pt\/wp-json\/wp\/v2\/comments?post=2394"}],"version-history":[{"count":11,"href":"https:\/\/holybodies.uevora.pt\/pt\/wp-json\/wp\/v2\/pages\/2394\/revisions"}],"predecessor-version":[{"id":2873,"href":"https:\/\/holybodies.uevora.pt\/pt\/wp-json\/wp\/v2\/pages\/2394\/revisions\/2873"}],"wp:attachment":[{"href":"https:\/\/holybodies.uevora.pt\/pt\/wp-json\/wp\/v2\/media?parent=2394"}],"curies":[{"name":"wp","href":"https:\/\/api.w.org\/{rel}","templated":true}]}}