{"id":2361,"date":"2025-04-01T09:17:35","date_gmt":"2025-04-01T08:17:35","guid":{"rendered":"https:\/\/holybodies.uevora.pt\/?page_id=2361"},"modified":"2025-04-11T15:59:47","modified_gmt":"2025-04-11T14:59:47","slug":"2361-2","status":"publish","type":"page","link":"https:\/\/holybodies.uevora.pt\/pt\/2361-2","title":{"rendered":"St Vicente &#8211; coimbra"},"content":{"rendered":"<p class=\"has-contrast-2-color has-text-color has-link-color has-large-font-size wp-elements-694f92cbf83139f8b904a3e8d413c8c0\" style=\"font-style:normal;font-weight:600;letter-spacing:4px\">St Vicente<\/p>\n\n\n\n<p><\/p>\n\n\n\n<p class=\"has-medium-font-size\">O documento oficial de autentica\u00e7\u00e3o, conservado no Semin\u00e1rio Maior de Coimbra, refere que o <em>sacrum corpus<\/em> de <strong>St Vicente<\/strong> M\u00e1rtir foi exumado da Catacumba de Priscila em 1760 e oferecido a D. Miguel da Anuncia\u00e7\u00e3o, Bispo-Conde de Coimbra e fundador do Semin\u00e1rio Maior. Emitido pelo Cardeal-Vig\u00e1rio Antonio Maria Erba Odescalchi (Cust\u00f3dio das Rel\u00edquias Sagradas entre 1751 e 1773), o documento regista a transfer\u00eancia das rel\u00edquias por ordem do Papa Clemente XIII e as condi\u00e7\u00f5es da respetiva doa\u00e7\u00e3o.<\/p>\n\n\n<div class=\"wp-block-image\">\n<figure class=\"aligncenter size-large is-resized\"><img loading=\"lazy\" decoding=\"async\" width=\"1024\" height=\"682\" src=\"https:\/\/holybodies.uevora.pt\/wp-content\/uploads\/2025\/03\/image-1024x682.png\" alt=\"\" class=\"wp-image-2362\" style=\"width:500px;height:auto\" srcset=\"https:\/\/holybodies.uevora.pt\/wp-content\/uploads\/2025\/03\/image-1024x682.png 1024w, https:\/\/holybodies.uevora.pt\/wp-content\/uploads\/2025\/03\/image-300x200.png 300w, https:\/\/holybodies.uevora.pt\/wp-content\/uploads\/2025\/03\/image-768x512.png 768w, https:\/\/holybodies.uevora.pt\/wp-content\/uploads\/2025\/03\/image-18x12.png 18w, https:\/\/holybodies.uevora.pt\/wp-content\/uploads\/2025\/03\/image.png 1102w\" sizes=\"auto, (max-width: 1024px) 100vw, 1024px\" \/><\/figure>\n<\/div>\n\n\n<p><br><\/p>\n\n\n\n<p class=\"has-medium-font-size\">O <em>simulacrum<\/em> de St Vicente M\u00e1rtir encontra-se em posi\u00e7\u00e3o supina no interior de um altar em estilo Rococ\u00f3, com frente em vidro, medindo aproximadamente 125 \u00d7 60 cm. A m\u00e1scara em cera policromada e os trajes ricamente ornamentados \u2014 em tafet\u00e1 bordado, cetim e renda met\u00e1lica \u2014 refor\u00e7am a apar\u00eancia realista e o car\u00e1ter sagrado do simulacro. Luvas e sand\u00e1lias prateadas completam o conjunto, que repousa sobre uma plataforma revestida a tecido azul. Uma inscri\u00e7\u00e3o em latim, colocada na parede de fundo, identifica o m\u00e1rtir e afirma a fun\u00e7\u00e3o devocional da exposi\u00e7\u00e3o.<br><\/p>\n\n\n\n<p><br><\/p>\n\n\n\n<div class=\"wp-block-group is-nowrap is-layout-flex wp-container-core-group-is-layout-ad2f72ca wp-block-group-is-layout-flex\">\n<figure class=\"wp-block-image size-large is-resized\"><img decoding=\"async\" src=\"https:\/\/holybodies.uevora.pt\/wp-content\/uploads\/2025\/03\/S.-Vicente-1024x565.jpg\" alt=\"\" class=\"wp-image-2366\" style=\"width:625px;height:auto\"\/><\/figure>\n\n\n\n<figure class=\"wp-block-image size-large is-resized\"><img loading=\"lazy\" decoding=\"async\" width=\"1024\" height=\"467\" src=\"https:\/\/holybodies.uevora.pt\/wp-content\/uploads\/2025\/03\/raio-x-1024x467.jpg\" alt=\"\" class=\"wp-image-2371\" style=\"width:550px;height:auto\" srcset=\"https:\/\/holybodies.uevora.pt\/wp-content\/uploads\/2025\/03\/raio-x-1024x467.jpg 1024w, https:\/\/holybodies.uevora.pt\/wp-content\/uploads\/2025\/03\/raio-x-300x137.jpg 300w, https:\/\/holybodies.uevora.pt\/wp-content\/uploads\/2025\/03\/raio-x-768x350.jpg 768w, https:\/\/holybodies.uevora.pt\/wp-content\/uploads\/2025\/03\/raio-x-1536x701.jpg 1536w, https:\/\/holybodies.uevora.pt\/wp-content\/uploads\/2025\/03\/raio-x-2048x934.jpg 2048w, https:\/\/holybodies.uevora.pt\/wp-content\/uploads\/2025\/03\/raio-x-18x8.jpg 18w\" sizes=\"auto, (max-width: 1024px) 100vw, 1024px\" \/><\/figure>\n<\/div>\n\n\n\n<p class=\"has-medium-font-size\"><br>A radiografia digital revelou um cr\u00e2nio fragmentado, com aus\u00eancia dos ossos da face e da denti\u00e7\u00e3o, embora o contorno do queixo e do pesco\u00e7o se mantenha vis\u00edvel. Na zona toracoabdominal, as v\u00e9rtebras, as costelas e os ossos das m\u00e3os surgem colados entre si, com contornos pouco definidos. Entre os ossos identific\u00e1veis encontram-se partes dos bra\u00e7os, da bacia e dos membros inferiores, embora v\u00e1rios elementos se apresentem deslocados. Fios met\u00e1licos de estabiliza\u00e7\u00e3o s\u00e3o vis\u00edveis ao n\u00edvel dos cotovelos e ancas, mas n\u00e3o foram identificadas estruturas internas met\u00e1licas t\u00edpicas dos simulacros romanos. Os ossos dos p\u00e9s est\u00e3o incompletos, com alguns posicionados corretamente e outros desalinhados.<\/p>\n\n\n\n<p class=\"has-medium-font-size\">O <em>simulacrum<\/em> enverga uma t\u00fanica longa em tafet\u00e1 bege, bordada com fios de seda policromados (branco, rosa, salm\u00e3o, verde e preto), folha dourada e prateada, e fios dourados e prateados, formando pequenos motivos florais. Ao n\u00edvel das pernas destacam-se duas aberturas retangulares que permitem visualizar os ossos no interior. Na cintura, sobre a t\u00fanica, existe um cinto largo em tecido de cetim azul-escuro, decorado ao centro com passamanarias douradas. Por fim, um manto, preso ao pesco\u00e7o, prolonga-se at\u00e9 aos p\u00e9s, cobrindo os ombros, bra\u00e7os, antebra\u00e7os, coxas e pernas. O <em>simulacrum<\/em> apresenta luvas em renda met\u00e1lica prateada e cal\u00e7a sand\u00e1lias abertas.<\/p>\n\n\n\n<p class=\"has-medium-font-size\">No interior da urna encontra-se uma cartela em tecido com uma inscri\u00e7\u00e3o em latim que pode ser traduzida como: \u201cSant\u00edssimo M\u00e1rtir de Cristo Vicente\u201d.<\/p>\n\n\n\n<p><br><\/p>\n\n\n\n<figure class=\"wp-block-gallery has-nested-images columns-default is-cropped wp-block-gallery-1 is-layout-flex wp-block-gallery-is-layout-flex\">\n<figure class=\"wp-block-image size-large\"><img loading=\"lazy\" decoding=\"async\" width=\"1024\" height=\"685\" data-id=\"2015\" src=\"https:\/\/holybodies.uevora.pt\/wp-content\/uploads\/2025\/01\/DSC_0528-2-1024x685.jpg\" alt=\"\" class=\"wp-image-2015\" srcset=\"https:\/\/holybodies.uevora.pt\/wp-content\/uploads\/2025\/01\/DSC_0528-2-1024x685.jpg 1024w, https:\/\/holybodies.uevora.pt\/wp-content\/uploads\/2025\/01\/DSC_0528-2-300x201.jpg 300w, https:\/\/holybodies.uevora.pt\/wp-content\/uploads\/2025\/01\/DSC_0528-2-768x514.jpg 768w, https:\/\/holybodies.uevora.pt\/wp-content\/uploads\/2025\/01\/DSC_0528-2-1536x1028.jpg 1536w, https:\/\/holybodies.uevora.pt\/wp-content\/uploads\/2025\/01\/DSC_0528-2-2048x1371.jpg 2048w, https:\/\/holybodies.uevora.pt\/wp-content\/uploads\/2025\/01\/DSC_0528-2-18x12.jpg 18w\" sizes=\"auto, (max-width: 1024px) 100vw, 1024px\" \/><\/figure>\n\n\n\n<figure class=\"wp-block-image size-large\"><img loading=\"lazy\" decoding=\"async\" width=\"1024\" height=\"685\" data-id=\"2017\" src=\"https:\/\/holybodies.uevora.pt\/wp-content\/uploads\/2025\/01\/DSC_0545-1024x685.jpg\" alt=\"\" class=\"wp-image-2017\" srcset=\"https:\/\/holybodies.uevora.pt\/wp-content\/uploads\/2025\/01\/DSC_0545-1024x685.jpg 1024w, https:\/\/holybodies.uevora.pt\/wp-content\/uploads\/2025\/01\/DSC_0545-300x201.jpg 300w, https:\/\/holybodies.uevora.pt\/wp-content\/uploads\/2025\/01\/DSC_0545-768x514.jpg 768w, https:\/\/holybodies.uevora.pt\/wp-content\/uploads\/2025\/01\/DSC_0545-1536x1028.jpg 1536w, https:\/\/holybodies.uevora.pt\/wp-content\/uploads\/2025\/01\/DSC_0545-2048x1371.jpg 2048w, https:\/\/holybodies.uevora.pt\/wp-content\/uploads\/2025\/01\/DSC_0545-18x12.jpg 18w\" sizes=\"auto, (max-width: 1024px) 100vw, 1024px\" \/><\/figure>\n\n\n\n<figure class=\"wp-block-image size-large\"><img loading=\"lazy\" decoding=\"async\" width=\"1024\" height=\"768\" data-id=\"2026\" src=\"https:\/\/holybodies.uevora.pt\/wp-content\/uploads\/2025\/01\/cartela-letras-1024x768.jpg\" alt=\"\" class=\"wp-image-2026\" srcset=\"https:\/\/holybodies.uevora.pt\/wp-content\/uploads\/2025\/01\/cartela-letras-1024x768.jpg 1024w, https:\/\/holybodies.uevora.pt\/wp-content\/uploads\/2025\/01\/cartela-letras-300x225.jpg 300w, https:\/\/holybodies.uevora.pt\/wp-content\/uploads\/2025\/01\/cartela-letras-768x576.jpg 768w, https:\/\/holybodies.uevora.pt\/wp-content\/uploads\/2025\/01\/cartela-letras-1536x1152.jpg 1536w, https:\/\/holybodies.uevora.pt\/wp-content\/uploads\/2025\/01\/cartela-letras-2048x1536.jpg 2048w, https:\/\/holybodies.uevora.pt\/wp-content\/uploads\/2025\/01\/cartela-letras-16x12.jpg 16w\" sizes=\"auto, (max-width: 1024px) 100vw, 1024px\" \/><\/figure>\n<\/figure>\n\n\n\n<p><\/p>\n\n\n\n<p><\/p>","protected":false},"excerpt":{"rendered":"<p>St Vicente The official authentication document, held by the Major Seminary of Coimbra, states that the sacrum corpus of St Vicente Martyr was exhumed from the Catacomb of Priscilla in 1760 and offered to D. Miguel da Anuncia\u00e7\u00e3o, Bishop-Count of Coimbra and founder of the Major Seminary. Issued by Cardinal-Vicar Antonio Maria Erba Odescalchi (Custodian &#8230; <a title=\"St Vicente &#8211; coimbra\" class=\"read-more\" href=\"https:\/\/holybodies.uevora.pt\/pt\/2361-2\" aria-label=\"Leia mais sobre St Vicente &#8211; coimbra\">Ler mais<\/a><\/p>","protected":false},"author":4,"featured_media":0,"parent":0,"menu_order":0,"comment_status":"closed","ping_status":"closed","template":"","meta":{"footnotes":""},"class_list":["post-2361","page","type-page","status-publish"],"_links":{"self":[{"href":"https:\/\/holybodies.uevora.pt\/pt\/wp-json\/wp\/v2\/pages\/2361","targetHints":{"allow":["GET"]}}],"collection":[{"href":"https:\/\/holybodies.uevora.pt\/pt\/wp-json\/wp\/v2\/pages"}],"about":[{"href":"https:\/\/holybodies.uevora.pt\/pt\/wp-json\/wp\/v2\/types\/page"}],"author":[{"embeddable":true,"href":"https:\/\/holybodies.uevora.pt\/pt\/wp-json\/wp\/v2\/users\/4"}],"replies":[{"embeddable":true,"href":"https:\/\/holybodies.uevora.pt\/pt\/wp-json\/wp\/v2\/comments?post=2361"}],"version-history":[{"count":17,"href":"https:\/\/holybodies.uevora.pt\/pt\/wp-json\/wp\/v2\/pages\/2361\/revisions"}],"predecessor-version":[{"id":2860,"href":"https:\/\/holybodies.uevora.pt\/pt\/wp-json\/wp\/v2\/pages\/2361\/revisions\/2860"}],"wp:attachment":[{"href":"https:\/\/holybodies.uevora.pt\/pt\/wp-json\/wp\/v2\/media?parent=2361"}],"curies":[{"name":"wp","href":"https:\/\/api.w.org\/{rel}","templated":true}]}}