{"id":1595,"date":"2024-12-30T11:45:43","date_gmt":"2024-12-30T10:45:43","guid":{"rendered":"https:\/\/holybodies.uevora.pt\/?page_id=1595"},"modified":"2025-04-12T00:15:36","modified_gmt":"2025-04-11T23:15:36","slug":"romes-campaign","status":"publish","type":"page","link":"https:\/\/holybodies.uevora.pt\/pt\/romes-campaign","title":{"rendered":"Rome campaign"},"content":{"rendered":"<p class=\"has-contrast-color has-text-color has-link-color wp-elements-6859f91c58210464d8050d1fa09b2e32\" style=\"font-style:normal;font-weight:400;letter-spacing:1px\"><\/p>\n\n\n\n<div class=\"wp-block-cover aligncenter is-light\" style=\"min-height:216px;aspect-ratio:unset;\"><span aria-hidden=\"true\" class=\"wp-block-cover__background has-background-dim\" style=\"background-color:#94908a\"><\/span><img loading=\"lazy\" decoding=\"async\" width=\"1536\" height=\"2048\" class=\"wp-block-cover__image-background wp-image-1601\" alt=\"\" src=\"https:\/\/holybodies.uevora.pt\/wp-content\/uploads\/2024\/12\/9.jpeg\" data-object-fit=\"cover\" srcset=\"https:\/\/holybodies.uevora.pt\/wp-content\/uploads\/2024\/12\/9.jpeg 1536w, https:\/\/holybodies.uevora.pt\/wp-content\/uploads\/2024\/12\/9-225x300.jpeg 225w, https:\/\/holybodies.uevora.pt\/wp-content\/uploads\/2024\/12\/9-768x1024.jpeg 768w, https:\/\/holybodies.uevora.pt\/wp-content\/uploads\/2024\/12\/9-1152x1536.jpeg 1152w, https:\/\/holybodies.uevora.pt\/wp-content\/uploads\/2024\/12\/9-9x12.jpeg 9w\" sizes=\"auto, (max-width: 1536px) 100vw, 1536px\" \/><div class=\"wp-block-cover__inner-container is-layout-flow wp-block-cover-is-layout-flow\">\n<p><\/p>\n\n\n\n<p class=\"has-text-align-center has-base-3-color has-text-color has-link-color has-large-font-size wp-elements-968bcaf08c004cbdfee6eede9bdd093f\" style=\"font-style:normal;font-weight:600;letter-spacing:4px\">Campanha de Roma<\/p>\n<\/div><\/div>\n\n\n\n<p><br><\/p>\n\n\n\n<p class=\"has-contrast-color has-text-color has-link-color has-medium-font-size wp-elements-4d258b6778d272a5a48e680bd321c1d4\" style=\"font-style:normal;font-weight:400;letter-spacing:1px\">Entre os dias 17 e 23 de novembro de 2024, Teresa Ferreira, Fernanda Olival, Joana Palmeir\u00e3o e Ana Curto deslocaram-se a Roma para uma campanha intensiva de trabalho de campo, com o objetivo de realizar investiga\u00e7\u00e3o arquiv\u00edstica na Biblioteca Apost\u00f3lica Vaticana e nos Arquivos do Vicariato de Roma. O principal objetivo desta campanha foi identificar e analisar documenta\u00e7\u00e3o hist\u00f3rica relativa aos <em>corpi santi<\/em> enviados para Portugal a partir do s\u00e9culo XVI. Durante esta investiga\u00e7\u00e3o, procurou-se explorar algumas lacunas fundamentais, tais como<\/p>\n\n\n\n<p class=\"has-contrast-color has-text-color has-link-color has-medium-font-size wp-elements-c69a078e39b22591a949fa89595d2bf5\" style=\"font-style:normal;font-weight:400;letter-spacing:1px\"><strong><br><strong>Quem solicitava estas rel\u00edquias?<\/strong><\/strong><\/p>\n\n\n\n<p class=\"has-contrast-color has-text-color has-link-color has-medium-font-size wp-elements-029094da7dcac0c60d55750ca281cf8b\" style=\"font-style:normal;font-weight:400;letter-spacing:1px\"><strong>Os simulacros eram montados em Roma antes de serem enviados, ou esse processo ocorria inteiramente em Portugal?<\/strong><\/p>\n\n\n\n<p class=\"has-contrast-color has-text-color has-link-color has-medium-font-size wp-elements-948e2e87d3b986bc71dbc54353af8acf\" style=\"font-style:normal;font-weight:400;letter-spacing:1px\"><strong>Que procedimentos regulamentavam o transporte e a entrega destas rel\u00edquias?<\/strong><\/p>\n\n\n\n<p><br><\/p>\n\n\n\n<figure class=\"wp-block-gallery has-nested-images columns-default is-cropped wp-block-gallery-1 is-layout-flex wp-block-gallery-is-layout-flex\">\n<figure class=\"wp-block-image size-large\"><img loading=\"lazy\" decoding=\"async\" width=\"1024\" height=\"1024\" data-id=\"1598\" src=\"https:\/\/holybodies.uevora.pt\/wp-content\/uploads\/2024\/12\/1-6-1024x1024.png\" alt=\"\" class=\"wp-image-1598\" srcset=\"https:\/\/holybodies.uevora.pt\/wp-content\/uploads\/2024\/12\/1-6-1024x1024.png 1024w, https:\/\/holybodies.uevora.pt\/wp-content\/uploads\/2024\/12\/1-6-300x300.png 300w, https:\/\/holybodies.uevora.pt\/wp-content\/uploads\/2024\/12\/1-6-150x150.png 150w, https:\/\/holybodies.uevora.pt\/wp-content\/uploads\/2024\/12\/1-6-768x768.png 768w, https:\/\/holybodies.uevora.pt\/wp-content\/uploads\/2024\/12\/1-6-12x12.png 12w, https:\/\/holybodies.uevora.pt\/wp-content\/uploads\/2024\/12\/1-6.png 1080w\" sizes=\"auto, (max-width: 1024px) 100vw, 1024px\" \/><\/figure>\n\n\n\n<figure class=\"wp-block-image size-large\"><img loading=\"lazy\" decoding=\"async\" width=\"1024\" height=\"1024\" data-id=\"1596\" src=\"https:\/\/holybodies.uevora.pt\/wp-content\/uploads\/2024\/12\/2-3-1024x1024.png\" alt=\"\" class=\"wp-image-1596\" srcset=\"https:\/\/holybodies.uevora.pt\/wp-content\/uploads\/2024\/12\/2-3-1024x1024.png 1024w, https:\/\/holybodies.uevora.pt\/wp-content\/uploads\/2024\/12\/2-3-300x300.png 300w, https:\/\/holybodies.uevora.pt\/wp-content\/uploads\/2024\/12\/2-3-150x150.png 150w, https:\/\/holybodies.uevora.pt\/wp-content\/uploads\/2024\/12\/2-3-768x768.png 768w, https:\/\/holybodies.uevora.pt\/wp-content\/uploads\/2024\/12\/2-3-12x12.png 12w, https:\/\/holybodies.uevora.pt\/wp-content\/uploads\/2024\/12\/2-3.png 1080w\" sizes=\"auto, (max-width: 1024px) 100vw, 1024px\" \/><\/figure>\n\n\n\n<figure class=\"wp-block-image size-large\"><img loading=\"lazy\" decoding=\"async\" width=\"1024\" height=\"1024\" data-id=\"1597\" src=\"https:\/\/holybodies.uevora.pt\/wp-content\/uploads\/2024\/12\/3-2-1024x1024.png\" alt=\"\" class=\"wp-image-1597\" srcset=\"https:\/\/holybodies.uevora.pt\/wp-content\/uploads\/2024\/12\/3-2-1024x1024.png 1024w, https:\/\/holybodies.uevora.pt\/wp-content\/uploads\/2024\/12\/3-2-300x300.png 300w, https:\/\/holybodies.uevora.pt\/wp-content\/uploads\/2024\/12\/3-2-150x150.png 150w, https:\/\/holybodies.uevora.pt\/wp-content\/uploads\/2024\/12\/3-2-768x768.png 768w, https:\/\/holybodies.uevora.pt\/wp-content\/uploads\/2024\/12\/3-2-12x12.png 12w, https:\/\/holybodies.uevora.pt\/wp-content\/uploads\/2024\/12\/3-2.png 1080w\" sizes=\"auto, (max-width: 1024px) 100vw, 1024px\" \/><\/figure>\n<\/figure>","protected":false},"excerpt":{"rendered":"<p>From November 17-23, 2024, Teresa Ferreira, Fernanda Olival, Joana Palmeir\u00e3o and\u00a0Ana Curto, traveled to Rome\u00a0for an intensive fieldwork campaign to conduct archival research at the Vatican Apostolic Library and the Archives of the Vicariate of Rome. The primary focus of this campaign was to uncover historical records about the corpi santi sent to Portugal from &#8230; <a title=\"Rome campaign\" class=\"read-more\" href=\"https:\/\/holybodies.uevora.pt\/pt\/romes-campaign\" aria-label=\"Leia mais sobre Rome campaign\">Ler mais<\/a><\/p>","protected":false},"author":3,"featured_media":0,"parent":0,"menu_order":0,"comment_status":"closed","ping_status":"closed","template":"","meta":{"footnotes":""},"class_list":["post-1595","page","type-page","status-publish"],"_links":{"self":[{"href":"https:\/\/holybodies.uevora.pt\/pt\/wp-json\/wp\/v2\/pages\/1595","targetHints":{"allow":["GET"]}}],"collection":[{"href":"https:\/\/holybodies.uevora.pt\/pt\/wp-json\/wp\/v2\/pages"}],"about":[{"href":"https:\/\/holybodies.uevora.pt\/pt\/wp-json\/wp\/v2\/types\/page"}],"author":[{"embeddable":true,"href":"https:\/\/holybodies.uevora.pt\/pt\/wp-json\/wp\/v2\/users\/3"}],"replies":[{"embeddable":true,"href":"https:\/\/holybodies.uevora.pt\/pt\/wp-json\/wp\/v2\/comments?post=1595"}],"version-history":[{"count":7,"href":"https:\/\/holybodies.uevora.pt\/pt\/wp-json\/wp\/v2\/pages\/1595\/revisions"}],"predecessor-version":[{"id":2910,"href":"https:\/\/holybodies.uevora.pt\/pt\/wp-json\/wp\/v2\/pages\/1595\/revisions\/2910"}],"wp:attachment":[{"href":"https:\/\/holybodies.uevora.pt\/pt\/wp-json\/wp\/v2\/media?parent=1595"}],"curies":[{"name":"wp","href":"https:\/\/api.w.org\/{rel}","templated":true}]}}