{"id":1405,"date":"2024-12-19T17:10:21","date_gmt":"2024-12-19T16:10:21","guid":{"rendered":"https:\/\/holybodies.uevora.pt\/?page_id=1405"},"modified":"2025-04-12T00:12:19","modified_gmt":"2025-04-11T23:12:19","slug":"st-vitoria","status":"publish","type":"page","link":"https:\/\/holybodies.uevora.pt\/pt\/st-vitoria","title":{"rendered":"St Vit\u00f3ria &#8211; Porto"},"content":{"rendered":"<h2 class=\"wp-block-heading has-contrast-2-color has-text-color has-link-color has-large-font-size wp-elements-6390ae0ccd88c8109927b5bbcfa1e470\" style=\"font-style:normal;font-weight:600;letter-spacing:4px\">St Vit\u00f3ria<\/h2>\n\n\n\n<p><br><\/p>\n\n\n\n<p class=\"has-medium-font-size\">O <em>simulacrum<\/em> de <strong>St Vit\u00f3ria<\/strong>, localizado na segunda capela do lado da Ep\u00edstola da Igreja de Nossa Senhora da Lapa, no Porto, \u00e9 um dos poucos exemplares femininos trazidos para Portugal.<\/p>\n\n\n\n<p class=\"has-medium-font-size\">As rel\u00edquias foram trazidas por D. Francisco de Almada e Mendon\u00e7a (Embaixador na Corte Romana), para devo\u00e7\u00e3o privada. Mais tarde, em 1811, o <em>simulacrum<\/em> foi generosamente doado pela sua fam\u00edlia \u00e0 Irmandade da Lapa, promovendo assim o culto p\u00fablico da santa m\u00e1rtir.<\/p>\n\n\n\n<p class=\"has-medium-font-size\">Este exemplar destaca-se pela sua exuber\u00e2ncia, qualidade de execu\u00e7\u00e3o e riqueza material.<\/p>\n\n\n\n<p><br><br><\/p>\n\n\n\n<div class=\"wp-block-group is-content-justification-center is-nowrap is-layout-flex wp-container-core-group-is-layout-94bc23d7 wp-block-group-is-layout-flex\">\n<figure class=\"wp-block-image size-large is-resized\"><img loading=\"lazy\" decoding=\"async\" width=\"768\" height=\"1024\" src=\"https:\/\/holybodies.uevora.pt\/wp-content\/uploads\/2024\/12\/20240618_171136-768x1024.jpg\" alt=\"\" class=\"wp-image-1540\" style=\"width:350px\" srcset=\"https:\/\/holybodies.uevora.pt\/wp-content\/uploads\/2024\/12\/20240618_171136-768x1024.jpg 768w, https:\/\/holybodies.uevora.pt\/wp-content\/uploads\/2024\/12\/20240618_171136-225x300.jpg 225w, https:\/\/holybodies.uevora.pt\/wp-content\/uploads\/2024\/12\/20240618_171136-1152x1536.jpg 1152w, https:\/\/holybodies.uevora.pt\/wp-content\/uploads\/2024\/12\/20240618_171136-1536x2048.jpg 1536w, https:\/\/holybodies.uevora.pt\/wp-content\/uploads\/2024\/12\/20240618_171136-9x12.jpg 9w, https:\/\/holybodies.uevora.pt\/wp-content\/uploads\/2024\/12\/20240618_171136-scaled.jpg 1920w\" sizes=\"auto, (max-width: 768px) 100vw, 768px\" \/><\/figure>\n\n\n\n<figure class=\"wp-block-image size-large is-resized\"><img loading=\"lazy\" decoding=\"async\" width=\"768\" height=\"1024\" src=\"https:\/\/holybodies.uevora.pt\/wp-content\/uploads\/2024\/12\/20240618_164804-768x1024.jpg\" alt=\"\" class=\"wp-image-1536\" style=\"width:350px;height:auto\" srcset=\"https:\/\/holybodies.uevora.pt\/wp-content\/uploads\/2024\/12\/20240618_164804-768x1024.jpg 768w, https:\/\/holybodies.uevora.pt\/wp-content\/uploads\/2024\/12\/20240618_164804-225x300.jpg 225w, https:\/\/holybodies.uevora.pt\/wp-content\/uploads\/2024\/12\/20240618_164804-1152x1536.jpg 1152w, https:\/\/holybodies.uevora.pt\/wp-content\/uploads\/2024\/12\/20240618_164804-1536x2048.jpg 1536w, https:\/\/holybodies.uevora.pt\/wp-content\/uploads\/2024\/12\/20240618_164804-9x12.jpg 9w, https:\/\/holybodies.uevora.pt\/wp-content\/uploads\/2024\/12\/20240618_164804-scaled.jpg 1920w\" sizes=\"auto, (max-width: 768px) 100vw, 768px\" \/><\/figure>\n\n\n\n<figure class=\"wp-block-image size-large is-resized\"><img loading=\"lazy\" decoding=\"async\" width=\"768\" height=\"1024\" src=\"https:\/\/holybodies.uevora.pt\/wp-content\/uploads\/2024\/12\/20240618_164818-768x1024.jpg\" alt=\"\" class=\"wp-image-1539\" style=\"width:350px\" srcset=\"https:\/\/holybodies.uevora.pt\/wp-content\/uploads\/2024\/12\/20240618_164818-768x1024.jpg 768w, https:\/\/holybodies.uevora.pt\/wp-content\/uploads\/2024\/12\/20240618_164818-225x300.jpg 225w, https:\/\/holybodies.uevora.pt\/wp-content\/uploads\/2024\/12\/20240618_164818-1152x1536.jpg 1152w, https:\/\/holybodies.uevora.pt\/wp-content\/uploads\/2024\/12\/20240618_164818-1536x2048.jpg 1536w, https:\/\/holybodies.uevora.pt\/wp-content\/uploads\/2024\/12\/20240618_164818-9x12.jpg 9w, https:\/\/holybodies.uevora.pt\/wp-content\/uploads\/2024\/12\/20240618_164818-scaled.jpg 1920w\" sizes=\"auto, (max-width: 768px) 100vw, 768px\" \/><\/figure>\n<\/div>\n\n\n\n<p><br><\/p>\n\n\n\n<p><\/p>","protected":false},"excerpt":{"rendered":"<p>St Vit\u00f3ria The simulacrum of St Vit\u00f3ria, located in the second chapel on the Epistle side of the Igreja de Nossa Senhora da Lapa in Porto, is one of the few female examples brought to Portugal. The relics were brought by D. Francisco de Almada e Mendon\u00e7a (Ambassador to the Roman Court), for private veneration. &#8230; <a title=\"St Vit\u00f3ria &#8211; Porto\" class=\"read-more\" href=\"https:\/\/holybodies.uevora.pt\/pt\/st-vitoria\" aria-label=\"Leia mais sobre St Vit\u00f3ria &#8211; Porto\">Ler mais<\/a><\/p>","protected":false},"author":3,"featured_media":0,"parent":0,"menu_order":0,"comment_status":"closed","ping_status":"closed","template":"","meta":{"footnotes":""},"class_list":["post-1405","page","type-page","status-publish"],"_links":{"self":[{"href":"https:\/\/holybodies.uevora.pt\/pt\/wp-json\/wp\/v2\/pages\/1405","targetHints":{"allow":["GET"]}}],"collection":[{"href":"https:\/\/holybodies.uevora.pt\/pt\/wp-json\/wp\/v2\/pages"}],"about":[{"href":"https:\/\/holybodies.uevora.pt\/pt\/wp-json\/wp\/v2\/types\/page"}],"author":[{"embeddable":true,"href":"https:\/\/holybodies.uevora.pt\/pt\/wp-json\/wp\/v2\/users\/3"}],"replies":[{"embeddable":true,"href":"https:\/\/holybodies.uevora.pt\/pt\/wp-json\/wp\/v2\/comments?post=1405"}],"version-history":[{"count":11,"href":"https:\/\/holybodies.uevora.pt\/pt\/wp-json\/wp\/v2\/pages\/1405\/revisions"}],"predecessor-version":[{"id":2909,"href":"https:\/\/holybodies.uevora.pt\/pt\/wp-json\/wp\/v2\/pages\/1405\/revisions\/2909"}],"wp:attachment":[{"href":"https:\/\/holybodies.uevora.pt\/pt\/wp-json\/wp\/v2\/media?parent=1405"}],"curies":[{"name":"wp","href":"https:\/\/api.w.org\/{rel}","templated":true}]}}