{"id":1403,"date":"2024-12-19T17:09:59","date_gmt":"2024-12-19T16:09:59","guid":{"rendered":"https:\/\/holybodies.uevora.pt\/?page_id=1403"},"modified":"2025-04-04T09:59:24","modified_gmt":"2025-04-04T08:59:24","slug":"st-silverio","status":"publish","type":"page","link":"https:\/\/holybodies.uevora.pt\/pt\/st-silverio","title":{"rendered":"St Severino"},"content":{"rendered":"<h2 class=\"wp-block-heading has-contrast-2-color has-text-color has-link-color has-large-font-size wp-elements-053869240189757468ffa8e6d30fb5a7\" style=\"font-style:normal;font-weight:600;letter-spacing:4px\">St Severino<\/h2>\n\n\n\n<p><br><\/p>\n\n\n\n<p class=\"has-medium-font-size\">Although a plaque affixed to the inside of the front panel of the altar on the Gospel side bears the saint&#8217;s name inscription in capital letters\u2014<strong>S. SILV\u00c9RIO \/ POPE AND MARTYR \/ YEAR 536 TO 537<\/strong>\u2014historical sources confirm that the correct name of this simulacrum is <strong>St Severino<\/strong>.<\/p>\n\n\n\n<p class=\"has-medium-font-size\">Like the <em>simulacrum<\/em> of St Eug\u00e9nio, both arrived in Porto on March 1, 1742, after being donated by King Jo\u00e3o V to the former convent of the Congregation of the Oratory of St. Philip Neri in Porto.<\/p>\n\n\n\n<p class=\"has-medium-font-size\">Regarding the original placement of the simulacra, Father Agostinho Rebelo da Costa (1789) noted that both were initially placed in the main chapel of the church.<\/p>\n\n\n\n<p class=\"has-medium-font-size\">Unlike the <em>simulacrum<\/em> of St Eug\u00e9nio, that of St Severino underwent conservation and restoration works in the last century, featuring fabrics on the upper and lower limbs distinct from the originals.<\/p>\n\n\n\n<p class=\"has-medium-font-size\"><br><\/p>\n\n\n\n<div class=\"wp-block-group is-nowrap is-layout-flex wp-container-core-group-is-layout-ad2f72ca wp-block-group-is-layout-flex\">\n<figure class=\"wp-block-image size-large is-resized\"><img loading=\"lazy\" decoding=\"async\" width=\"1024\" height=\"685\" src=\"https:\/\/holybodies.uevora.pt\/wp-content\/uploads\/2024\/12\/DSC_0789-1024x685.jpg\" alt=\"\" class=\"wp-image-1528\" style=\"width:378px;height:auto\" srcset=\"https:\/\/holybodies.uevora.pt\/wp-content\/uploads\/2024\/12\/DSC_0789-1024x685.jpg 1024w, https:\/\/holybodies.uevora.pt\/wp-content\/uploads\/2024\/12\/DSC_0789-300x201.jpg 300w, https:\/\/holybodies.uevora.pt\/wp-content\/uploads\/2024\/12\/DSC_0789-768x514.jpg 768w, https:\/\/holybodies.uevora.pt\/wp-content\/uploads\/2024\/12\/DSC_0789-1536x1028.jpg 1536w, https:\/\/holybodies.uevora.pt\/wp-content\/uploads\/2024\/12\/DSC_0789-2048x1371.jpg 2048w, https:\/\/holybodies.uevora.pt\/wp-content\/uploads\/2024\/12\/DSC_0789-18x12.jpg 18w\" sizes=\"auto, (max-width: 1024px) 100vw, 1024px\" \/><\/figure>\n\n\n\n<figure class=\"wp-block-image size-large is-resized\"><img loading=\"lazy\" decoding=\"async\" width=\"1024\" height=\"685\" src=\"https:\/\/holybodies.uevora.pt\/wp-content\/uploads\/2024\/12\/DSC_0808-1024x685.jpg\" alt=\"\" class=\"wp-image-1527\" style=\"width:378px\" srcset=\"https:\/\/holybodies.uevora.pt\/wp-content\/uploads\/2024\/12\/DSC_0808-1024x685.jpg 1024w, https:\/\/holybodies.uevora.pt\/wp-content\/uploads\/2024\/12\/DSC_0808-300x201.jpg 300w, https:\/\/holybodies.uevora.pt\/wp-content\/uploads\/2024\/12\/DSC_0808-768x514.jpg 768w, https:\/\/holybodies.uevora.pt\/wp-content\/uploads\/2024\/12\/DSC_0808-1536x1028.jpg 1536w, https:\/\/holybodies.uevora.pt\/wp-content\/uploads\/2024\/12\/DSC_0808-2048x1371.jpg 2048w, https:\/\/holybodies.uevora.pt\/wp-content\/uploads\/2024\/12\/DSC_0808-18x12.jpg 18w\" sizes=\"auto, (max-width: 1024px) 100vw, 1024px\" \/><\/figure>\n\n\n\n<figure class=\"wp-block-image size-large is-resized\"><img loading=\"lazy\" decoding=\"async\" width=\"1024\" height=\"685\" src=\"https:\/\/holybodies.uevora.pt\/wp-content\/uploads\/2024\/12\/pormenor-pernas-1024x685.jpg\" alt=\"\" class=\"wp-image-1529\" style=\"width:378px\" srcset=\"https:\/\/holybodies.uevora.pt\/wp-content\/uploads\/2024\/12\/pormenor-pernas-1024x685.jpg 1024w, https:\/\/holybodies.uevora.pt\/wp-content\/uploads\/2024\/12\/pormenor-pernas-300x201.jpg 300w, https:\/\/holybodies.uevora.pt\/wp-content\/uploads\/2024\/12\/pormenor-pernas-768x514.jpg 768w, https:\/\/holybodies.uevora.pt\/wp-content\/uploads\/2024\/12\/pormenor-pernas-1536x1028.jpg 1536w, https:\/\/holybodies.uevora.pt\/wp-content\/uploads\/2024\/12\/pormenor-pernas-2048x1371.jpg 2048w, https:\/\/holybodies.uevora.pt\/wp-content\/uploads\/2024\/12\/pormenor-pernas-18x12.jpg 18w\" sizes=\"auto, (max-width: 1024px) 100vw, 1024px\" \/><\/figure>\n<\/div>\n\n\n\n<p class=\"has-small-font-size\"><br><br><br>Costa, A. R. da. (1789). <em>Descrip\u00e7\u00e3o topogr\u00e1fica e hist\u00f3rica da cidade do Porto<\/em>. Na Officina de Ant\u00f3nio Alvarez Ribeiro.<\/p>\n\n\n\n<p><\/p>","protected":false},"excerpt":{"rendered":"<p>St Severino Although a plaque affixed to the inside of the front panel of the altar on the Gospel side bears the saint&#8217;s name inscription in capital letters\u2014S. SILV\u00c9RIO \/ POPE AND MARTYR \/ YEAR 536 TO 537\u2014historical sources confirm that the correct name of this simulacrum is St Severino. Like the simulacrum of St &#8230; <a title=\"St Severino\" class=\"read-more\" href=\"https:\/\/holybodies.uevora.pt\/pt\/st-silverio\" aria-label=\"Leia mais sobre St Severino\">Ler mais<\/a><\/p>","protected":false},"author":3,"featured_media":0,"parent":0,"menu_order":0,"comment_status":"closed","ping_status":"closed","template":"","meta":{"footnotes":""},"class_list":["post-1403","page","type-page","status-publish"],"_links":{"self":[{"href":"https:\/\/holybodies.uevora.pt\/pt\/wp-json\/wp\/v2\/pages\/1403","targetHints":{"allow":["GET"]}}],"collection":[{"href":"https:\/\/holybodies.uevora.pt\/pt\/wp-json\/wp\/v2\/pages"}],"about":[{"href":"https:\/\/holybodies.uevora.pt\/pt\/wp-json\/wp\/v2\/types\/page"}],"author":[{"embeddable":true,"href":"https:\/\/holybodies.uevora.pt\/pt\/wp-json\/wp\/v2\/users\/3"}],"replies":[{"embeddable":true,"href":"https:\/\/holybodies.uevora.pt\/pt\/wp-json\/wp\/v2\/comments?post=1403"}],"version-history":[{"count":22,"href":"https:\/\/holybodies.uevora.pt\/pt\/wp-json\/wp\/v2\/pages\/1403\/revisions"}],"predecessor-version":[{"id":2654,"href":"https:\/\/holybodies.uevora.pt\/pt\/wp-json\/wp\/v2\/pages\/1403\/revisions\/2654"}],"wp:attachment":[{"href":"https:\/\/holybodies.uevora.pt\/pt\/wp-json\/wp\/v2\/media?parent=1403"}],"curies":[{"name":"wp","href":"https:\/\/api.w.org\/{rel}","templated":true}]}}