{"id":1401,"date":"2024-12-19T17:09:13","date_gmt":"2024-12-19T16:09:13","guid":{"rendered":"https:\/\/holybodies.uevora.pt\/?page_id=1401"},"modified":"2025-04-11T23:26:45","modified_gmt":"2025-04-11T22:26:45","slug":"st-eugenio","status":"publish","type":"page","link":"https:\/\/holybodies.uevora.pt\/pt\/st-eugenio","title":{"rendered":"St Eugenio"},"content":{"rendered":"<h2 class=\"wp-block-heading has-contrast-2-color has-text-color has-link-color has-large-font-size wp-elements-93995b1a4f5fb03b7addc4ee2a4a3b58\" style=\"font-style:normal;font-weight:600;letter-spacing:4px\">St Eug\u00e9nio<\/h2>\n\n\n\n<p><br><\/p>\n\n\n\n<p class=\"has-medium-font-size\">O <em>simulacrum<\/em> de <strong>St Eug\u00e9nio<\/strong> encontra-se no altar da capela lateral da Igreja de St Ant\u00f3nio dos Congregados, no Porto, do lado do Evangelho. O seu nome \u00e9 confirmado por uma pequena cartela em papel, colocada na m\u00e3o esquerda, que o identifica como sendo o nome pr\u00f3prio do santo<br><\/p>\n\n\n\n<p class=\"has-text-align-center has-medium-font-size\">\u201cS\u00b7EUGENIJ M\u00b7 \/ Nomine Proprio\u201d<\/p>\n\n\n\n<p><br><\/p>\n\n\n\n<p class=\"has-medium-font-size\">De acordo com a documenta\u00e7\u00e3o hist\u00f3rica, o <em>simulacrum<\/em>, juntamente com o de St Severino, foi trazido de Roma \u2014 no interior de urnas lavradas \u2014 por ordem do Bispo do Porto, D. Frei Jos\u00e9 Maria da Fonseca \u00c9vora, que posteriormente os ofereceu ao rei D. Jo\u00e3o V.<\/p>\n\n\n\n<p class=\"has-medium-font-size\">A pedido do Padre Domingos Pereira, da Congrega\u00e7\u00e3o do Orat\u00f3rio de Lisboa, os corpos santos foram doados por D. Jo\u00e3o V ao antigo Convento da Congrega\u00e7\u00e3o do Orat\u00f3rio de S\u00e3o Filipe Neri, no Porto, para a\u00ed serem expostos \u00e0 venera\u00e7\u00e3o dos fi\u00e9is.<\/p>\n\n\n\n<p class=\"has-medium-font-size\">Numa carta publicada por Henrique Duarte e Sousa Reis (1999), sabe-se que o envio chegou ao Porto no dia 1 de mar\u00e7o de 1742.<\/p>\n\n\n\n<p><br><br><\/p>\n\n\n\n<div class=\"wp-block-group is-content-justification-center is-nowrap is-layout-flex wp-container-core-group-is-layout-94bc23d7 wp-block-group-is-layout-flex\">\n<figure class=\"wp-block-image size-large is-resized\"><img loading=\"lazy\" decoding=\"async\" width=\"1024\" height=\"685\" src=\"https:\/\/holybodies.uevora.pt\/wp-content\/uploads\/2024\/12\/DSC_0011-1024x685.jpg\" alt=\"\" class=\"wp-image-1492\" style=\"width:507px;height:auto\" srcset=\"https:\/\/holybodies.uevora.pt\/wp-content\/uploads\/2024\/12\/DSC_0011-1024x685.jpg 1024w, https:\/\/holybodies.uevora.pt\/wp-content\/uploads\/2024\/12\/DSC_0011-300x201.jpg 300w, https:\/\/holybodies.uevora.pt\/wp-content\/uploads\/2024\/12\/DSC_0011-768x514.jpg 768w, https:\/\/holybodies.uevora.pt\/wp-content\/uploads\/2024\/12\/DSC_0011-1536x1028.jpg 1536w, https:\/\/holybodies.uevora.pt\/wp-content\/uploads\/2024\/12\/DSC_0011-2048x1371.jpg 2048w, https:\/\/holybodies.uevora.pt\/wp-content\/uploads\/2024\/12\/DSC_0011-18x12.jpg 18w\" sizes=\"auto, (max-width: 1024px) 100vw, 1024px\" \/><\/figure>\n\n\n\n<figure class=\"wp-block-image size-large is-resized\"><img loading=\"lazy\" decoding=\"async\" width=\"768\" height=\"1024\" src=\"https:\/\/holybodies.uevora.pt\/wp-content\/uploads\/2024\/12\/20240617_144719-768x1024.jpg\" alt=\"\" class=\"wp-image-1495\" style=\"width:255px;height:auto\" srcset=\"https:\/\/holybodies.uevora.pt\/wp-content\/uploads\/2024\/12\/20240617_144719-768x1024.jpg 768w, https:\/\/holybodies.uevora.pt\/wp-content\/uploads\/2024\/12\/20240617_144719-225x300.jpg 225w, https:\/\/holybodies.uevora.pt\/wp-content\/uploads\/2024\/12\/20240617_144719-1152x1536.jpg 1152w, https:\/\/holybodies.uevora.pt\/wp-content\/uploads\/2024\/12\/20240617_144719-1536x2048.jpg 1536w, https:\/\/holybodies.uevora.pt\/wp-content\/uploads\/2024\/12\/20240617_144719-9x12.jpg 9w, https:\/\/holybodies.uevora.pt\/wp-content\/uploads\/2024\/12\/20240617_144719-scaled.jpg 1920w\" sizes=\"auto, (max-width: 768px) 100vw, 768px\" \/><\/figure>\n\n\n\n<figure class=\"wp-block-image size-large is-resized\"><img loading=\"lazy\" decoding=\"async\" width=\"768\" height=\"1024\" src=\"https:\/\/holybodies.uevora.pt\/wp-content\/uploads\/2024\/12\/20240617_114243-768x1024.jpg\" alt=\"\" class=\"wp-image-1494\" style=\"width:255px\" srcset=\"https:\/\/holybodies.uevora.pt\/wp-content\/uploads\/2024\/12\/20240617_114243-768x1024.jpg 768w, https:\/\/holybodies.uevora.pt\/wp-content\/uploads\/2024\/12\/20240617_114243-225x300.jpg 225w, https:\/\/holybodies.uevora.pt\/wp-content\/uploads\/2024\/12\/20240617_114243-1152x1536.jpg 1152w, https:\/\/holybodies.uevora.pt\/wp-content\/uploads\/2024\/12\/20240617_114243-1536x2048.jpg 1536w, https:\/\/holybodies.uevora.pt\/wp-content\/uploads\/2024\/12\/20240617_114243-9x12.jpg 9w, https:\/\/holybodies.uevora.pt\/wp-content\/uploads\/2024\/12\/20240617_114243-scaled.jpg 1920w\" sizes=\"auto, (max-width: 768px) 100vw, 768px\" \/><\/figure>\n<\/div>\n\n\n\n<p class=\"has-small-font-size\"><br><br><br><br>Reis, H. D. e S., &amp; BPMP. (1999). Para a verdadeira hist\u00f3ria antiga e moderna da cidade do Porto. In <em>Manuscritos In\u00e9ditos da Biblioteca P\u00fablica Municipal do Porto \u2013 II S\u00e9rie: Vol. IV<\/em>. Biblioteca P\u00fablica Municipal do Porto.<\/p>\n\n\n\n<p><\/p>","protected":false},"excerpt":{"rendered":"<p>St Eug\u00e9nio The simulacrum of St Eug\u00e9nio is housed on the altar of the side chapel of the Igreja de St Ant\u00f3nio dos Congregados, on the Gospel side. Its name is confirmed by a small paper label in its left hand, which identifies it as the saint&#8217;s proper name &#8220;S\u00b7EUGENIJ M\u00b7 \/ Nomine Proprio&#8221; According &#8230; <a title=\"St Eugenio\" class=\"read-more\" href=\"https:\/\/holybodies.uevora.pt\/pt\/st-eugenio\" aria-label=\"Leia mais sobre St Eugenio\">Ler mais<\/a><\/p>","protected":false},"author":3,"featured_media":0,"parent":0,"menu_order":0,"comment_status":"closed","ping_status":"closed","template":"","meta":{"footnotes":""},"class_list":["post-1401","page","type-page","status-publish"],"_links":{"self":[{"href":"https:\/\/holybodies.uevora.pt\/pt\/wp-json\/wp\/v2\/pages\/1401","targetHints":{"allow":["GET"]}}],"collection":[{"href":"https:\/\/holybodies.uevora.pt\/pt\/wp-json\/wp\/v2\/pages"}],"about":[{"href":"https:\/\/holybodies.uevora.pt\/pt\/wp-json\/wp\/v2\/types\/page"}],"author":[{"embeddable":true,"href":"https:\/\/holybodies.uevora.pt\/pt\/wp-json\/wp\/v2\/users\/3"}],"replies":[{"embeddable":true,"href":"https:\/\/holybodies.uevora.pt\/pt\/wp-json\/wp\/v2\/comments?post=1401"}],"version-history":[{"count":24,"href":"https:\/\/holybodies.uevora.pt\/pt\/wp-json\/wp\/v2\/pages\/1401\/revisions"}],"predecessor-version":[{"id":2906,"href":"https:\/\/holybodies.uevora.pt\/pt\/wp-json\/wp\/v2\/pages\/1401\/revisions\/2906"}],"wp:attachment":[{"href":"https:\/\/holybodies.uevora.pt\/pt\/wp-json\/wp\/v2\/media?parent=1401"}],"curies":[{"name":"wp","href":"https:\/\/api.w.org\/{rel}","templated":true}]}}