{"id":1399,"date":"2024-12-19T17:08:56","date_gmt":"2024-12-19T16:08:56","guid":{"rendered":"https:\/\/holybodies.uevora.pt\/?page_id=1399"},"modified":"2025-04-11T23:42:54","modified_gmt":"2025-04-11T22:42:54","slug":"st-vicente","status":"publish","type":"page","link":"https:\/\/holybodies.uevora.pt\/pt\/st-vicente","title":{"rendered":"St Vicente &#8211; Porto"},"content":{"rendered":"<h2 class=\"wp-block-heading has-contrast-2-color has-text-color has-link-color has-large-font-size wp-elements-9fccefdd0faf02311541a456504dc219\" style=\"font-style:normal;font-weight:600;letter-spacing:4px\">St Vicente<\/h2>\n\n\n\n<p><br><\/p>\n\n\n\n<p class=\"has-medium-font-size\">O <em>simulacrum<\/em> de <strong>St Vicente<\/strong> encontra-se na Igreja Paroquial de St Nicolau, na zona ribeirinha do Porto. De acordo com v\u00e1rias estampas religiosas que se conservaram, as rel\u00edquias ter\u00e3o sido trazidas de Roma a 21 de dezembro de 1785, a pedido de Tom\u00e1s de Rocha Pinto (1748-1815) \u2014 comerciante e mordomo da Irmandade do Sant\u00edssimo Sacramento de St Nicolau.<\/p>\n\n\n\n<p class=\"has-medium-font-size\">Carlos de Passos (1935) refere que o <em>simulacrum<\/em> ter\u00e1 chegado originalmente com o nome de St Clemente, mas a popula\u00e7\u00e3o local come\u00e7ou rapidamente a referir-se a ele como St Vicente. As esmolas e a devo\u00e7\u00e3o ao santo foram t\u00e3o expressivas que o nome acabou por se impor e permanecer.<\/p>\n\n\n\n<p class=\"has-medium-font-size\">Atualmente, o simulacro j\u00e1 n\u00e3o \u00e9 objeto de culto.<\/p>\n\n\n\n<p><br><br><\/p>\n\n\n\n<div class=\"wp-block-group is-nowrap is-layout-flex wp-container-core-group-is-layout-ad2f72ca wp-block-group-is-layout-flex\">\n<figure class=\"wp-block-image size-large is-resized\"><img loading=\"lazy\" decoding=\"async\" width=\"1024\" height=\"685\" src=\"https:\/\/holybodies.uevora.pt\/wp-content\/uploads\/2024\/12\/DSC_0148-1024x685.jpg\" alt=\"\" class=\"wp-image-1484\" style=\"width:404px;height:auto\" srcset=\"https:\/\/holybodies.uevora.pt\/wp-content\/uploads\/2024\/12\/DSC_0148-1024x685.jpg 1024w, https:\/\/holybodies.uevora.pt\/wp-content\/uploads\/2024\/12\/DSC_0148-300x201.jpg 300w, https:\/\/holybodies.uevora.pt\/wp-content\/uploads\/2024\/12\/DSC_0148-768x514.jpg 768w, https:\/\/holybodies.uevora.pt\/wp-content\/uploads\/2024\/12\/DSC_0148-1536x1028.jpg 1536w, https:\/\/holybodies.uevora.pt\/wp-content\/uploads\/2024\/12\/DSC_0148-2048x1371.jpg 2048w, https:\/\/holybodies.uevora.pt\/wp-content\/uploads\/2024\/12\/DSC_0148-18x12.jpg 18w\" sizes=\"auto, (max-width: 1024px) 100vw, 1024px\" \/><\/figure>\n\n\n\n<figure class=\"wp-block-image size-large is-resized\"><img loading=\"lazy\" decoding=\"async\" width=\"1024\" height=\"768\" src=\"https:\/\/holybodies.uevora.pt\/wp-content\/uploads\/2024\/12\/IMG-20240618-WA0016-1024x768.jpg\" alt=\"\" class=\"wp-image-1485\" style=\"width:360px;height:auto\" srcset=\"https:\/\/holybodies.uevora.pt\/wp-content\/uploads\/2024\/12\/IMG-20240618-WA0016-1024x768.jpg 1024w, https:\/\/holybodies.uevora.pt\/wp-content\/uploads\/2024\/12\/IMG-20240618-WA0016-300x225.jpg 300w, https:\/\/holybodies.uevora.pt\/wp-content\/uploads\/2024\/12\/IMG-20240618-WA0016-768x576.jpg 768w, https:\/\/holybodies.uevora.pt\/wp-content\/uploads\/2024\/12\/IMG-20240618-WA0016-1536x1152.jpg 1536w, https:\/\/holybodies.uevora.pt\/wp-content\/uploads\/2024\/12\/IMG-20240618-WA0016-16x12.jpg 16w, https:\/\/holybodies.uevora.pt\/wp-content\/uploads\/2024\/12\/IMG-20240618-WA0016.jpg 2000w\" sizes=\"auto, (max-width: 1024px) 100vw, 1024px\" \/><\/figure>\n\n\n\n<figure class=\"wp-block-image size-large is-resized\"><img loading=\"lazy\" decoding=\"async\" width=\"1024\" height=\"685\" src=\"https:\/\/holybodies.uevora.pt\/wp-content\/uploads\/2024\/12\/DSC_0031-1024x685.jpg\" alt=\"\" class=\"wp-image-1486\" style=\"width:404px;height:auto\" srcset=\"https:\/\/holybodies.uevora.pt\/wp-content\/uploads\/2024\/12\/DSC_0031-1024x685.jpg 1024w, https:\/\/holybodies.uevora.pt\/wp-content\/uploads\/2024\/12\/DSC_0031-300x201.jpg 300w, https:\/\/holybodies.uevora.pt\/wp-content\/uploads\/2024\/12\/DSC_0031-768x514.jpg 768w, https:\/\/holybodies.uevora.pt\/wp-content\/uploads\/2024\/12\/DSC_0031-1536x1028.jpg 1536w, https:\/\/holybodies.uevora.pt\/wp-content\/uploads\/2024\/12\/DSC_0031-2048x1371.jpg 2048w, https:\/\/holybodies.uevora.pt\/wp-content\/uploads\/2024\/12\/DSC_0031-18x12.jpg 18w\" sizes=\"auto, (max-width: 1024px) 100vw, 1024px\" \/><\/figure>\n<\/div>\n\n\n\n<p class=\"has-small-font-size\"><br><br><br>Passos, C. de. (1935). <em>Guia hist\u00f3rica e art\u00edstica do Porto<\/em>. Casa Editora de A. Figueirinhas, Lda.<\/p>","protected":false},"excerpt":{"rendered":"<p>St Vicente The simulacrum of St Vicente is located in Igreja Paroquial de St Nicolau, in Porto&#8217;s riverside area. According to various surviving religious prints, the relics were brought from Rome on December 21, 1785, at the request of Tom\u00e1s de Rocha Pinto (1748-1815)\u2014a merchant and steward of the Brotherhood of the Blessed Sacrament of &#8230; <a title=\"St Vicente &#8211; Porto\" class=\"read-more\" href=\"https:\/\/holybodies.uevora.pt\/pt\/st-vicente\" aria-label=\"Leia mais sobre St Vicente &#8211; Porto\">Ler mais<\/a><\/p>","protected":false},"author":3,"featured_media":0,"parent":0,"menu_order":0,"comment_status":"closed","ping_status":"closed","template":"","meta":{"footnotes":""},"class_list":["post-1399","page","type-page","status-publish"],"_links":{"self":[{"href":"https:\/\/holybodies.uevora.pt\/pt\/wp-json\/wp\/v2\/pages\/1399","targetHints":{"allow":["GET"]}}],"collection":[{"href":"https:\/\/holybodies.uevora.pt\/pt\/wp-json\/wp\/v2\/pages"}],"about":[{"href":"https:\/\/holybodies.uevora.pt\/pt\/wp-json\/wp\/v2\/types\/page"}],"author":[{"embeddable":true,"href":"https:\/\/holybodies.uevora.pt\/pt\/wp-json\/wp\/v2\/users\/3"}],"replies":[{"embeddable":true,"href":"https:\/\/holybodies.uevora.pt\/pt\/wp-json\/wp\/v2\/comments?post=1399"}],"version-history":[{"count":23,"href":"https:\/\/holybodies.uevora.pt\/pt\/wp-json\/wp\/v2\/pages\/1399\/revisions"}],"predecessor-version":[{"id":2907,"href":"https:\/\/holybodies.uevora.pt\/pt\/wp-json\/wp\/v2\/pages\/1399\/revisions\/2907"}],"wp:attachment":[{"href":"https:\/\/holybodies.uevora.pt\/pt\/wp-json\/wp\/v2\/media?parent=1399"}],"curies":[{"name":"wp","href":"https:\/\/api.w.org\/{rel}","templated":true}]}}