{"id":1397,"date":"2024-12-19T17:08:37","date_gmt":"2024-12-19T16:08:37","guid":{"rendered":"https:\/\/holybodies.uevora.pt\/?page_id=1397"},"modified":"2025-04-11T22:55:48","modified_gmt":"2025-04-11T21:55:48","slug":"st-clemente","status":"publish","type":"page","link":"https:\/\/holybodies.uevora.pt\/pt\/st-clemente","title":{"rendered":"St Clemente"},"content":{"rendered":"<h2 class=\"wp-block-heading has-contrast-2-color has-text-color has-link-color has-large-font-size wp-elements-41005f37c24a3071ecea6ecff7d47ca7\" style=\"font-style:normal;font-weight:600;letter-spacing:4px\">St Clemente<\/h2>\n\n\n\n<p><br><\/p>\n\n\n\n<p class=\"has-medium-font-size\"><strong>St Clemente<\/strong> \u00e9 um dos tr\u00eas simulacros existentes na Igreja de St Ant\u00f3nio dos Congregados, antigo Convento da Congrega\u00e7\u00e3o do Orat\u00f3rio de St Filipe Neri, no Porto.<\/p>\n\n\n\n<p class=\"has-medium-font-size\">O documento oficial de autentica\u00e7\u00e3o, assinado em 1782 pelo Bispo de Porf\u00edrio e Sacrist\u00e3o do Pal\u00e1cio Apost\u00f3lico, Frei Francesco Saverio Cristiani, confirma que os restos mortais foram exumados da Catacumba de Ciriaca e enviados juntamente com um vaso contendo o seu sangue.<\/p>\n\n\n\n<p><br><br><\/p>\n\n\n\n<div class=\"wp-block-group is-content-justification-center is-nowrap is-layout-flex wp-container-core-group-is-layout-94bc23d7 wp-block-group-is-layout-flex\">\n<figure class=\"wp-block-image size-large is-resized\"><img loading=\"lazy\" decoding=\"async\" width=\"1024\" height=\"768\" src=\"https:\/\/holybodies.uevora.pt\/wp-content\/uploads\/2024\/12\/20240617_161123-1024x768.jpg\" alt=\"\" class=\"wp-image-1471\" style=\"width:403px;height:auto\" srcset=\"https:\/\/holybodies.uevora.pt\/wp-content\/uploads\/2024\/12\/20240617_161123-1024x768.jpg 1024w, https:\/\/holybodies.uevora.pt\/wp-content\/uploads\/2024\/12\/20240617_161123-300x225.jpg 300w, https:\/\/holybodies.uevora.pt\/wp-content\/uploads\/2024\/12\/20240617_161123-768x576.jpg 768w, https:\/\/holybodies.uevora.pt\/wp-content\/uploads\/2024\/12\/20240617_161123-1536x1152.jpg 1536w, https:\/\/holybodies.uevora.pt\/wp-content\/uploads\/2024\/12\/20240617_161123-2048x1536.jpg 2048w, https:\/\/holybodies.uevora.pt\/wp-content\/uploads\/2024\/12\/20240617_161123-16x12.jpg 16w\" sizes=\"auto, (max-width: 1024px) 100vw, 1024px\" \/><\/figure>\n\n\n\n<figure class=\"wp-block-image size-large is-resized\"><img loading=\"lazy\" decoding=\"async\" width=\"768\" height=\"1024\" src=\"https:\/\/holybodies.uevora.pt\/wp-content\/uploads\/2024\/12\/20240617_161104-768x1024.jpg\" alt=\"\" class=\"wp-image-1474\" style=\"width:228px\" srcset=\"https:\/\/holybodies.uevora.pt\/wp-content\/uploads\/2024\/12\/20240617_161104-768x1024.jpg 768w, https:\/\/holybodies.uevora.pt\/wp-content\/uploads\/2024\/12\/20240617_161104-225x300.jpg 225w, https:\/\/holybodies.uevora.pt\/wp-content\/uploads\/2024\/12\/20240617_161104-1152x1536.jpg 1152w, https:\/\/holybodies.uevora.pt\/wp-content\/uploads\/2024\/12\/20240617_161104-1536x2048.jpg 1536w, https:\/\/holybodies.uevora.pt\/wp-content\/uploads\/2024\/12\/20240617_161104-9x12.jpg 9w, https:\/\/holybodies.uevora.pt\/wp-content\/uploads\/2024\/12\/20240617_161104-scaled.jpg 1920w\" sizes=\"auto, (max-width: 768px) 100vw, 768px\" \/><\/figure>\n\n\n\n<figure class=\"wp-block-image size-large is-resized\"><img loading=\"lazy\" decoding=\"async\" width=\"768\" height=\"1024\" src=\"https:\/\/holybodies.uevora.pt\/wp-content\/uploads\/2024\/12\/20240617_160924-768x1024.jpg\" alt=\"\" class=\"wp-image-1473\" style=\"width:228px\" srcset=\"https:\/\/holybodies.uevora.pt\/wp-content\/uploads\/2024\/12\/20240617_160924-768x1024.jpg 768w, https:\/\/holybodies.uevora.pt\/wp-content\/uploads\/2024\/12\/20240617_160924-225x300.jpg 225w, https:\/\/holybodies.uevora.pt\/wp-content\/uploads\/2024\/12\/20240617_160924-1152x1536.jpg 1152w, https:\/\/holybodies.uevora.pt\/wp-content\/uploads\/2024\/12\/20240617_160924-1536x2048.jpg 1536w, https:\/\/holybodies.uevora.pt\/wp-content\/uploads\/2024\/12\/20240617_160924-9x12.jpg 9w, https:\/\/holybodies.uevora.pt\/wp-content\/uploads\/2024\/12\/20240617_160924-scaled.jpg 1920w\" sizes=\"auto, (max-width: 768px) 100vw, 768px\" \/><\/figure>\n\n\n\n<figure class=\"wp-block-image size-large is-resized\"><img loading=\"lazy\" decoding=\"async\" width=\"768\" height=\"1024\" src=\"https:\/\/holybodies.uevora.pt\/wp-content\/uploads\/2024\/12\/20240617_160901-768x1024.jpg\" alt=\"\" class=\"wp-image-1472\" style=\"width:228px;height:auto\" srcset=\"https:\/\/holybodies.uevora.pt\/wp-content\/uploads\/2024\/12\/20240617_160901-768x1024.jpg 768w, https:\/\/holybodies.uevora.pt\/wp-content\/uploads\/2024\/12\/20240617_160901-225x300.jpg 225w, https:\/\/holybodies.uevora.pt\/wp-content\/uploads\/2024\/12\/20240617_160901-1152x1536.jpg 1152w, https:\/\/holybodies.uevora.pt\/wp-content\/uploads\/2024\/12\/20240617_160901-1536x2048.jpg 1536w, https:\/\/holybodies.uevora.pt\/wp-content\/uploads\/2024\/12\/20240617_160901-9x12.jpg 9w, https:\/\/holybodies.uevora.pt\/wp-content\/uploads\/2024\/12\/20240617_160901-scaled.jpg 1920w\" sizes=\"auto, (max-width: 768px) 100vw, 768px\" \/><\/figure>\n<\/div>\n\n\n\n<p><\/p>","protected":false},"excerpt":{"rendered":"<p>St Clemente St Clemente is one of the three simulacra housed in the Igreja de St Ant\u00f3nio dos Congregados, formely part of the Convent of the Congregation of the Oratory of St Philip Neri in Porto. The oficial authentication document, signed in 1782, by the Bishop of Porphyry and Sacristan of the Apostolic Palace, Fr. &#8230; <a title=\"St Clemente\" class=\"read-more\" href=\"https:\/\/holybodies.uevora.pt\/pt\/st-clemente\" aria-label=\"Leia mais sobre St Clemente\">Ler mais<\/a><\/p>","protected":false},"author":3,"featured_media":0,"parent":0,"menu_order":0,"comment_status":"closed","ping_status":"closed","template":"","meta":{"footnotes":""},"class_list":["post-1397","page","type-page","status-publish"],"_links":{"self":[{"href":"https:\/\/holybodies.uevora.pt\/pt\/wp-json\/wp\/v2\/pages\/1397","targetHints":{"allow":["GET"]}}],"collection":[{"href":"https:\/\/holybodies.uevora.pt\/pt\/wp-json\/wp\/v2\/pages"}],"about":[{"href":"https:\/\/holybodies.uevora.pt\/pt\/wp-json\/wp\/v2\/types\/page"}],"author":[{"embeddable":true,"href":"https:\/\/holybodies.uevora.pt\/pt\/wp-json\/wp\/v2\/users\/3"}],"replies":[{"embeddable":true,"href":"https:\/\/holybodies.uevora.pt\/pt\/wp-json\/wp\/v2\/comments?post=1397"}],"version-history":[{"count":17,"href":"https:\/\/holybodies.uevora.pt\/pt\/wp-json\/wp\/v2\/pages\/1397\/revisions"}],"predecessor-version":[{"id":2902,"href":"https:\/\/holybodies.uevora.pt\/pt\/wp-json\/wp\/v2\/pages\/1397\/revisions\/2902"}],"wp:attachment":[{"href":"https:\/\/holybodies.uevora.pt\/pt\/wp-json\/wp\/v2\/media?parent=1397"}],"curies":[{"name":"wp","href":"https:\/\/api.w.org\/{rel}","templated":true}]}}